{"id":11392,"date":"2022-10-18T10:35:29","date_gmt":"2022-10-18T10:35:29","guid":{"rendered":"https:\/\/cabb-chemicals.com\/?page_id=11392"},"modified":"2022-10-26T22:15:20","modified_gmt":"2022-10-26T22:15:20","slug":"in-den-news","status":"publish","type":"page","link":"https:\/\/cabb-chemicals.com\/de\/medien\/in-den-news\/","title":{"rendered":"In den News"},"content":{"rendered":"<p><div class=\"fusion-fullwidth fullwidth-box fusion-builder-row-1 fusion-flex-container nonhundred-percent-fullwidth non-hundred-percent-height-scrolling\" style=\"background-color: #f9f9f9;background-position: center center;background-repeat: no-repeat;border-width: 0px 0px 0px 0px;border-color:#e2e2e2;border-style:solid;\" ><div class=\"fusion-builder-row fusion-row fusion-flex-align-items-flex-start\" style=\"max-width:1144px;margin-left: calc(-4% \/ 2 );margin-right: calc(-4% \/ 2 );\"><div class=\"fusion-layout-column fusion_builder_column fusion-builder-column-0 fusion_builder_column_1_1 1_1 fusion-flex-column\"><div class=\"fusion-column-wrapper fusion-flex-justify-content-flex-start fusion-content-layout-column\" style=\"background-position:left top;background-repeat:no-repeat;-webkit-background-size:cover;-moz-background-size:cover;-o-background-size:cover;background-size:cover;padding: 0px 0px 0px 0px;\"><style type=\"text\/css\">.fusion-breadcrumbs.fusion-breadcrumbs-1{font-size:14px;}.fusion-breadcrumbs.fusion-breadcrumbs-1 span a:hover{color:#d50b37 !important;}.fusion-breadcrumbs.fusion-breadcrumbs-1{color:#002860;}.fusion-breadcrumbs.fusion-breadcrumbs-1 a{color:#002860;}<\/style><div class=\"fusion-breadcrumbs fusion-breadcrumbs-1\"><span class=\"fusion-breadcrumb-item\"><a href=\"https:\/\/cabb-chemicals.com\/de\/\" class=\"fusion-breadcrumb-link\"><span >Home<\/span><\/a><\/span><span class=\"fusion-breadcrumb-sep\">&gt;<\/span><\/div><\/div><style type=\"text\/css\">.fusion-body .fusion-builder-column-0{width:100% !important;margin-top : 0px;margin-bottom : 0px;}.fusion-builder-column-0 > .fusion-column-wrapper {padding-top : 0px !important;padding-right : 0px !important;margin-right : 1.92%;padding-bottom : 0px !important;padding-left : 0px !important;margin-left : 1.92%;}@media only screen and (max-width:1024px) {.fusion-body .fusion-builder-column-0{width:100% !important;order : 0;}.fusion-builder-column-0 > .fusion-column-wrapper {margin-right : 1.92%;margin-left : 1.92%;}}@media only screen and (max-width:640px) {.fusion-body .fusion-builder-column-0{width:100% !important;order : 0;}.fusion-builder-column-0 > .fusion-column-wrapper {margin-right : 1.92%;margin-left : 1.92%;}}<\/style><\/div><\/div><style type=\"text\/css\">.fusion-body .fusion-flex-container.fusion-builder-row-1{ padding-top : 10px;margin-top : 0px;padding-right : 0px;padding-bottom : 10px;margin-bottom : 0px;padding-left : 0px;}<\/style><\/div>\n<div class=\"fusion-fullwidth fullwidth-box fusion-builder-row-2 fusion-flex-container nonhundred-percent-fullwidth non-hundred-percent-height-scrolling\" style=\"background-color: rgba(255,255,255,0);background-position: center center;background-repeat: no-repeat;border-width: 0px 0px 0px 0px;border-color:#e2e2e2;border-style:solid;\" ><div class=\"fusion-builder-row fusion-row fusion-flex-align-items-flex-start\" style=\"max-width:1144px;margin-left: calc(-4% \/ 2 );margin-right: calc(-4% \/ 2 );\"><div class=\"fusion-layout-column fusion_builder_column fusion-builder-column-1 fusion_builder_column_1_1 1_1 fusion-flex-column\"><div class=\"fusion-column-wrapper fusion-flex-justify-content-flex-start fusion-content-layout-column\" style=\"background-position:left top;background-repeat:no-repeat;-webkit-background-size:cover;-moz-background-size:cover;-o-background-size:cover;background-size:cover;padding: 0px 0px 0px 0px;\"><div class=\"fusion-blog-shortcode fusion-blog-shortcode-1 fusion-blog-archive fusion-blog-layout-medium fusion-blog-infinite\"><div class=\"fusion-posts-container fusion-posts-container-infinite fusion-posts-container-load-more fusion-no-meta-info fusion-blog-rollover\" data-pages=\"1\"><article id=\"blog-1-post-11380\" class=\"fusion-post-medium post-11380 post type-post status-publish format-standard has-post-thumbnail hentry category-news-de\">\n\t<style type=\"text\/css\">\n\t\t\n\t\t\n\t\t\n\t\t\n\t\t\t<\/style>\n\n\n\t\t\t<div class=\"fusion-flexslider flexslider fusion-flexslider-loading fusion-post-slideshow\" style=\"\">\n\t\t<ul class=\"slides\">\n\t\t\t\n\t\t\t\t\t\t\t\t\t\t\t\t\t\t<li><div  class=\"fusion-image-wrapper fusion-image-size-fixed\" aria-haspopup=\"true\">\n\t\t\t\t<img decoding=\"async\" width=\"320\" height=\"202\" src=\"https:\/\/cabb-chemicals.com\/wp-content\/uploads\/2022\/10\/Valerie_Diele_Braun-320x202.jpg\" class=\"attachment-blog-medium size-blog-medium wp-post-image\" alt=\"\" srcset=\"https:\/\/cabb-chemicals.com\/wp-content\/uploads\/2022\/10\/Valerie_Diele_Braun-320x202.jpg 320w, https:\/\/cabb-chemicals.com\/wp-content\/uploads\/2022\/10\/Valerie_Diele_Braun-700x441.jpg 700w\" sizes=\"(max-width: 320px) 100vw, 320px\" \/><div class=\"fusion-rollover\">\n\t<div class=\"fusion-rollover-content\">\n\n\t\t\t\t\t\t\t\t\t\t\t\t\t\t<a class=\"fusion-rollover-link\" href=\"https:\/\/cabb-chemicals.com\/de\/das-russische-gas-war-wie-eine-droge-fuer-die-firmen\/\">Das russische Gas war wie eine Droge f\u00fcr die Firmen<\/a>\n\t\t\t\n\t\t\t\t\t\t\t\t\t\t\t\t\t\t\n\t\t\t\t\t\t\t\t\n\t\t\t\t\t\t\t\t\t\t\t\t\t<div class=\"fusion-rollover-sep\"><\/div>\n\t\t\t\t\n\t\t\t\t\t\t\t\t\t\t\t\t\t\t\t\t\t\t<a class=\"fusion-rollover-gallery\" href=\"https:\/\/cabb-chemicals.com\/wp-content\/uploads\/2022\/10\/Valerie_Diele_Braun.jpg\" data-id=\"11380\" data-rel=\"iLightbox[gallery]\" data-title=\"Valerie_Diele_Braun\" data-caption=\"\">\n\t\t\t\t\t\tGallery\t\t\t\t\t<\/a>\n\t\t\t\t\t\t\t\t\t\t\t\t\t\t\n\t\t\n\t\t\t\t\t\t\t\t\t\t\t\t<h4 class=\"fusion-rollover-title\">\n\t\t\t\t\t<a class=\"fusion-rollover-title-link\" href=\"https:\/\/cabb-chemicals.com\/de\/das-russische-gas-war-wie-eine-droge-fuer-die-firmen\/\">\n\t\t\t\t\t\tDas russische Gas war wie eine Droge f\u00fcr die Firmen\t\t\t\t\t<\/a>\n\t\t\t\t<\/h4>\n\t\t\t\n\t\t\t\t\t\t\t\t\t\t<div class=\"fusion-rollover-categories\"><a href=\"https:\/\/cabb-chemicals.com\/de\/category\/news-de\/\" rel=\"tag\">In den News<\/a><\/div>\t\t\t\t\t\n\t\t\n\t\t\t\t\t\t<a class=\"fusion-link-wrapper\" href=\"https:\/\/cabb-chemicals.com\/de\/das-russische-gas-war-wie-eine-droge-fuer-die-firmen\/\" aria-label=\"Das russische Gas war wie eine Droge f\u00fcr die Firmen\"><\/a>\n\t<\/div>\n<\/div>\n<\/div>\n<\/li>\n\t\t\t\n\t\t\t\n\t\t\t\t\t\t\t\t\t\t\t\t\t\t\t\t\t\t\t\t\t\t\t\t\t\t\t\t\t\t\t\t\t\t\t\t\t\t\t\t\t\t\t\t\t\t\t\t\t\t\t\t\t\t\t\t\t\t\t\t\t\t\t\t\t\t\t\t<\/ul>\n\t<\/div>\n\t<div class=\"fusion-post-content post-content\"><h2 class=\"blog-shortcode-post-title entry-title\">Das russische Gas war wie eine Droge f\u00fcr die Firmen<\/h2><div class=\"fusion-post-content-container\"><p>Energiekrise, Zwischen\u00adf\u00e4lle in Schweizer\u00adhalle, Nach\u00adhaltigkeit: Valerie Diele-Braun, CEO des Chemie\u00adkonzerns CABB, im Inter\u00adview.<\/p>\n<p>Wirtschaftskammer beider Basel, 17.08.2022, hier geht es <a href=\"https:\/\/main.podigee-cdn.net\/media\/podcast_50976_wirtschaft_on_air_episode_845474_cabb_ceo_valerie_diele_braun_die_energiekrise_ist_das_versagen_aller_stakeholder.mp3?v=1660716129&amp;source=webplayer-download\" target=\"_blank\" rel=\"noopener\">zum Podcast<\/a><\/p>\n<\/div><\/div><div class=\"fusion-clearfix\"><\/div><\/article>\n<article id=\"blog-1-post-11383\" class=\"fusion-post-medium post-11383 post type-post status-publish format-standard has-post-thumbnail hentry category-news-de\">\n\t<style type=\"text\/css\">\n\t\t\n\t\t\n\t\t\n\t\t\n\t\t\t<\/style>\n\n\n\t\t\t<div class=\"fusion-flexslider flexslider fusion-flexslider-loading fusion-post-slideshow\" style=\"\">\n\t\t<ul class=\"slides\">\n\t\t\t\n\t\t\t\t\t\t\t\t\t\t\t\t\t\t<li><div  class=\"fusion-image-wrapper fusion-image-size-fixed\" aria-haspopup=\"true\">\n\t\t\t\t<img decoding=\"async\" width=\"320\" height=\"202\" src=\"https:\/\/cabb-chemicals.com\/wp-content\/uploads\/2022\/07\/cabb2-320x202.jpg\" class=\"attachment-blog-medium size-blog-medium wp-post-image\" alt=\"\" srcset=\"https:\/\/cabb-chemicals.com\/wp-content\/uploads\/2022\/07\/cabb2-320x202.jpg 320w, https:\/\/cabb-chemicals.com\/wp-content\/uploads\/2022\/07\/cabb2-700x441.jpg 700w\" sizes=\"(max-width: 320px) 100vw, 320px\" \/><div class=\"fusion-rollover\">\n\t<div class=\"fusion-rollover-content\">\n\n\t\t\t\t\t\t\t\t\t\t\t\t\t\t<a class=\"fusion-rollover-link\" href=\"https:\/\/cabb-chemicals.com\/de\/notstromaggregate-umstellung-auf-fluessiggas-neue-schichtplaene-die-schweizer-industrie-wappnet-sich-gegen-luecken-in-der-strom-und-gasversorgung\/\">Notstromaggregate, Umstellung auf Fl\u00fcssiggas, neue Schichtpl\u00e4ne: Die Schweizer Industrie wappnet sich gegen L\u00fccken in der Strom- und Gasversorgung<\/a>\n\t\t\t\n\t\t\t\t\t\t\t\t\t\t\t\t\t\t\n\t\t\t\t\t\t\t\t\n\t\t\t\t\t\t\t\t\t\t\t\t\t<div class=\"fusion-rollover-sep\"><\/div>\n\t\t\t\t\n\t\t\t\t\t\t\t\t\t\t\t\t\t\t\t\t\t\t<a class=\"fusion-rollover-gallery\" href=\"https:\/\/cabb-chemicals.com\/wp-content\/uploads\/2022\/07\/cabb2.jpg\" data-id=\"11383\" data-rel=\"iLightbox[gallery]\" data-title=\"cabb2\" data-caption=\"\">\n\t\t\t\t\t\tGallery\t\t\t\t\t<\/a>\n\t\t\t\t\t\t\t\t\t\t\t\t\t\t\n\t\t\n\t\t\t\t\t\t\t\t\t\t\t\t<h4 class=\"fusion-rollover-title\">\n\t\t\t\t\t<a class=\"fusion-rollover-title-link\" href=\"https:\/\/cabb-chemicals.com\/de\/notstromaggregate-umstellung-auf-fluessiggas-neue-schichtplaene-die-schweizer-industrie-wappnet-sich-gegen-luecken-in-der-strom-und-gasversorgung\/\">\n\t\t\t\t\t\tNotstromaggregate, Umstellung auf Fl\u00fcssiggas, neue Schichtpl\u00e4ne: Die Schweizer Industrie wappnet sich gegen L\u00fccken in der Strom- und Gasversorgung\t\t\t\t\t<\/a>\n\t\t\t\t<\/h4>\n\t\t\t\n\t\t\t\t\t\t\t\t\t\t<div class=\"fusion-rollover-categories\"><a href=\"https:\/\/cabb-chemicals.com\/de\/category\/news-de\/\" rel=\"tag\">In den News<\/a><\/div>\t\t\t\t\t\n\t\t\n\t\t\t\t\t\t<a class=\"fusion-link-wrapper\" href=\"https:\/\/cabb-chemicals.com\/de\/notstromaggregate-umstellung-auf-fluessiggas-neue-schichtplaene-die-schweizer-industrie-wappnet-sich-gegen-luecken-in-der-strom-und-gasversorgung\/\" aria-label=\"Notstromaggregate, Umstellung auf Fl\u00fcssiggas, neue Schichtpl\u00e4ne: Die Schweizer Industrie wappnet sich gegen L\u00fccken in der Strom- und Gasversorgung\"><\/a>\n\t<\/div>\n<\/div>\n<\/div>\n<\/li>\n\t\t\t\n\t\t\t\n\t\t\t\t\t\t\t\t\t\t\t\t\t\t\t\t\t\t\t\t\t\t\t\t\t\t\t\t\t\t\t\t\t\t\t\t\t\t\t\t\t\t\t\t\t\t\t\t\t\t\t\t\t\t\t\t\t\t\t\t\t\t\t\t\t\t\t\t<\/ul>\n\t<\/div>\n\t<div class=\"fusion-post-content post-content\"><h2 class=\"blog-shortcode-post-title entry-title\">Notstromaggregate, Umstellung auf Fl\u00fcssiggas, neue Schichtpl\u00e4ne: Die Schweizer Industrie wappnet sich gegen L\u00fccken in der Strom- und Gasversorgung<\/h2><div class=\"fusion-post-content-container\"><p><span id=\"page2R_mcid8\" class=\"markedContent\"><span dir=\"ltr\" role=\"presentation\">Die Anzeichen verdichten sich, dass Erdgas und Strom ab dem kommenden<\/span><\/span><span id=\"page2R_mcid9\" class=\"markedContent\"> <span dir=\"ltr\" role=\"presentation\">Herbst knapp werden k\u00f6nnten. Industrieunternehmen brauchen in der<\/span><\/span><span id=\"page2R_mcid10\" class=\"markedContent\"> <span dir=\"ltr\" role=\"presentation\">Regel viel Energie, doch hil<\/span><span class=\"markedContent\"><span dir=\"ltr\" role=\"presentation\">fl<\/span><\/span><span dir=\"ltr\" role=\"presentation\">os sind sie einer m\u00f6glichen Mangellage nicht <\/span><\/span><span id=\"page2R_mcid11\" class=\"markedContent\"><span dir=\"ltr\" role=\"presentation\">ausgesetzt.<\/span><\/span><\/p>\n<p><span id=\"page2R_mcid11\" class=\"markedContent\"><span dir=\"ltr\" role=\"presentation\">NZZ, 03.07.2022, <a href=\"https:\/\/www.nzz.ch\/wirtschaft\/notstromaggregate-umstellung-auf-fluessiggas-neue-schichtplaene-die-schweizer-industrie-wappnet-sich-gegen-einbrueche-in-der-strom-und-gasversorgung-ld.1691865?reduced=true\" target=\"_blank\" rel=\"noopener\">zum Artikel<\/a><br \/>\n<\/span><\/span><\/p>\n<\/div><\/div><div class=\"fusion-clearfix\"><\/div><\/article>\n<article id=\"blog-1-post-11388\" class=\"fusion-post-medium post-11388 post type-post status-publish format-standard has-post-thumbnail hentry category-news-de\">\n\t<style type=\"text\/css\">\n\t\t\n\t\t\n\t\t\n\t\t\n\t\t\t<\/style>\n\n\n\t\t\t<div class=\"fusion-flexslider flexslider fusion-flexslider-loading fusion-post-slideshow\" style=\"\">\n\t\t<ul class=\"slides\">\n\t\t\t\n\t\t\t\t\t\t\t\t\t\t\t\t\t\t<li><div  class=\"fusion-image-wrapper fusion-image-size-fixed\" aria-haspopup=\"true\">\n\t\t\t\t<img decoding=\"async\" width=\"320\" height=\"202\" src=\"https:\/\/cabb-chemicals.com\/wp-content\/uploads\/2021\/11\/Elektrolyse-06_2-320x202.jpg\" class=\"attachment-blog-medium size-blog-medium wp-post-image\" alt=\"\" srcset=\"https:\/\/cabb-chemicals.com\/wp-content\/uploads\/2021\/11\/Elektrolyse-06_2-320x202.jpg 320w, https:\/\/cabb-chemicals.com\/wp-content\/uploads\/2021\/11\/Elektrolyse-06_2-700x441.jpg 700w\" sizes=\"(max-width: 320px) 100vw, 320px\" \/><div class=\"fusion-rollover\">\n\t<div class=\"fusion-rollover-content\">\n\n\t\t\t\t\n\t\t\n\t\t\t\t\t\t\t\t\t\t\t\t<h4 class=\"fusion-rollover-title\">\n\t\t\t\t\t<a class=\"fusion-rollover-title-link\" href=\"https:\/\/cabb-chemicals.com\/de\/bald-produktionsausfaelle-unternehmen-fuerchten-die-stromsanktionierung\/\">\n\t\t\t\t\t\tBald Produktionsausf\u00e4lle? Unternehmen f\u00fcrchten die Stromsanktionierung\t\t\t\t\t<\/a>\n\t\t\t\t<\/h4>\n\t\t\t\n\t\t\t\t\t\t\t\t\t\t<div class=\"fusion-rollover-categories\"><a href=\"https:\/\/cabb-chemicals.com\/de\/category\/news-de\/\" rel=\"tag\">In den News<\/a><\/div>\t\t\t\t\t\n\t\t\n\t\t\t\t\t\t<a class=\"fusion-link-wrapper\" href=\"https:\/\/cabb-chemicals.com\/de\/bald-produktionsausfaelle-unternehmen-fuerchten-die-stromsanktionierung\/\" aria-label=\"Bald Produktionsausf\u00e4lle? Unternehmen f\u00fcrchten die Stromsanktionierung\"><\/a>\n\t<\/div>\n<\/div>\n<\/div>\n<\/li>\n\t\t\t\n\t\t\t\n\t\t\t\t\t\t\t\t\t\t\t\t\t\t\t\t\t\t\t\t\t\t\t\t\t\t\t\t\t\t\t\t\t\t\t\t\t\t\t\t\t\t\t\t\t\t\t\t\t\t\t\t\t\t\t\t\t\t\t\t\t\t\t\t\t\t\t\t<\/ul>\n\t<\/div>\n\t<div class=\"fusion-post-content post-content\"><h2 class=\"blog-shortcode-post-title entry-title\">Bald Produktionsausf\u00e4lle? Unternehmen f\u00fcrchten die Stromsanktionierung<\/h2><div class=\"fusion-post-content-container\"><p>Der Bund l\u00e4sst die Firmen im Unklaren dar\u00fcber, wer als Erste aus dem Netz geworfen wird. Das k\u00f6nnte gravierende Folgen haben.<\/p>\n<p>Handelszeitung 29.06.2022, <a href=\"https:\/\/www.handelszeitung.ch\/unternehmen\/bald-produktionsausfalle-unternehmen-furchten-die-stromsanktionierung#:~:text=Unternehmen%20f%C3%BCrchten%20die%20Stromsanktionierung,-Lesezeit%3A%204%20Minuten&amp;text=Chemikalienlager%20von%20Cabb%20Chemicals%3A%20In,Essigs%C3%A4uren%20f%C3%BCr%20die%20Industrie%20hergestellt.&amp;text=Der%20Bund%20l%C3%A4sst%20die%20Firmen,aus%20dem%20Netz%20geworfen%20wird\" target=\"_blank\" rel=\"noopener\">zum Artikel<\/a><\/p>\n<\/div><\/div><div class=\"fusion-clearfix\"><\/div><\/article>\n<\/div><\/div><\/div><style type=\"text\/css\">.fusion-body .fusion-builder-column-1{width:100% !important;margin-top : 0px;margin-bottom : 20px;}.fusion-builder-column-1 > .fusion-column-wrapper {padding-top : 0px !important;padding-right : 0px !important;margin-right : 1.92%;padding-bottom : 0px !important;padding-left : 0px !important;margin-left : 1.92%;}@media only screen and (max-width:1024px) {.fusion-body .fusion-builder-column-1{width:100% !important;order : 0;}.fusion-builder-column-1 > .fusion-column-wrapper {margin-right : 1.92%;margin-left : 1.92%;}}@media only screen and (max-width:640px) {.fusion-body .fusion-builder-column-1{width:100% !important;order : 0;}.fusion-builder-column-1 > .fusion-column-wrapper {margin-right : 1.92%;margin-left : 1.92%;}}<\/style><\/div><\/div><style type=\"text\/css\">.fusion-body .fusion-flex-container.fusion-builder-row-2{ padding-top : 0px;margin-top : 40px;padding-right : 0px;padding-bottom : 0px;margin-bottom : 0px;padding-left : 0px;}<\/style><\/div><div class=\"fusion-fullwidth fullwidth-box fusion-builder-row-3 fusion-flex-container nonhundred-percent-fullwidth non-hundred-percent-height-scrolling\" style=\"background-color: rgba(255,255,255,0);background-position: center center;background-repeat: no-repeat;border-width: 0px 0px 0px 0px;border-color:#e2e2e2;border-style:solid;\" ><div class=\"fusion-builder-row fusion-row fusion-flex-align-items-flex-start\" style=\"max-width:1144px;margin-left: calc(-4% \/ 2 );margin-right: calc(-4% \/ 2 );\"><div class=\"fusion-layout-column fusion_builder_column fusion-builder-column-2 fusion_builder_column_1_1 1_1 fusion-flex-column\"><div class=\"fusion-column-wrapper fusion-flex-justify-content-flex-start fusion-content-layout-column\" style=\"background-position:left top;background-repeat:no-repeat;-webkit-background-size:cover;-moz-background-size:cover;-o-background-size:cover;background-size:cover;padding: 0px 0px 0px 0px;\"><\/div><style type=\"text\/css\">.fusion-body .fusion-builder-column-2{width:100% !important;margin-top : 0px;margin-bottom : 0px;}.fusion-builder-column-2 > .fusion-column-wrapper {padding-top : 0px !important;padding-right : 0px !important;margin-right : 1.92%;padding-bottom : 0px !important;padding-left : 0px !important;margin-left : 1.92%;}@media only screen and (max-width:1024px) {.fusion-body .fusion-builder-column-2{width:100% !important;order : 0;}.fusion-builder-column-2 > .fusion-column-wrapper {margin-right : 1.92%;margin-left : 1.92%;}}@media only screen and (max-width:640px) {.fusion-body .fusion-builder-column-2{width:100% !important;order : 0;}.fusion-builder-column-2 > .fusion-column-wrapper {margin-right : 1.92%;margin-left : 1.92%;}}<\/style><\/div><\/div><style type=\"text\/css\">.fusion-body .fusion-flex-container.fusion-builder-row-3{ padding-top : 0px;margin-top : 0px;padding-right : 0px;padding-bottom : 0px;margin-bottom : 0px;padding-left : 0px;}<\/style><\/div><\/p>\n","protected":false},"excerpt":{"rendered":"<p>yes<\/p>\n","protected":false},"author":3796,"featured_media":0,"parent":10523,"menu_order":0,"comment_status":"closed","ping_status":"closed","template":"100-width.php","meta":{"_acf_changed":false,"inline_featured_image":false,"footnotes":""},"class_list":["post-11392","page","type-page","status-publish","hentry"],"acf":[],"yoast_head":"<!-- This site is optimized with the Yoast SEO plugin v27.4 - https:\/\/yoast.com\/product\/yoast-seo-wordpress\/ -->\n<title>In den News - CABB Chemicals<\/title>\n<meta name=\"robots\" content=\"index, follow, max-snippet:-1, max-image-preview:large, max-video-preview:-1\" \/>\n<link rel=\"canonical\" href=\"https:\/\/cabb-chemicals.com\/de\/medien\/in-den-news\/\" \/>\n<meta property=\"og:locale\" content=\"de_DE\" \/>\n<meta property=\"og:type\" content=\"article\" \/>\n<meta property=\"og:title\" content=\"In den News - CABB Chemicals\" \/>\n<meta property=\"og:description\" content=\"yes\" \/>\n<meta property=\"og:url\" content=\"https:\/\/cabb-chemicals.com\/de\/medien\/in-den-news\/\" \/>\n<meta property=\"og:site_name\" content=\"CABB Chemicals\" \/>\n<meta property=\"article:modified_time\" content=\"2022-10-26T22:15:20+00:00\" \/>\n<meta name=\"twitter:card\" content=\"summary_large_image\" \/>\n<meta name=\"twitter:label1\" content=\"Gesch\u00e4tzte Lesezeit\" \/>\n\t<meta name=\"twitter:data1\" content=\"3 Minuten\" \/>\n<script type=\"application\/ld+json\" class=\"yoast-schema-graph\">{\"@context\":\"https:\\\/\\\/schema.org\",\"@graph\":[{\"@type\":\"WebPage\",\"@id\":\"https:\\\/\\\/cabb-chemicals.com\\\/de\\\/medien\\\/in-den-news\\\/\",\"url\":\"https:\\\/\\\/cabb-chemicals.com\\\/de\\\/medien\\\/in-den-news\\\/\",\"name\":\"In den News - CABB Chemicals\",\"isPartOf\":{\"@id\":\"https:\\\/\\\/cabb-chemicals.com\\\/#website\"},\"datePublished\":\"2022-10-18T10:35:29+00:00\",\"dateModified\":\"2022-10-26T22:15:20+00:00\",\"breadcrumb\":{\"@id\":\"https:\\\/\\\/cabb-chemicals.com\\\/de\\\/medien\\\/in-den-news\\\/#breadcrumb\"},\"inLanguage\":\"de-DE\",\"potentialAction\":[{\"@type\":\"ReadAction\",\"target\":[\"https:\\\/\\\/cabb-chemicals.com\\\/de\\\/medien\\\/in-den-news\\\/\"]}]},{\"@type\":\"BreadcrumbList\",\"@id\":\"https:\\\/\\\/cabb-chemicals.com\\\/de\\\/medien\\\/in-den-news\\\/#breadcrumb\",\"itemListElement\":[{\"@type\":\"ListItem\",\"position\":1,\"name\":\"Home\",\"item\":\"https:\\\/\\\/cabb-chemicals.com\\\/de\\\/\"},{\"@type\":\"ListItem\",\"position\":2,\"name\":\"Medien\",\"item\":\"https:\\\/\\\/cabb-chemicals.com\\\/de\\\/medien\\\/\"},{\"@type\":\"ListItem\",\"position\":3,\"name\":\"In den News\"}]},{\"@type\":\"WebSite\",\"@id\":\"https:\\\/\\\/cabb-chemicals.com\\\/#website\",\"url\":\"https:\\\/\\\/cabb-chemicals.com\\\/\",\"name\":\"CABB Chemicals\",\"description\":\"Your Partner in Fine Chemistry\",\"potentialAction\":[{\"@type\":\"SearchAction\",\"target\":{\"@type\":\"EntryPoint\",\"urlTemplate\":\"https:\\\/\\\/cabb-chemicals.com\\\/?s={search_term_string}\"},\"query-input\":{\"@type\":\"PropertyValueSpecification\",\"valueRequired\":true,\"valueName\":\"search_term_string\"}}],\"inLanguage\":\"de-DE\"}]}<\/script>\n<!-- \/ Yoast SEO plugin. -->","yoast_head_json":{"title":"In den News - CABB Chemicals","robots":{"index":"index","follow":"follow","max-snippet":"max-snippet:-1","max-image-preview":"max-image-preview:large","max-video-preview":"max-video-preview:-1"},"canonical":"https:\/\/cabb-chemicals.com\/de\/medien\/in-den-news\/","og_locale":"de_DE","og_type":"article","og_title":"In den News - CABB Chemicals","og_description":"yes","og_url":"https:\/\/cabb-chemicals.com\/de\/medien\/in-den-news\/","og_site_name":"CABB Chemicals","article_modified_time":"2022-10-26T22:15:20+00:00","twitter_card":"summary_large_image","twitter_misc":{"Gesch\u00e4tzte Lesezeit":"3 Minuten"},"schema":{"@context":"https:\/\/schema.org","@graph":[{"@type":"WebPage","@id":"https:\/\/cabb-chemicals.com\/de\/medien\/in-den-news\/","url":"https:\/\/cabb-chemicals.com\/de\/medien\/in-den-news\/","name":"In den News - CABB Chemicals","isPartOf":{"@id":"https:\/\/cabb-chemicals.com\/#website"},"datePublished":"2022-10-18T10:35:29+00:00","dateModified":"2022-10-26T22:15:20+00:00","breadcrumb":{"@id":"https:\/\/cabb-chemicals.com\/de\/medien\/in-den-news\/#breadcrumb"},"inLanguage":"de-DE","potentialAction":[{"@type":"ReadAction","target":["https:\/\/cabb-chemicals.com\/de\/medien\/in-den-news\/"]}]},{"@type":"BreadcrumbList","@id":"https:\/\/cabb-chemicals.com\/de\/medien\/in-den-news\/#breadcrumb","itemListElement":[{"@type":"ListItem","position":1,"name":"Home","item":"https:\/\/cabb-chemicals.com\/de\/"},{"@type":"ListItem","position":2,"name":"Medien","item":"https:\/\/cabb-chemicals.com\/de\/medien\/"},{"@type":"ListItem","position":3,"name":"In den News"}]},{"@type":"WebSite","@id":"https:\/\/cabb-chemicals.com\/#website","url":"https:\/\/cabb-chemicals.com\/","name":"CABB Chemicals","description":"Your Partner in Fine Chemistry","potentialAction":[{"@type":"SearchAction","target":{"@type":"EntryPoint","urlTemplate":"https:\/\/cabb-chemicals.com\/?s={search_term_string}"},"query-input":{"@type":"PropertyValueSpecification","valueRequired":true,"valueName":"search_term_string"}}],"inLanguage":"de-DE"}]}},"_links":{"self":[{"href":"https:\/\/cabb-chemicals.com\/de\/wp-json\/wp\/v2\/pages\/11392","targetHints":{"allow":["GET"]}}],"collection":[{"href":"https:\/\/cabb-chemicals.com\/de\/wp-json\/wp\/v2\/pages"}],"about":[{"href":"https:\/\/cabb-chemicals.com\/de\/wp-json\/wp\/v2\/types\/page"}],"author":[{"embeddable":true,"href":"https:\/\/cabb-chemicals.com\/de\/wp-json\/wp\/v2\/users\/3796"}],"replies":[{"embeddable":true,"href":"https:\/\/cabb-chemicals.com\/de\/wp-json\/wp\/v2\/comments?post=11392"}],"version-history":[{"count":0,"href":"https:\/\/cabb-chemicals.com\/de\/wp-json\/wp\/v2\/pages\/11392\/revisions"}],"up":[{"embeddable":true,"href":"https:\/\/cabb-chemicals.com\/de\/wp-json\/wp\/v2\/pages\/10523"}],"wp:attachment":[{"href":"https:\/\/cabb-chemicals.com\/de\/wp-json\/wp\/v2\/media?parent=11392"}],"curies":[{"name":"wp","href":"https:\/\/api.w.org\/{rel}","templated":true}]}}