{"id":11748,"date":"2023-04-25T21:30:52","date_gmt":"2023-04-25T21:30:52","guid":{"rendered":"https:\/\/cabb-chemicals.com\/?page_id=11748"},"modified":"2025-04-22T17:34:15","modified_gmt":"2025-04-22T17:34:15","slug":"einleitung","status":"publish","type":"page","link":"https:\/\/cabb-chemicals.com\/de\/nachhaltigkeit\/einleitung\/","title":{"rendered":"Einleitung"},"content":{"rendered":"<p><div class=\"fusion-fullwidth fullwidth-box fusion-builder-row-1 fusion-flex-container nonhundred-percent-fullwidth non-hundred-percent-height-scrolling\" style=\"background-color: #f9f9f9;background-position: center center;background-repeat: no-repeat;border-width: 0px 0px 0px 0px;border-color:#e2e2e2;border-style:solid;\" ><div class=\"fusion-builder-row fusion-row fusion-flex-align-items-flex-start\" style=\"max-width:1144px;margin-left: calc(-4% \/ 2 );margin-right: calc(-4% \/ 2 );\"><div class=\"fusion-layout-column fusion_builder_column fusion-builder-column-0 fusion_builder_column_1_1 1_1 fusion-flex-column\"><div class=\"fusion-column-wrapper fusion-flex-justify-content-flex-start fusion-content-layout-column\" style=\"background-position:left top;background-repeat:no-repeat;-webkit-background-size:cover;-moz-background-size:cover;-o-background-size:cover;background-size:cover;padding: 0px 0px 0px 0px;\"><style type=\"text\/css\">.fusion-breadcrumbs.fusion-breadcrumbs-1{font-size:14px;}.fusion-breadcrumbs.fusion-breadcrumbs-1 span a:hover{color:#d50b37 !important;}.fusion-breadcrumbs.fusion-breadcrumbs-1{color:#002860;}.fusion-breadcrumbs.fusion-breadcrumbs-1 a{color:#002860;}<\/style><div class=\"fusion-breadcrumbs fusion-breadcrumbs-1\"><span class=\"fusion-breadcrumb-item\"><a href=\"https:\/\/cabb-chemicals.com\/de\/\" class=\"fusion-breadcrumb-link\"><span >Home<\/span><\/a><\/span><span class=\"fusion-breadcrumb-sep\">&gt;<\/span><\/div><\/div><style type=\"text\/css\">.fusion-body .fusion-builder-column-0{width:100% !important;margin-top : 0px;margin-bottom : 0px;}.fusion-builder-column-0 > .fusion-column-wrapper {padding-top : 0px !important;padding-right : 0px !important;margin-right : 1.92%;padding-bottom : 0px !important;padding-left : 0px !important;margin-left : 1.92%;}@media only screen and (max-width:1024px) {.fusion-body .fusion-builder-column-0{width:100% !important;order : 0;}.fusion-builder-column-0 > .fusion-column-wrapper {margin-right : 1.92%;margin-left : 1.92%;}}@media only screen and (max-width:640px) {.fusion-body .fusion-builder-column-0{width:100% !important;order : 0;}.fusion-builder-column-0 > .fusion-column-wrapper {margin-right : 1.92%;margin-left : 1.92%;}}<\/style><\/div><\/div><style type=\"text\/css\">.fusion-body .fusion-flex-container.fusion-builder-row-1{ padding-top : 10px;margin-top : 0px;padding-right : 0px;padding-bottom : 10px;margin-bottom : 0px;padding-left : 0px;}<\/style><\/div>\n<div class=\"fusion-fullwidth fullwidth-box fusion-builder-row-2 fusion-flex-container nonhundred-percent-fullwidth non-hundred-percent-height-scrolling\" style=\"background-color: rgba(255,255,255,0);background-position: center center;background-repeat: no-repeat;border-width: 0px 0px 0px 0px;border-color:#e2e2e2;border-style:solid;\" ><div class=\"fusion-builder-row fusion-row fusion-flex-align-items-flex-start\" style=\"max-width:1144px;margin-left: calc(-4% \/ 2 );margin-right: calc(-4% \/ 2 );\"><div class=\"fusion-layout-column fusion_builder_column fusion-builder-column-1 fusion_builder_column_1_1 1_1 fusion-flex-column\"><div class=\"fusion-column-wrapper fusion-flex-justify-content-flex-start fusion-content-layout-column\" style=\"background-position:left top;background-repeat:no-repeat;-webkit-background-size:cover;-moz-background-size:cover;-o-background-size:cover;background-size:cover;padding: 0px 0px 0px 0px;\"><style type=\"text\/css\">@media only screen and (max-width:1024px) {.fusion-title.fusion-title-1{margin-top:10px!important; margin-right:0px!important;margin-bottom:15px!important;margin-left:0px!important;}}@media only screen and (max-width:640px) {.fusion-title.fusion-title-1{margin-top:10px!important; margin-right:0px!important;margin-bottom:10px!important; margin-left:0px!important;}}<\/style><div class=\"fusion-title title fusion-title-1 fusion-sep-none fusion-title-text fusion-title-size-two\" style=\"margin-top:10px;margin-right:0px;margin-bottom:15px;margin-left:0px;\"><h2 class=\"title-heading-left\" style=\"margin:0;\">Liebe Leserin, lieber Leser,<\/h2><\/div><\/div><style type=\"text\/css\">.fusion-body .fusion-builder-column-1{width:100% !important;margin-top : 0px;margin-bottom : 20px;}.fusion-builder-column-1 > .fusion-column-wrapper {padding-top : 0px !important;padding-right : 0px !important;margin-right : 1.92%;padding-bottom : 0px !important;padding-left : 0px !important;margin-left : 1.92%;}@media only screen and (max-width:1024px) {.fusion-body .fusion-builder-column-1{width:100% !important;order : 0;}.fusion-builder-column-1 > .fusion-column-wrapper {margin-right : 1.92%;margin-left : 1.92%;}}@media only screen and (max-width:640px) {.fusion-body .fusion-builder-column-1{width:100% !important;order : 0;}.fusion-builder-column-1 > .fusion-column-wrapper {margin-right : 1.92%;margin-left : 1.92%;}}<\/style><\/div><div class=\"fusion-layout-column fusion_builder_column fusion-builder-column-2 fusion_builder_column_1_2 1_2 fusion-flex-column\"><div class=\"fusion-column-wrapper fusion-flex-justify-content-flex-start fusion-content-layout-column\" style=\"background-position:left top;background-repeat:no-repeat;-webkit-background-size:cover;-moz-background-size:cover;-o-background-size:cover;background-size:cover;padding: 0px 0px 0px 0px;\"><div class=\"fusion-separator fusion-full-width-sep\" style=\"align-self: center;margin-left: auto;margin-right: auto;margin-top:8px;margin-bottom:8px;width:100%;\"><\/div><div class=\"fusion-text fusion-text-1\"><p>Anl\u00e4sslich der Pr\u00e4sentation unseres Nachhaltigkeitsberichts 2024 m\u00f6chte ich nicht nur auf die erzielten Fortschritte, sondern auch auf die vor uns liegenden Herausforderungen eingehen. Unsere Vision, bis 2028 der leistungsst\u00e4rkste und nachhaltigste Partner in der komplexen Feinchemie zu werden, ist ein zentraler Bestandteil der CABB Group. Nachhaltigkeit war f\u00fcr uns nie nur ein blosses Ziel \u2013 sie ist von zentraler Bedeutung f\u00fcr unser Unternehmen und bestimmt, wie wir eine langfristige Wertsch\u00f6pfung f\u00fcr unsere Stakeholder erzielen.<\/p>\n<p>Im vergangenen Jahr haben wir unsere Position als f\u00fchrender Anbieter von Feinchemikalien sowie als Vertragshersteller und -entwickler (CDMO) f\u00fcr die M\u00e4rkte der Bereiche Crop Sciences, Life Sciences und Performance Materials ausgebaut. Unsere Massnahmen sind klar auf Nachhaltigkeit und operative Exzellenz ausgerichtet. So wollen wir sicherstellen, dass wir ein vertrauensw\u00fcrdiger Partner bleiben, w\u00e4hrend wir unsere Schritte an unseren Nachhaltigkeitszielen ausrichten.<\/p>\n<p>Im Jahr 2024 vertiefte die CABB Group ihr Engagement zugunsten der Nachhaltigkeit, indem sie ihre Anpassungen an die Corporate Sustainability Reporting Directive (CSRD) vorantrieb und der Science Based Targets Initiative (SBTi) beigetreten ist. Durch dieses Engagement k\u00f6nnen wir unsere Fortschritte besser messen, verwalten und transparent kommunizieren und gleichzeitig die Einhaltung globaler Nachhaltigkeitsstandards sicherstellen. \u00dcber die SBTi haben wir eine klare Roadmap zur Verwaltung unseres CO<sub>2<\/sub>-Fussabdrucks erarbeitet, sowohl auf Gruppenebene als auch in Bezug auf unsere Produkte. Im Rahmen unseres Engagements haben wir unsere kurzfristigen Klimaziele angepasst und uns zu einer weiteren Reduzierung der Scope-1-, 2- und 3-Emissionen verpflichtet. Durch die Priorisierung im Bereich Energieeffizienz, den Umstieg auf gr\u00fcne Energiequellen und die F\u00f6rderung einer verantwortungsvollen und effizienten Ressourcennutzung setzt sich die CABB Group f\u00fcr die Begrenzung der globalen Erw\u00e4rmung und die Beschleunigung der Dekarbonisierung ein. Seit 2023 messen wir den CO<sub>2<\/sub>-Fussabdruck unserer Produkte und verst\u00e4rken unser Engagement mit wichtigen Stakeholdern in der gesamten Wertsch\u00f6pfungskette. 2025 werden wir zudem dank unseres neu eingef\u00fchrten, lieferantenorientierten ERP-Systems strukturierter mit unseren Lieferanten zusammenarbeiten. Ziel ist es, gemeinsame Nachhaltigkeitsziele zu f\u00f6rdern und unser Engagement f\u00fcr die Grunds\u00e4tze der \u00abTogether for Sustainability\u00bb-Initiative sichtbar zu machen.<\/p>\n<p>Diese Erfolge sind nur durch den Einsatz und das Know-how unserer Mitarbeitenden m\u00f6glich, die eine entscheidende Rolle bei der F\u00f6rderung unserer Nachhaltigkeitsbestrebungen spielen. F\u00fcr die CABB Group steht die Sicherheit an allen Produktionsstandorten und in allen Niederlassungen weltweit an erster Stelle. Im Jahr 2024 haben wir unser Programm #BehaviouralSafety weiterentwickelt, dadurch eine Achtsamkeitskultur verankert und unser Engagement zur Gew\u00e4hrleistung eines sicheren und gesunden Arbeitsplatzes f\u00fcr alle Mitarbeitenden verst\u00e4rkt.<\/p>\n<p>Nachhaltigkeit bedeutet auch, flexibel zu sein und unsere massgeschneiderten, hochwertigen und nachhaltigen L\u00f6sungen an die sich \u00e4ndernden Kundenbed\u00fcrfnisse anzupassen, die in einem zunehmend dynamischen Markt entstehen.<\/p>\n<\/div><div class=\"fusion-text fusion-text-2\" style=\"margin-top:-20px;\"><blockquote>\n<p><span style=\"color: #002860; font-size: 22px; font-weight: bold; font-style: normal;\">\u00abKontinuierliche Verbesserung ist nicht nur unser Ziel \u2013 es ist unsere Verantwortung gegen\u00fcber zuk\u00fcnftigen Generationen.\u00bb<\/span><\/p>\n<\/blockquote>\n<\/div><\/div><style type=\"text\/css\">.fusion-body .fusion-builder-column-2{width:50% !important;margin-top : 0px;margin-bottom : 20px;}.fusion-builder-column-2 > .fusion-column-wrapper {padding-top : 0px !important;padding-right : 0px !important;margin-right : 3.84%;padding-bottom : 0px !important;padding-left : 0px !important;margin-left : 3.84%;}@media only screen and (max-width:1024px) {.fusion-body .fusion-builder-column-2{width:50% !important;}.fusion-builder-column-2 > .fusion-column-wrapper {margin-right : 3.84%;margin-left : 3.84%;}}@media only screen and (max-width:640px) {.fusion-body .fusion-builder-column-2{width:100% !important;}.fusion-builder-column-2 > .fusion-column-wrapper {margin-right : 1.92%;margin-left : 1.92%;}}<\/style><\/div><div class=\"fusion-layout-column fusion_builder_column fusion-builder-column-3 fusion_builder_column_1_2 1_2 fusion-flex-column\"><div class=\"fusion-column-wrapper fusion-flex-justify-content-flex-start fusion-content-layout-column\" style=\"background-position:left top;background-repeat:no-repeat;-webkit-background-size:cover;-moz-background-size:cover;-o-background-size:cover;background-size:cover;padding: 0px 0px 0px 0px;\"><div ><style>.fusion-imageframe.imageframe-1{ margin-top : 20px;margin-bottom : 16px;}<\/style><span class=\" fusion-imageframe imageframe-none imageframe-1 hover-type-none\"><img decoding=\"async\" width=\"800\" height=\"533\" title=\"Thomas H. Ahrens, CEO CABB AG, Fotos kostas maros, am 4.10.23\" src=\"https:\/\/cabb-chemicals.com\/wp-content\/uploads\/2025\/04\/Ahrens_Portrait.jpg\" alt class=\"img-responsive wp-image-17991\" srcset=\"https:\/\/cabb-chemicals.com\/wp-content\/uploads\/2025\/04\/Ahrens_Portrait-200x133.jpg 200w, https:\/\/cabb-chemicals.com\/wp-content\/uploads\/2025\/04\/Ahrens_Portrait-400x267.jpg 400w, https:\/\/cabb-chemicals.com\/wp-content\/uploads\/2025\/04\/Ahrens_Portrait-600x400.jpg 600w, https:\/\/cabb-chemicals.com\/wp-content\/uploads\/2025\/04\/Ahrens_Portrait.jpg 800w\" sizes=\"(max-width: 640px) 100vw, 600px\" \/><\/span><\/div><div class=\"fusion-text fusion-text-3\" style=\"margin-top:20px;\"><p>Trotz Herausforderungen wie steigenden Kosten sind wir fest entschlossen, die Wertsch\u00f6pfung f\u00fcr unsere Kundinnen und Kunden ohne Kompromisse weiterhin zu gew\u00e4hrleisten. In dieser zunehmend vernetzten und unvorhersehbaren Welt ist Resilienz wichtiger denn je. Deshalb bem\u00fchen wir uns auch, unser Produktportfolio durch Innovationen zu verbessern und nachhaltigere L\u00f6sungen anzubieten, wie z. B. neue L\u00f6sungen f\u00fcr Pharmazeutika, klimafreundlicher Wasserstoff und Polyimid-Komponenten f\u00fcr Windkraftanlagen.<\/p>\n<p>Zudem sind wir uns bewusst, dass k\u00fcrzere Transportwege, robuste Lieferketten und zuverl\u00e4ssige lokale Produktionspartner unerl\u00e4sslich sind, um sowohl unsere eigenen operativen Ziele als auch die Nachhaltigkeitsziele unserer Kundinnen und Kunden zu erreichen. Angesichts der Tatsache, dass die Kundinnen und Kunden zunehmend Wert auf Belastbarkeit und Effizienz legen, indem sie die Abh\u00e4ngigkeit von Auftr\u00e4gen \u00fcber grosse Distanzen hinweg verringern, zeichnet sich das industrielle \u00d6kosystem Europas durch einen starken und strategischen Vorteil aus. Indem wir uns auf die lokale Produktion in verschiedenen Regionen weltweit konzentrieren, k\u00f6nnen wir Risiken minimieren, die industrielle Basis der Region st\u00e4rken und sicherstellen, dass wir f\u00fcr unsere Kundinnen und Kunden ein zuverl\u00e4ssiger Partner bleiben.<\/p>\n<p>Gleichzeitig sind wir uns bewusst, dass zur Erreichung globaler Nachhaltigkeitsziele eine globale Koordination erforderlich ist. Wir legen den Schwerpunkt auf die Unterst\u00fctzung der Binnenindustrie und die Sicherung der langfristigen St\u00e4rke der europ\u00e4ischen Produktion, setzen uns aber auch f\u00fcr faire Wettbewerbsbedingungen mit globalen Standards ein. Die EU allein kann solche Standards nicht alleine festlegen; wir m\u00fcssen weltweit zusammenarbeiten, um die Spielregeln zu definieren.<\/p>\n<p>Mit Blick auf 2025 und dar\u00fcber hinaus m\u00f6chte ich ein Zeichen der St\u00e4rke und Hoffnung setzen. Wir bei der CABB Group passen uns nicht einfach nur an Ver\u00e4nderungen an, wir wollen sie aktiv mitgestalten. Wir streben eine Zukunft an, in der globale Standards f\u00fcr die chemische Industrie allen unseren Stakeholdern einen best\u00e4ndigen, messbaren Nutzen bringen. Unser Nachhaltigkeitsansatz ist ganzheitlich und erstreckt sich \u00fcber die gesamte Wertsch\u00f6pfungskette. Unser Ziel ist es, unsere Kundinnen und Kunden auf dieser Reise eng zu begleiten. Indem wir unseren Werten treu bleiben und die Zusammenarbeit mit unseren Stakeholdern pflegen, wollen wir mit gutem Beispiel vorangehen und zu einer nachhaltigeren und gerechteren Welt beitragen \u2013 einer Welt, die auf Zusammenarbeit, Innovation und gemeinsamer Verantwortung aufbaut.<\/p>\n<p>Ich bin stolz darauf, Ihnen auf den folgenden Seiten die Fortschritte pr\u00e4sentieren zu k\u00f6nnen, die wir im Jahr 2024 erzielt haben. Gemeinsam gehen wir diesen Weg in eine nachhaltigere Zukunft weiter.<\/p>\n<p>Freundliche Gr\u00fcsse<br \/>\n<strong>Thomas H. Ahrens<br \/>\n<\/strong><strong>CEO CABB Group<\/strong><\/p>\n<p><a href=\"https:\/\/cabb-chemicals.com\/wp-content\/uploads\/2025\/04\/250422_cabb_cr_report_2024.pdf\" target=\"_blank\" rel=\"noopener\">SUSTAINABILITY REPORT 2024<\/a><\/p>\n<\/div><\/div><style type=\"text\/css\">.fusion-body .fusion-builder-column-3{width:50% !important;margin-top : 0px;margin-bottom : 20px;}.fusion-builder-column-3 > .fusion-column-wrapper {padding-top : 0px !important;padding-right : 0px !important;margin-right : 3.84%;padding-bottom : 0px !important;padding-left : 0px !important;margin-left : 3.84%;}@media only screen and (max-width:1024px) {.fusion-body .fusion-builder-column-3{width:50% !important;}.fusion-builder-column-3 > .fusion-column-wrapper {margin-right : 3.84%;margin-left : 3.84%;}}@media only screen and (max-width:640px) {.fusion-body .fusion-builder-column-3{width:100% !important;}.fusion-builder-column-3 > .fusion-column-wrapper {margin-right : 1.92%;margin-left : 1.92%;}}<\/style><\/div><\/div><style type=\"text\/css\">.fusion-body .fusion-flex-container.fusion-builder-row-2{ padding-top : 40px;margin-top : 0px;padding-right : 0px;padding-bottom : 60px;margin-bottom : 0px;padding-left : 0px;}<\/style><\/div><\/p>\n","protected":false},"excerpt":{"rendered":"","protected":false},"author":3796,"featured_media":0,"parent":10539,"menu_order":0,"comment_status":"closed","ping_status":"closed","template":"100-width.php","meta":{"_acf_changed":false,"inline_featured_image":false,"footnotes":""},"class_list":["post-11748","page","type-page","status-publish","hentry"],"acf":[],"yoast_head":"<!-- This site is optimized with the Yoast SEO plugin v27.3 - https:\/\/yoast.com\/product\/yoast-seo-wordpress\/ -->\n<title>Einleitung - CABB Chemicals<\/title>\n<meta name=\"robots\" content=\"index, follow, max-snippet:-1, max-image-preview:large, max-video-preview:-1\" \/>\n<link rel=\"canonical\" href=\"https:\/\/cabb-chemicals.com\/de\/nachhaltigkeit\/einleitung\/\" \/>\n<meta property=\"og:locale\" content=\"de_DE\" \/>\n<meta property=\"og:type\" content=\"article\" \/>\n<meta property=\"og:title\" content=\"Einleitung - CABB Chemicals\" \/>\n<meta property=\"og:url\" content=\"https:\/\/cabb-chemicals.com\/de\/nachhaltigkeit\/einleitung\/\" \/>\n<meta property=\"og:site_name\" content=\"CABB Chemicals\" \/>\n<meta property=\"article:modified_time\" content=\"2025-04-22T17:34:15+00:00\" \/>\n<meta name=\"twitter:card\" content=\"summary_large_image\" \/>\n<meta name=\"twitter:label1\" content=\"Gesch\u00e4tzte Lesezeit\" \/>\n\t<meta name=\"twitter:data1\" content=\"7 Minuten\" \/>\n<script type=\"application\/ld+json\" class=\"yoast-schema-graph\">{\"@context\":\"https:\\\/\\\/schema.org\",\"@graph\":[{\"@type\":\"WebPage\",\"@id\":\"https:\\\/\\\/cabb-chemicals.com\\\/de\\\/nachhaltigkeit\\\/einleitung\\\/\",\"url\":\"https:\\\/\\\/cabb-chemicals.com\\\/de\\\/nachhaltigkeit\\\/einleitung\\\/\",\"name\":\"Einleitung - CABB Chemicals\",\"isPartOf\":{\"@id\":\"https:\\\/\\\/cabb-chemicals.com\\\/#website\"},\"datePublished\":\"2023-04-25T21:30:52+00:00\",\"dateModified\":\"2025-04-22T17:34:15+00:00\",\"breadcrumb\":{\"@id\":\"https:\\\/\\\/cabb-chemicals.com\\\/de\\\/nachhaltigkeit\\\/einleitung\\\/#breadcrumb\"},\"inLanguage\":\"de-DE\",\"potentialAction\":[{\"@type\":\"ReadAction\",\"target\":[\"https:\\\/\\\/cabb-chemicals.com\\\/de\\\/nachhaltigkeit\\\/einleitung\\\/\"]}]},{\"@type\":\"BreadcrumbList\",\"@id\":\"https:\\\/\\\/cabb-chemicals.com\\\/de\\\/nachhaltigkeit\\\/einleitung\\\/#breadcrumb\",\"itemListElement\":[{\"@type\":\"ListItem\",\"position\":1,\"name\":\"Home\",\"item\":\"https:\\\/\\\/cabb-chemicals.com\\\/de\\\/\"},{\"@type\":\"ListItem\",\"position\":2,\"name\":\"Nachhaltigkeit\",\"item\":\"https:\\\/\\\/cabb-chemicals.com\\\/de\\\/nachhaltigkeit\\\/\"},{\"@type\":\"ListItem\",\"position\":3,\"name\":\"Einleitung\"}]},{\"@type\":\"WebSite\",\"@id\":\"https:\\\/\\\/cabb-chemicals.com\\\/#website\",\"url\":\"https:\\\/\\\/cabb-chemicals.com\\\/\",\"name\":\"CABB Chemicals\",\"description\":\"Your Partner in Fine Chemistry\",\"potentialAction\":[{\"@type\":\"SearchAction\",\"target\":{\"@type\":\"EntryPoint\",\"urlTemplate\":\"https:\\\/\\\/cabb-chemicals.com\\\/?s={search_term_string}\"},\"query-input\":{\"@type\":\"PropertyValueSpecification\",\"valueRequired\":true,\"valueName\":\"search_term_string\"}}],\"inLanguage\":\"de-DE\"}]}<\/script>\n<!-- \/ Yoast SEO plugin. -->","yoast_head_json":{"title":"Einleitung - CABB Chemicals","robots":{"index":"index","follow":"follow","max-snippet":"max-snippet:-1","max-image-preview":"max-image-preview:large","max-video-preview":"max-video-preview:-1"},"canonical":"https:\/\/cabb-chemicals.com\/de\/nachhaltigkeit\/einleitung\/","og_locale":"de_DE","og_type":"article","og_title":"Einleitung - CABB Chemicals","og_url":"https:\/\/cabb-chemicals.com\/de\/nachhaltigkeit\/einleitung\/","og_site_name":"CABB Chemicals","article_modified_time":"2025-04-22T17:34:15+00:00","twitter_card":"summary_large_image","twitter_misc":{"Gesch\u00e4tzte Lesezeit":"7 Minuten"},"schema":{"@context":"https:\/\/schema.org","@graph":[{"@type":"WebPage","@id":"https:\/\/cabb-chemicals.com\/de\/nachhaltigkeit\/einleitung\/","url":"https:\/\/cabb-chemicals.com\/de\/nachhaltigkeit\/einleitung\/","name":"Einleitung - CABB Chemicals","isPartOf":{"@id":"https:\/\/cabb-chemicals.com\/#website"},"datePublished":"2023-04-25T21:30:52+00:00","dateModified":"2025-04-22T17:34:15+00:00","breadcrumb":{"@id":"https:\/\/cabb-chemicals.com\/de\/nachhaltigkeit\/einleitung\/#breadcrumb"},"inLanguage":"de-DE","potentialAction":[{"@type":"ReadAction","target":["https:\/\/cabb-chemicals.com\/de\/nachhaltigkeit\/einleitung\/"]}]},{"@type":"BreadcrumbList","@id":"https:\/\/cabb-chemicals.com\/de\/nachhaltigkeit\/einleitung\/#breadcrumb","itemListElement":[{"@type":"ListItem","position":1,"name":"Home","item":"https:\/\/cabb-chemicals.com\/de\/"},{"@type":"ListItem","position":2,"name":"Nachhaltigkeit","item":"https:\/\/cabb-chemicals.com\/de\/nachhaltigkeit\/"},{"@type":"ListItem","position":3,"name":"Einleitung"}]},{"@type":"WebSite","@id":"https:\/\/cabb-chemicals.com\/#website","url":"https:\/\/cabb-chemicals.com\/","name":"CABB Chemicals","description":"Your Partner in Fine Chemistry","potentialAction":[{"@type":"SearchAction","target":{"@type":"EntryPoint","urlTemplate":"https:\/\/cabb-chemicals.com\/?s={search_term_string}"},"query-input":{"@type":"PropertyValueSpecification","valueRequired":true,"valueName":"search_term_string"}}],"inLanguage":"de-DE"}]}},"_links":{"self":[{"href":"https:\/\/cabb-chemicals.com\/de\/wp-json\/wp\/v2\/pages\/11748","targetHints":{"allow":["GET"]}}],"collection":[{"href":"https:\/\/cabb-chemicals.com\/de\/wp-json\/wp\/v2\/pages"}],"about":[{"href":"https:\/\/cabb-chemicals.com\/de\/wp-json\/wp\/v2\/types\/page"}],"author":[{"embeddable":true,"href":"https:\/\/cabb-chemicals.com\/de\/wp-json\/wp\/v2\/users\/3796"}],"replies":[{"embeddable":true,"href":"https:\/\/cabb-chemicals.com\/de\/wp-json\/wp\/v2\/comments?post=11748"}],"version-history":[{"count":0,"href":"https:\/\/cabb-chemicals.com\/de\/wp-json\/wp\/v2\/pages\/11748\/revisions"}],"up":[{"embeddable":true,"href":"https:\/\/cabb-chemicals.com\/de\/wp-json\/wp\/v2\/pages\/10539"}],"wp:attachment":[{"href":"https:\/\/cabb-chemicals.com\/de\/wp-json\/wp\/v2\/media?parent=11748"}],"curies":[{"name":"wp","href":"https:\/\/api.w.org\/{rel}","templated":true}]}}