{"id":11750,"date":"2023-04-25T21:37:54","date_gmt":"2023-04-25T21:37:54","guid":{"rendered":"https:\/\/cabb-chemicals.com\/?page_id=11750"},"modified":"2026-04-30T12:04:57","modified_gmt":"2026-04-30T12:04:57","slug":"nachhaltigkeitsstrategie","status":"publish","type":"page","link":"https:\/\/cabb-chemicals.com\/de\/nachhaltigkeit\/nachhaltigkeitsstrategie\/","title":{"rendered":"Nachhaltigkeitsstrategie"},"content":{"rendered":"<p><div class=\"fusion-fullwidth fullwidth-box fusion-builder-row-1 fusion-flex-container nonhundred-percent-fullwidth non-hundred-percent-height-scrolling\" style=\"background-color: #f9f9f9;background-position: center center;background-repeat: no-repeat;border-width: 0px 0px 0px 0px;border-color:#e2e2e2;border-style:solid;\" ><div class=\"fusion-builder-row fusion-row fusion-flex-align-items-flex-start\" style=\"max-width:1144px;margin-left: calc(-4% \/ 2 );margin-right: calc(-4% \/ 2 );\"><div class=\"fusion-layout-column fusion_builder_column fusion-builder-column-0 fusion_builder_column_1_1 1_1 fusion-flex-column\"><div class=\"fusion-column-wrapper fusion-flex-justify-content-flex-start fusion-content-layout-column\" style=\"background-position:left top;background-repeat:no-repeat;-webkit-background-size:cover;-moz-background-size:cover;-o-background-size:cover;background-size:cover;padding: 0px 0px 0px 0px;\"><style type=\"text\/css\">.fusion-breadcrumbs.fusion-breadcrumbs-1{font-size:14px;}.fusion-breadcrumbs.fusion-breadcrumbs-1 span a:hover{color:#d50b37 !important;}.fusion-breadcrumbs.fusion-breadcrumbs-1{color:#002860;}.fusion-breadcrumbs.fusion-breadcrumbs-1 a{color:#002860;}<\/style><div class=\"fusion-breadcrumbs fusion-breadcrumbs-1\"><span class=\"fusion-breadcrumb-item\"><a href=\"https:\/\/cabb-chemicals.com\/de\/\" class=\"fusion-breadcrumb-link\"><span >Home<\/span><\/a><\/span><span class=\"fusion-breadcrumb-sep\">&gt;<\/span><\/div><\/div><style type=\"text\/css\">.fusion-body .fusion-builder-column-0{width:100% !important;margin-top : 0px;margin-bottom : 0px;}.fusion-builder-column-0 > .fusion-column-wrapper {padding-top : 0px !important;padding-right : 0px !important;margin-right : 1.92%;padding-bottom : 0px !important;padding-left : 0px !important;margin-left : 1.92%;}@media only screen and (max-width:1024px) {.fusion-body .fusion-builder-column-0{width:100% !important;order : 0;}.fusion-builder-column-0 > .fusion-column-wrapper {margin-right : 1.92%;margin-left : 1.92%;}}@media only screen and (max-width:640px) {.fusion-body .fusion-builder-column-0{width:100% !important;order : 0;}.fusion-builder-column-0 > .fusion-column-wrapper {margin-right : 1.92%;margin-left : 1.92%;}}<\/style><\/div><\/div><style type=\"text\/css\">.fusion-body .fusion-flex-container.fusion-builder-row-1{ padding-top : 10px;margin-top : 0px;padding-right : 0px;padding-bottom : 10px;margin-bottom : 0px;padding-left : 0px;}<\/style><\/div>\n<div class=\"fusion-fullwidth fullwidth-box fusion-builder-row-2 fusion-flex-container nonhundred-percent-fullwidth non-hundred-percent-height-scrolling\" style=\"background-color: rgba(255,255,255,0);background-position: center center;background-repeat: no-repeat;border-width: 0px 0px 0px 0px;border-color:#e2e2e2;border-style:solid;\" ><div class=\"fusion-builder-row fusion-row fusion-flex-align-items-flex-start\" style=\"max-width:1144px;margin-left: calc(-4% \/ 2 );margin-right: calc(-4% \/ 2 );\"><div class=\"fusion-layout-column fusion_builder_column fusion-builder-column-1 fusion_builder_column_1_1 1_1 fusion-flex-column\"><div class=\"fusion-column-wrapper fusion-flex-justify-content-flex-start fusion-content-layout-column\" style=\"background-position:left top;background-repeat:no-repeat;-webkit-background-size:cover;-moz-background-size:cover;-o-background-size:cover;background-size:cover;padding: 0px 0px 0px 0px;\"><style type=\"text\/css\">@media only screen and (max-width:1024px) {.fusion-title.fusion-title-1{margin-top:10px!important; margin-right:0px!important;margin-bottom:15px!important;margin-left:0px!important;}}@media only screen and (max-width:640px) {.fusion-title.fusion-title-1{margin-top:10px!important; margin-right:0px!important;margin-bottom:10px!important; margin-left:0px!important;}}<\/style><div class=\"fusion-title title fusion-title-1 fusion-sep-none fusion-title-text fusion-title-size-two\" style=\"margin-top:10px;margin-right:0px;margin-bottom:15px;margin-left:0px;\"><h2 class=\"title-heading-left\" style=\"margin:0;\">Unser Weg zur Nachhaltigkeit<\/h2><\/div><\/div><style type=\"text\/css\">.fusion-body .fusion-builder-column-1{width:100% !important;margin-top : 0px;margin-bottom : 20px;}.fusion-builder-column-1 > .fusion-column-wrapper {padding-top : 0px !important;padding-right : 0px !important;margin-right : 1.92%;padding-bottom : 0px !important;padding-left : 0px !important;margin-left : 1.92%;}@media only screen and (max-width:1024px) {.fusion-body .fusion-builder-column-1{width:100% !important;order : 0;}.fusion-builder-column-1 > .fusion-column-wrapper {margin-right : 1.92%;margin-left : 1.92%;}}@media only screen and (max-width:640px) {.fusion-body .fusion-builder-column-1{width:100% !important;order : 0;}.fusion-builder-column-1 > .fusion-column-wrapper {margin-right : 1.92%;margin-left : 1.92%;}}<\/style><\/div><div class=\"fusion-layout-column fusion_builder_column fusion-builder-column-2 fusion_builder_column_1_2 1_2 fusion-flex-column\"><div class=\"fusion-column-wrapper fusion-flex-justify-content-flex-start fusion-content-layout-column\" style=\"background-position:left top;background-repeat:no-repeat;-webkit-background-size:cover;-moz-background-size:cover;-o-background-size:cover;background-size:cover;padding: 0px 0px 0px 0px;\"><div class=\"fusion-separator fusion-full-width-sep\" style=\"align-self: center;margin-left: auto;margin-right: auto;margin-top:8px;margin-bottom:8px;width:100%;\"><\/div><div class=\"fusion-text fusion-text-1\"><p>Die CABB Group setzt sich f\u00fcr den Klimaschutz, die F\u00f6rderung der Ressourceneffizienz und die Einhaltung hoher sozialer Standards f\u00fcr ihre Mitarbeitenden sowie f\u00fcr die Menschen in den Gemeinschaften im Umfeld ihrer Produktionsst\u00e4tten ein.<\/p>\n<p>Die doppelte Wesentlichkeitsanalyse trug dazu bei, kritische ESG-Bereiche zu identifizieren, in denen die CABB Group einen erheblichen Einfluss aus\u00fcbt, sowie diejenigen Bereiche, aus denen sich die f\u00fcr die Gruppe bedeutendsten Risiken und Chancen ergeben. Die CABB Group betrachtet die folgenden Nachhaltigkeitsbereiche als die wichtigsten:<\/p>\n<ul>\n<li>Klimawandel und Dekarbonisierung (ESRS E1)<\/li>\n<li>Wasserverbrauch und Ressourcenknappheit (ESRS E3)<\/li>\n<li>Soziale Werte und Unternehmenskultur (ESRS S1; G1)<\/li>\n<\/ul>\n<p>Die CABB Group setzt sich daf\u00fcr ein, die globale Erw\u00e4rmung einzud\u00e4mmen und die Treibhausgasemissionen (THG) nicht nur in ihren Produktionsprozessen, sondern auch entlang der gesamten Wertsch\u00f6pfungskette zu reduzieren. Mit ihrem an den SBTi-Zielen ausgerichteten Engagement\u00a0\u2013 der Reduzierung ihrer Scope-1- und Scope-2-Emissionen um 45,2\u00a0% sowie ihrer indirekten Scope-3-Emissionen um 25\u00a0% bis 2030\u00a0\u2013 m\u00f6chte die CABB Group einen positiven Beitrag zum Klimaschutz leisten. Die Scope-3-Emissionen machen tats\u00e4chlich den gr\u00f6ssten Anteil an den Emissionen der CABB Group aus. Dazu geh\u00f6ren beispielsweise die Herstellung von Rohstoffen durch Lieferanten und deren Lieferung. Dar\u00fcber hinaus ergeben sich aus dem Klimawandel auch \u00dcbergangsrisiken, wie beispielsweise die CO\u2082-Bepreisung und neue regulatorische \u00c4nderungen, und Gesch\u00e4ftsm\u00f6glichkeiten, wie die Einf\u00fchrung kohlenstoffarmer Produkte und die Steigerung der Rohstoffeffizienz.<\/p>\n<p>Ein weiterer wichtiger Bereich ist die nachhaltige Wasserwirtschaft, insbesondere angesichts der derzeitigen drohenden Wasserknappheit und der zunehmenden Erw\u00e4rmung infolge des Klimawandels. Daher konzentriert sich die CABB Group darauf, ihren Wasserverbrauch zu senken, ihre Ressourcennutzung mit Schwerpunkt auf Kreislaufwirtschaft in allen Betriebsbereichen zu verbessern und die damit verbundenen Risiken zu \u00fcberwachen.<\/p>\n<p>Die CABB Group legt grossen Wert auf ein sich weiterentwickelndes und integratives Arbeitsumfeld, das durch die Einbindung der Stakeholder gest\u00e4rkt wird, um Sicherheit zu f\u00f6rdern und Innovationen voranzutreiben. Sie arbeitet eng mit Kunden und Lieferanten zusammen, um die Partnerschaften zu st\u00e4rken und die Einhaltung der jeweiligen Normen und geltenden Vorschriften sicherzustellen. Dabei legt sie grossen Wert auf das lokale Engagement in den Gemeinschaften rund um die Produktionsstandorte. Der Inhalt dieser Brosch\u00fcre hat sich ge\u00e4ndert, da die CABB Group im Jahr 2025 eine endg\u00fcltige Vereinbarung \u00fcber den Verkauf ihres Standorts in Galena (USA) an ein anderes Unternehmen geschlossen hat. Gem\u00e4ss den Vorgaben der SBTi haben wir daher den Standort Galena in dieser Brosch\u00fcre nicht ber\u00fccksichtigt und alle Berechnungen r\u00fcckwirkend angepasst, um die tats\u00e4chlichen ESG-Entwicklungen bei gleichem Umfang und gleichem Basisjahr transparent darzustellen.<\/p>\n<p>Die folgende Tabelle zeigt die strategischen Nachhaltigkeitsziele der CABB Group, die auf die Ziele der Vereinten Nationen f\u00fcr nachhaltige Entwicklung ausgerichtet sind, sowie unsere guten Fortschritte bei der Umsetzung unserer Ziele f\u00fcr 2025 und 2030.<\/p>\n<p>Weitere Informationen finden Sie im <a href=\"https:\/\/cabb-chemicals.com\/wp-content\/uploads\/2026\/04\/CABB-Sustainability-Brochure-2025.pdf\" target=\"_blank\" rel=\"noopener\">Sustainability Report<\/a><\/p>\n<\/div><\/div><style type=\"text\/css\">.fusion-body .fusion-builder-column-2{width:50% !important;margin-top : 0px;margin-bottom : 20px;}.fusion-builder-column-2 > .fusion-column-wrapper {padding-top : 0px !important;padding-right : 0px !important;margin-right : 3.84%;padding-bottom : 0px !important;padding-left : 0px !important;margin-left : 3.84%;}@media only screen and (max-width:1024px) {.fusion-body .fusion-builder-column-2{width:50% !important;}.fusion-builder-column-2 > .fusion-column-wrapper {margin-right : 3.84%;margin-left : 3.84%;}}@media only screen and (max-width:640px) {.fusion-body .fusion-builder-column-2{width:100% !important;}.fusion-builder-column-2 > .fusion-column-wrapper {margin-right : 1.92%;margin-left : 1.92%;}}<\/style><\/div><div class=\"fusion-layout-column fusion_builder_column fusion-builder-column-3 fusion_builder_column_1_2 1_2 fusion-flex-column\"><div class=\"fusion-column-wrapper fusion-flex-justify-content-flex-start fusion-content-layout-column\" style=\"background-position:left top;background-repeat:no-repeat;-webkit-background-size:cover;-moz-background-size:cover;-o-background-size:cover;background-size:cover;padding: 0px 0px 0px 0px;\"><div class=\"fusion-separator fusion-full-width-sep\" style=\"align-self: center;margin-left: auto;margin-right: auto;margin-top:4px;margin-bottom:4px;width:100%;\"><\/div><div ><style>.fusion-imageframe.imageframe-1{ margin-top : 8px;}<\/style><span class=\" fusion-imageframe imageframe-none imageframe-1 hover-type-none\"><a href=\"https:\/\/cabb-chemicals.com\/wp-content\/uploads\/2026\/04\/Corporate_Sustainability_2030.jpg\" class=\"fusion-lightbox\" data-rel=\"iLightbox[99e4bc2e5a5875c96d3]\" data-title=\"Corporate_Sustainability_2030\" title=\"Corporate_Sustainability_2030\"><img decoding=\"async\" width=\"952\" height=\"906\" src=\"https:\/\/cabb-chemicals.com\/wp-content\/uploads\/2026\/04\/Corporate_Sustainability_2030.jpg\" alt class=\"img-responsive wp-image-20258\" srcset=\"https:\/\/cabb-chemicals.com\/wp-content\/uploads\/2026\/04\/Corporate_Sustainability_2030-200x190.jpg 200w, https:\/\/cabb-chemicals.com\/wp-content\/uploads\/2026\/04\/Corporate_Sustainability_2030-400x381.jpg 400w, https:\/\/cabb-chemicals.com\/wp-content\/uploads\/2026\/04\/Corporate_Sustainability_2030-600x571.jpg 600w, https:\/\/cabb-chemicals.com\/wp-content\/uploads\/2026\/04\/Corporate_Sustainability_2030-800x761.jpg 800w, https:\/\/cabb-chemicals.com\/wp-content\/uploads\/2026\/04\/Corporate_Sustainability_2030.jpg 952w\" sizes=\"(max-width: 640px) 100vw, 600px\" \/><\/a><\/span><\/div><div ><style>.fusion-imageframe.imageframe-2{ margin-top : 50px;margin-left : 20px;}<\/style><span class=\" fusion-imageframe imageframe-none imageframe-2 hover-type-none\"><img decoding=\"async\" width=\"947\" height=\"358\" title=\"sustainability_cabb\" src=\"https:\/\/cabb-chemicals.com\/wp-content\/uploads\/2023\/07\/sustainability_cabb.jpg\" alt class=\"img-responsive wp-image-12035\" srcset=\"https:\/\/cabb-chemicals.com\/wp-content\/uploads\/2023\/07\/sustainability_cabb-200x76.jpg 200w, https:\/\/cabb-chemicals.com\/wp-content\/uploads\/2023\/07\/sustainability_cabb-400x151.jpg 400w, https:\/\/cabb-chemicals.com\/wp-content\/uploads\/2023\/07\/sustainability_cabb-600x227.jpg 600w, https:\/\/cabb-chemicals.com\/wp-content\/uploads\/2023\/07\/sustainability_cabb-800x302.jpg 800w, https:\/\/cabb-chemicals.com\/wp-content\/uploads\/2023\/07\/sustainability_cabb.jpg 947w\" sizes=\"(max-width: 640px) 100vw, 600px\" \/><\/span><\/div><\/div><style type=\"text\/css\">.fusion-body .fusion-builder-column-3{width:50% !important;margin-top : 0px;margin-bottom : 20px;}.fusion-builder-column-3 > .fusion-column-wrapper {padding-top : 0px !important;padding-right : 0px !important;margin-right : 3.84%;padding-bottom : 0px !important;padding-left : 0px !important;margin-left : 3.84%;}@media only screen and (max-width:1024px) {.fusion-body .fusion-builder-column-3{width:50% !important;}.fusion-builder-column-3 > .fusion-column-wrapper {margin-right : 3.84%;margin-left : 3.84%;}}@media only screen and (max-width:640px) {.fusion-body .fusion-builder-column-3{width:100% !important;}.fusion-builder-column-3 > .fusion-column-wrapper {margin-right : 1.92%;margin-left : 1.92%;}}<\/style><\/div><\/div><style type=\"text\/css\">.fusion-body .fusion-flex-container.fusion-builder-row-2{ padding-top : 40px;margin-top : 0px;padding-right : 0px;padding-bottom : 60px;margin-bottom : 0px;padding-left : 0px;}<\/style><\/div><\/p>\n","protected":false},"excerpt":{"rendered":"","protected":false},"author":3796,"featured_media":0,"parent":10539,"menu_order":0,"comment_status":"closed","ping_status":"closed","template":"100-width.php","meta":{"_acf_changed":false,"inline_featured_image":false,"footnotes":""},"class_list":["post-11750","page","type-page","status-publish","hentry"],"acf":[],"yoast_head":"<!-- This site is optimized with the Yoast SEO plugin v27.5 - https:\/\/yoast.com\/product\/yoast-seo-wordpress\/ -->\n<title>Nachhaltigkeitsstrategie - CABB Chemicals<\/title>\n<meta name=\"robots\" content=\"index, follow, max-snippet:-1, max-image-preview:large, max-video-preview:-1\" \/>\n<link rel=\"canonical\" href=\"https:\/\/cabb-chemicals.com\/de\/nachhaltigkeit\/nachhaltigkeitsstrategie\/\" \/>\n<meta property=\"og:locale\" content=\"de_DE\" \/>\n<meta property=\"og:type\" content=\"article\" \/>\n<meta property=\"og:title\" content=\"Nachhaltigkeitsstrategie - CABB Chemicals\" \/>\n<meta property=\"og:url\" content=\"https:\/\/cabb-chemicals.com\/de\/nachhaltigkeit\/nachhaltigkeitsstrategie\/\" \/>\n<meta property=\"og:site_name\" content=\"CABB Chemicals\" \/>\n<meta property=\"article:modified_time\" content=\"2026-04-30T12:04:57+00:00\" \/>\n<meta name=\"twitter:card\" content=\"summary_large_image\" \/>\n<meta name=\"twitter:label1\" content=\"Gesch\u00e4tzte Lesezeit\" \/>\n\t<meta name=\"twitter:data1\" content=\"5 Minuten\" \/>\n<script type=\"application\/ld+json\" class=\"yoast-schema-graph\">{\"@context\":\"https:\\\/\\\/schema.org\",\"@graph\":[{\"@type\":\"WebPage\",\"@id\":\"https:\\\/\\\/cabb-chemicals.com\\\/de\\\/nachhaltigkeit\\\/nachhaltigkeitsstrategie\\\/\",\"url\":\"https:\\\/\\\/cabb-chemicals.com\\\/de\\\/nachhaltigkeit\\\/nachhaltigkeitsstrategie\\\/\",\"name\":\"Nachhaltigkeitsstrategie - CABB Chemicals\",\"isPartOf\":{\"@id\":\"https:\\\/\\\/cabb-chemicals.com\\\/#website\"},\"datePublished\":\"2023-04-25T21:37:54+00:00\",\"dateModified\":\"2026-04-30T12:04:57+00:00\",\"breadcrumb\":{\"@id\":\"https:\\\/\\\/cabb-chemicals.com\\\/de\\\/nachhaltigkeit\\\/nachhaltigkeitsstrategie\\\/#breadcrumb\"},\"inLanguage\":\"de-DE\",\"potentialAction\":[{\"@type\":\"ReadAction\",\"target\":[\"https:\\\/\\\/cabb-chemicals.com\\\/de\\\/nachhaltigkeit\\\/nachhaltigkeitsstrategie\\\/\"]}]},{\"@type\":\"BreadcrumbList\",\"@id\":\"https:\\\/\\\/cabb-chemicals.com\\\/de\\\/nachhaltigkeit\\\/nachhaltigkeitsstrategie\\\/#breadcrumb\",\"itemListElement\":[{\"@type\":\"ListItem\",\"position\":1,\"name\":\"Home\",\"item\":\"https:\\\/\\\/cabb-chemicals.com\\\/de\\\/\"},{\"@type\":\"ListItem\",\"position\":2,\"name\":\"Nachhaltigkeit\",\"item\":\"https:\\\/\\\/cabb-chemicals.com\\\/de\\\/nachhaltigkeit\\\/\"},{\"@type\":\"ListItem\",\"position\":3,\"name\":\"Nachhaltigkeitsstrategie\"}]},{\"@type\":\"WebSite\",\"@id\":\"https:\\\/\\\/cabb-chemicals.com\\\/#website\",\"url\":\"https:\\\/\\\/cabb-chemicals.com\\\/\",\"name\":\"CABB Chemicals\",\"description\":\"Your Partner in Fine Chemistry\",\"potentialAction\":[{\"@type\":\"SearchAction\",\"target\":{\"@type\":\"EntryPoint\",\"urlTemplate\":\"https:\\\/\\\/cabb-chemicals.com\\\/?s={search_term_string}\"},\"query-input\":{\"@type\":\"PropertyValueSpecification\",\"valueRequired\":true,\"valueName\":\"search_term_string\"}}],\"inLanguage\":\"de-DE\"}]}<\/script>\n<!-- \/ Yoast SEO plugin. -->","yoast_head_json":{"title":"Nachhaltigkeitsstrategie - CABB Chemicals","robots":{"index":"index","follow":"follow","max-snippet":"max-snippet:-1","max-image-preview":"max-image-preview:large","max-video-preview":"max-video-preview:-1"},"canonical":"https:\/\/cabb-chemicals.com\/de\/nachhaltigkeit\/nachhaltigkeitsstrategie\/","og_locale":"de_DE","og_type":"article","og_title":"Nachhaltigkeitsstrategie - CABB Chemicals","og_url":"https:\/\/cabb-chemicals.com\/de\/nachhaltigkeit\/nachhaltigkeitsstrategie\/","og_site_name":"CABB Chemicals","article_modified_time":"2026-04-30T12:04:57+00:00","twitter_card":"summary_large_image","twitter_misc":{"Gesch\u00e4tzte Lesezeit":"5 Minuten"},"schema":{"@context":"https:\/\/schema.org","@graph":[{"@type":"WebPage","@id":"https:\/\/cabb-chemicals.com\/de\/nachhaltigkeit\/nachhaltigkeitsstrategie\/","url":"https:\/\/cabb-chemicals.com\/de\/nachhaltigkeit\/nachhaltigkeitsstrategie\/","name":"Nachhaltigkeitsstrategie - CABB Chemicals","isPartOf":{"@id":"https:\/\/cabb-chemicals.com\/#website"},"datePublished":"2023-04-25T21:37:54+00:00","dateModified":"2026-04-30T12:04:57+00:00","breadcrumb":{"@id":"https:\/\/cabb-chemicals.com\/de\/nachhaltigkeit\/nachhaltigkeitsstrategie\/#breadcrumb"},"inLanguage":"de-DE","potentialAction":[{"@type":"ReadAction","target":["https:\/\/cabb-chemicals.com\/de\/nachhaltigkeit\/nachhaltigkeitsstrategie\/"]}]},{"@type":"BreadcrumbList","@id":"https:\/\/cabb-chemicals.com\/de\/nachhaltigkeit\/nachhaltigkeitsstrategie\/#breadcrumb","itemListElement":[{"@type":"ListItem","position":1,"name":"Home","item":"https:\/\/cabb-chemicals.com\/de\/"},{"@type":"ListItem","position":2,"name":"Nachhaltigkeit","item":"https:\/\/cabb-chemicals.com\/de\/nachhaltigkeit\/"},{"@type":"ListItem","position":3,"name":"Nachhaltigkeitsstrategie"}]},{"@type":"WebSite","@id":"https:\/\/cabb-chemicals.com\/#website","url":"https:\/\/cabb-chemicals.com\/","name":"CABB Chemicals","description":"Your Partner in Fine Chemistry","potentialAction":[{"@type":"SearchAction","target":{"@type":"EntryPoint","urlTemplate":"https:\/\/cabb-chemicals.com\/?s={search_term_string}"},"query-input":{"@type":"PropertyValueSpecification","valueRequired":true,"valueName":"search_term_string"}}],"inLanguage":"de-DE"}]}},"_links":{"self":[{"href":"https:\/\/cabb-chemicals.com\/de\/wp-json\/wp\/v2\/pages\/11750","targetHints":{"allow":["GET"]}}],"collection":[{"href":"https:\/\/cabb-chemicals.com\/de\/wp-json\/wp\/v2\/pages"}],"about":[{"href":"https:\/\/cabb-chemicals.com\/de\/wp-json\/wp\/v2\/types\/page"}],"author":[{"embeddable":true,"href":"https:\/\/cabb-chemicals.com\/de\/wp-json\/wp\/v2\/users\/3796"}],"replies":[{"embeddable":true,"href":"https:\/\/cabb-chemicals.com\/de\/wp-json\/wp\/v2\/comments?post=11750"}],"version-history":[{"count":0,"href":"https:\/\/cabb-chemicals.com\/de\/wp-json\/wp\/v2\/pages\/11750\/revisions"}],"up":[{"embeddable":true,"href":"https:\/\/cabb-chemicals.com\/de\/wp-json\/wp\/v2\/pages\/10539"}],"wp:attachment":[{"href":"https:\/\/cabb-chemicals.com\/de\/wp-json\/wp\/v2\/media?parent=11750"}],"curies":[{"name":"wp","href":"https:\/\/api.w.org\/{rel}","templated":true}]}}