{"id":11752,"date":"2023-04-25T21:41:03","date_gmt":"2023-04-25T21:41:03","guid":{"rendered":"https:\/\/cabb-chemicals.com\/?page_id=11752"},"modified":"2025-04-22T17:32:56","modified_gmt":"2025-04-22T17:32:56","slug":"umwelt","status":"publish","type":"page","link":"https:\/\/cabb-chemicals.com\/de\/nachhaltigkeit\/umwelt\/","title":{"rendered":"Umwelt"},"content":{"rendered":"<p><div class=\"fusion-fullwidth fullwidth-box fusion-builder-row-1 fusion-flex-container nonhundred-percent-fullwidth non-hundred-percent-height-scrolling\" style=\"background-color: #f9f9f9;background-position: center center;background-repeat: no-repeat;border-width: 0px 0px 0px 0px;border-color:#e2e2e2;border-style:solid;\" ><div class=\"fusion-builder-row fusion-row fusion-flex-align-items-flex-start\" style=\"max-width:1144px;margin-left: calc(-4% \/ 2 );margin-right: calc(-4% \/ 2 );\"><div class=\"fusion-layout-column fusion_builder_column fusion-builder-column-0 fusion_builder_column_1_1 1_1 fusion-flex-column\"><div class=\"fusion-column-wrapper fusion-flex-justify-content-flex-start fusion-content-layout-column\" style=\"background-position:left top;background-repeat:no-repeat;-webkit-background-size:cover;-moz-background-size:cover;-o-background-size:cover;background-size:cover;padding: 0px 0px 0px 0px;\"><style type=\"text\/css\">.fusion-breadcrumbs.fusion-breadcrumbs-1{font-size:14px;}.fusion-breadcrumbs.fusion-breadcrumbs-1 span a:hover{color:#d50b37 !important;}.fusion-breadcrumbs.fusion-breadcrumbs-1{color:#002860;}.fusion-breadcrumbs.fusion-breadcrumbs-1 a{color:#002860;}<\/style><div class=\"fusion-breadcrumbs fusion-breadcrumbs-1\"><span class=\"fusion-breadcrumb-item\"><a href=\"https:\/\/cabb-chemicals.com\/de\/\" class=\"fusion-breadcrumb-link\"><span >Home<\/span><\/a><\/span><span class=\"fusion-breadcrumb-sep\">&gt;<\/span><\/div><\/div><style type=\"text\/css\">.fusion-body .fusion-builder-column-0{width:100% !important;margin-top : 0px;margin-bottom : 0px;}.fusion-builder-column-0 > .fusion-column-wrapper {padding-top : 0px !important;padding-right : 0px !important;margin-right : 1.92%;padding-bottom : 0px !important;padding-left : 0px !important;margin-left : 1.92%;}@media only screen and (max-width:1024px) {.fusion-body .fusion-builder-column-0{width:100% !important;order : 0;}.fusion-builder-column-0 > .fusion-column-wrapper {margin-right : 1.92%;margin-left : 1.92%;}}@media only screen and (max-width:640px) {.fusion-body .fusion-builder-column-0{width:100% !important;order : 0;}.fusion-builder-column-0 > .fusion-column-wrapper {margin-right : 1.92%;margin-left : 1.92%;}}<\/style><\/div><\/div><style type=\"text\/css\">.fusion-body .fusion-flex-container.fusion-builder-row-1{ padding-top : 10px;margin-top : 0px;padding-right : 0px;padding-bottom : 10px;margin-bottom : 0px;padding-left : 0px;}<\/style><\/div>\n<div class=\"fusion-fullwidth fullwidth-box fusion-builder-row-2 fusion-flex-container nonhundred-percent-fullwidth non-hundred-percent-height-scrolling\" style=\"background-color: rgba(255,255,255,0);background-position: center center;background-repeat: no-repeat;border-width: 0px 0px 0px 0px;border-color:#e2e2e2;border-style:solid;\" ><div class=\"fusion-builder-row fusion-row fusion-flex-align-items-flex-start\" style=\"max-width:1144px;margin-left: calc(-4% \/ 2 );margin-right: calc(-4% \/ 2 );\"><div class=\"fusion-layout-column fusion_builder_column fusion-builder-column-1 fusion_builder_column_1_1 1_1 fusion-flex-column\"><div class=\"fusion-column-wrapper fusion-flex-justify-content-flex-start fusion-content-layout-column\" style=\"background-position:left top;background-repeat:no-repeat;-webkit-background-size:cover;-moz-background-size:cover;-o-background-size:cover;background-size:cover;padding: 0px 0px 0px 0px;\"><style type=\"text\/css\">@media only screen and (max-width:1024px) {.fusion-title.fusion-title-1{margin-top:10px!important; margin-right:0px!important;margin-bottom:15px!important;margin-left:0px!important;}}@media only screen and (max-width:640px) {.fusion-title.fusion-title-1{margin-top:10px!important; margin-right:0px!important;margin-bottom:10px!important; margin-left:0px!important;}}<\/style><div class=\"fusion-title title fusion-title-1 fusion-sep-none fusion-title-text fusion-title-size-two\" style=\"margin-top:10px;margin-right:0px;margin-bottom:15px;margin-left:0px;\"><h2 class=\"title-heading-left\" style=\"margin:0;\">Konkrete Klimaziele<\/h2><\/div><\/div><style type=\"text\/css\">.fusion-body .fusion-builder-column-1{width:100% !important;margin-top : 0px;margin-bottom : 20px;}.fusion-builder-column-1 > .fusion-column-wrapper {padding-top : 0px !important;padding-right : 0px !important;margin-right : 1.92%;padding-bottom : 0px !important;padding-left : 0px !important;margin-left : 1.92%;}@media only screen and (max-width:1024px) {.fusion-body .fusion-builder-column-1{width:100% !important;order : 0;}.fusion-builder-column-1 > .fusion-column-wrapper {margin-right : 1.92%;margin-left : 1.92%;}}@media only screen and (max-width:640px) {.fusion-body .fusion-builder-column-1{width:100% !important;order : 0;}.fusion-builder-column-1 > .fusion-column-wrapper {margin-right : 1.92%;margin-left : 1.92%;}}<\/style><\/div><div class=\"fusion-layout-column fusion_builder_column fusion-builder-column-2 fusion_builder_column_1_2 1_2 fusion-flex-column\"><div class=\"fusion-column-wrapper fusion-flex-justify-content-flex-start fusion-content-layout-column\" style=\"background-position:left top;background-repeat:no-repeat;-webkit-background-size:cover;-moz-background-size:cover;-o-background-size:cover;background-size:cover;padding: 0px 0px 0px 0px;\"><div class=\"fusion-text fusion-text-1\"><p>Die CABB Group hat sich verpflichtet, einen Beitrag zur Bek\u00e4mpfung des Klimawandels zu leisten und klimabedingte Risiken zu reduzieren. Die Gruppe hat daher verschiedene Massnahmen ergriffen, um nicht nur ihre Umweltauswirkungen zu reduzieren, sondern auch eine positive Wirkung zu erzielen: Das Strategic-Sourcing-Team arbeitet daran, Lieferanten einzubinden, um den CO<sub>2<\/sub>-Fussabdruck in der gesamten Lieferkette zu reduzieren und potenzielle alternative erneuerbare Materialien zu ermitteln. Die Umstellung auf gr\u00fcne Energiequellen wurde in die Nachhaltigkeitsstrategie aufgenommen und eine aktive Umstellung auf \u00d6kostrom ist im Gange. Die Verbesserung der Energieeffizienz hat weiterhin an allen Standorten Priorit\u00e4t, um CO<sub>2<\/sub>-Emissionen und klimabedingte Risiken zu reduzieren. Der verantwortungsvolle Umgang mit Wasser sowie der sichere Umgang mit umweltkritischen Materialien und Abw\u00e4ssern werden jederzeit sorgf\u00e4ltig \u00fcberwacht.<\/p>\n<p>Bei der CABB Group sind Umweltschutz und die effiziente Nutzung von Ressourcen Teil der operativen Exzellenz. Als sozial verantwortliches Unternehmen geht die CABB Group sorgsam mit ihren Ressourcen um, was sich wiederum positiv auf die wirtschaftlichen Gesichtspunkte auswirkt. Nachhaltige Produktionsmethoden wie die integrierte Produktion der CABB Group verschaffen dem Unternehmen einen Wettbewerbsvorteil, um langfristig konkurrenzf\u00e4hige Produkte und Dienstleistungen anzubieten und gleichzeitig die strategischen Partnerschaften mit seinen Kundinnen und Kunden zu erhalten und zu st\u00e4rken.<\/p>\n<p>Durch das Engagement im Rahmen der SBTi und die Anpassung ihrer kurzfristigen Umweltziele setzt sich die CABB Group f\u00fcr die Begrenzung der globalen Erw\u00e4rmung gem\u00e4ss dem Pariser Abkommen ein und ergreift Massnahmen zur Vermeidung, Reduzierung und, wo n\u00f6tig, zum Ausgleich von Treibhausgasemissionen.<\/p>\n<\/div><\/div><style type=\"text\/css\">.fusion-body .fusion-builder-column-2{width:50% !important;margin-top : 0px;margin-bottom : 20px;}.fusion-builder-column-2 > .fusion-column-wrapper {padding-top : 0px !important;padding-right : 0px !important;margin-right : 3.84%;padding-bottom : 0px !important;padding-left : 0px !important;margin-left : 3.84%;}@media only screen and (max-width:1024px) {.fusion-body .fusion-builder-column-2{width:50% !important;}.fusion-builder-column-2 > .fusion-column-wrapper {margin-right : 3.84%;margin-left : 3.84%;}}@media only screen and (max-width:640px) {.fusion-body .fusion-builder-column-2{width:100% !important;}.fusion-builder-column-2 > .fusion-column-wrapper {margin-right : 1.92%;margin-left : 1.92%;}}<\/style><\/div><div class=\"fusion-layout-column fusion_builder_column fusion-builder-column-3 fusion_builder_column_1_2 1_2 fusion-flex-column\"><div class=\"fusion-column-wrapper fusion-flex-justify-content-flex-start fusion-content-layout-column\" style=\"background-position:left top;background-repeat:no-repeat;-webkit-background-size:cover;-moz-background-size:cover;-o-background-size:cover;background-size:cover;padding: 0px 0px 0px 0px;\"><div class=\"fusion-text fusion-text-2\"><p><strong>Treibhausgasemissionen auf allen Ebenen reduzieren<br \/>\n<\/strong>Die Senkung von Treibhausgasmissionen (THGE) ist eine umfassende und wichtige Aufgabe f\u00fcr die CABB Group. Neben den direkten (Scope 1) und indirekten THGE (Scope 2; aus dem Einkauf von Energie) machen die indirekten THGE aus der gesamten vorgelagerten Wertsch\u00f6pfungskette (Scope 3) den gr\u00f6ssten Anteil der CO<sub>2<\/sub>e-Emissionen des Unternehmens aus. Scope 3 umfasst zum Beispiel die Herstellung von Rohstoffen durch Lieferanten und die Lieferung selbst. Die Reduktion von Scope-3-Emissionen ist ein sehr komplexer Prozess, aber hier kann die CABB Group ihre Emissionen innerhalb der Branche am meisten reduzieren.<\/p>\n<p><strong>Fokus auf betriebliche Spitzenleistungen und Beschaffung<br \/>\n<\/strong>Die Steigerung betrieblicher Effizienz hat f\u00fcr die CABB Group h\u00f6chste Priorit\u00e4t. Die kontinuierliche Verbesserung der Produktionsprozesse der CABB Group und gezielte Investitionen in kosten- und ressourceneffiziente Prozesstechnologie sind ein wesentlicher Bestandteil davon, um Innovationen in der Produktion voranzutreiben, den Energieverbrauch zu optimieren, die negativen Umweltauswirkungen zu minimieren und Kostenvorteile zu schaffen. Beispiele hierf\u00fcr sind die Aufr\u00fcstung der Abfallverbrennungsanlage am Standort Kokkola (Finnland), die Erneuerung der technischen Infrastruktur am Standort Gersthofen (Deutschland), wo der Energieverbrauch deutlich gesenkt werden konnte, und die Installation von \u00dcberwachungssystemen an 180 Kondensatableitern in Galena (USA), die dazu beitrugen, verschiedene Ursachen f\u00fcr Ausf\u00e4lle von Dampfheizk\u00f6rpern zu ermitteln und Erdgas einzusparen. Solche Massnahmen tragen massgeblich zur kontinuierlichen Verbesserung und zur langfristigen Wettbewerbsf\u00e4higkeit der CABB Group bei. Ausserdem wird die CABB Group ihren Anteil an erneuerbarem Strom in den kommenden Jahren schrittweise erh\u00f6hen.<\/p>\n<\/div><div class=\"fusion-text fusion-text-3\"><p>Weitere Informationen finden Sie im <a href=\"https:\/\/cabb-chemicals.com\/wp-content\/uploads\/2025\/04\/250422_cabb_cr_report_2024.pdf\" target=\"_blank\" rel=\"noopener\">Sustainability Report<\/a><\/p>\n<\/div><\/div><style type=\"text\/css\">.fusion-body .fusion-builder-column-3{width:50% !important;margin-top : 0px;margin-bottom : 20px;}.fusion-builder-column-3 > .fusion-column-wrapper {padding-top : 0px !important;padding-right : 0px !important;margin-right : 3.84%;padding-bottom : 0px !important;padding-left : 0px !important;margin-left : 3.84%;}@media only screen and (max-width:1024px) {.fusion-body .fusion-builder-column-3{width:50% !important;}.fusion-builder-column-3 > .fusion-column-wrapper {margin-right : 3.84%;margin-left : 3.84%;}}@media only screen and (max-width:640px) {.fusion-body .fusion-builder-column-3{width:100% !important;}.fusion-builder-column-3 > .fusion-column-wrapper {margin-right : 1.92%;margin-left : 1.92%;}}<\/style><\/div><\/div><style type=\"text\/css\">.fusion-body .fusion-flex-container.fusion-builder-row-2{ padding-top : 40px;margin-top : 0px;padding-right : 0px;padding-bottom : 60px;margin-bottom : 0px;padding-left : 0px;}<\/style><\/div><\/p>\n","protected":false},"excerpt":{"rendered":"","protected":false},"author":3796,"featured_media":0,"parent":10539,"menu_order":0,"comment_status":"closed","ping_status":"closed","template":"100-width.php","meta":{"_acf_changed":false,"inline_featured_image":false,"footnotes":""},"class_list":["post-11752","page","type-page","status-publish","hentry"],"acf":[],"yoast_head":"<!-- This site is optimized with the Yoast SEO plugin v27.5 - https:\/\/yoast.com\/product\/yoast-seo-wordpress\/ -->\n<title>Umwelt - CABB Chemicals<\/title>\n<meta name=\"robots\" content=\"index, follow, max-snippet:-1, max-image-preview:large, max-video-preview:-1\" \/>\n<link rel=\"canonical\" href=\"https:\/\/cabb-chemicals.com\/de\/nachhaltigkeit\/umwelt\/\" \/>\n<meta property=\"og:locale\" content=\"de_DE\" \/>\n<meta property=\"og:type\" content=\"article\" \/>\n<meta property=\"og:title\" content=\"Umwelt - CABB Chemicals\" \/>\n<meta property=\"og:url\" content=\"https:\/\/cabb-chemicals.com\/de\/nachhaltigkeit\/umwelt\/\" \/>\n<meta property=\"og:site_name\" content=\"CABB Chemicals\" \/>\n<meta property=\"article:modified_time\" content=\"2025-04-22T17:32:56+00:00\" \/>\n<meta name=\"twitter:card\" content=\"summary_large_image\" \/>\n<meta name=\"twitter:label1\" content=\"Gesch\u00e4tzte Lesezeit\" \/>\n\t<meta name=\"twitter:data1\" content=\"5 Minuten\" \/>\n<script type=\"application\/ld+json\" class=\"yoast-schema-graph\">{\"@context\":\"https:\\\/\\\/schema.org\",\"@graph\":[{\"@type\":\"WebPage\",\"@id\":\"https:\\\/\\\/cabb-chemicals.com\\\/de\\\/nachhaltigkeit\\\/umwelt\\\/\",\"url\":\"https:\\\/\\\/cabb-chemicals.com\\\/de\\\/nachhaltigkeit\\\/umwelt\\\/\",\"name\":\"Umwelt - CABB Chemicals\",\"isPartOf\":{\"@id\":\"https:\\\/\\\/cabb-chemicals.com\\\/#website\"},\"datePublished\":\"2023-04-25T21:41:03+00:00\",\"dateModified\":\"2025-04-22T17:32:56+00:00\",\"breadcrumb\":{\"@id\":\"https:\\\/\\\/cabb-chemicals.com\\\/de\\\/nachhaltigkeit\\\/umwelt\\\/#breadcrumb\"},\"inLanguage\":\"de-DE\",\"potentialAction\":[{\"@type\":\"ReadAction\",\"target\":[\"https:\\\/\\\/cabb-chemicals.com\\\/de\\\/nachhaltigkeit\\\/umwelt\\\/\"]}]},{\"@type\":\"BreadcrumbList\",\"@id\":\"https:\\\/\\\/cabb-chemicals.com\\\/de\\\/nachhaltigkeit\\\/umwelt\\\/#breadcrumb\",\"itemListElement\":[{\"@type\":\"ListItem\",\"position\":1,\"name\":\"Home\",\"item\":\"https:\\\/\\\/cabb-chemicals.com\\\/de\\\/\"},{\"@type\":\"ListItem\",\"position\":2,\"name\":\"Nachhaltigkeit\",\"item\":\"https:\\\/\\\/cabb-chemicals.com\\\/de\\\/nachhaltigkeit\\\/\"},{\"@type\":\"ListItem\",\"position\":3,\"name\":\"Umwelt\"}]},{\"@type\":\"WebSite\",\"@id\":\"https:\\\/\\\/cabb-chemicals.com\\\/#website\",\"url\":\"https:\\\/\\\/cabb-chemicals.com\\\/\",\"name\":\"CABB Chemicals\",\"description\":\"Your Partner in Fine Chemistry\",\"potentialAction\":[{\"@type\":\"SearchAction\",\"target\":{\"@type\":\"EntryPoint\",\"urlTemplate\":\"https:\\\/\\\/cabb-chemicals.com\\\/?s={search_term_string}\"},\"query-input\":{\"@type\":\"PropertyValueSpecification\",\"valueRequired\":true,\"valueName\":\"search_term_string\"}}],\"inLanguage\":\"de-DE\"}]}<\/script>\n<!-- \/ Yoast SEO plugin. -->","yoast_head_json":{"title":"Umwelt - CABB Chemicals","robots":{"index":"index","follow":"follow","max-snippet":"max-snippet:-1","max-image-preview":"max-image-preview:large","max-video-preview":"max-video-preview:-1"},"canonical":"https:\/\/cabb-chemicals.com\/de\/nachhaltigkeit\/umwelt\/","og_locale":"de_DE","og_type":"article","og_title":"Umwelt - CABB Chemicals","og_url":"https:\/\/cabb-chemicals.com\/de\/nachhaltigkeit\/umwelt\/","og_site_name":"CABB Chemicals","article_modified_time":"2025-04-22T17:32:56+00:00","twitter_card":"summary_large_image","twitter_misc":{"Gesch\u00e4tzte Lesezeit":"5 Minuten"},"schema":{"@context":"https:\/\/schema.org","@graph":[{"@type":"WebPage","@id":"https:\/\/cabb-chemicals.com\/de\/nachhaltigkeit\/umwelt\/","url":"https:\/\/cabb-chemicals.com\/de\/nachhaltigkeit\/umwelt\/","name":"Umwelt - CABB Chemicals","isPartOf":{"@id":"https:\/\/cabb-chemicals.com\/#website"},"datePublished":"2023-04-25T21:41:03+00:00","dateModified":"2025-04-22T17:32:56+00:00","breadcrumb":{"@id":"https:\/\/cabb-chemicals.com\/de\/nachhaltigkeit\/umwelt\/#breadcrumb"},"inLanguage":"de-DE","potentialAction":[{"@type":"ReadAction","target":["https:\/\/cabb-chemicals.com\/de\/nachhaltigkeit\/umwelt\/"]}]},{"@type":"BreadcrumbList","@id":"https:\/\/cabb-chemicals.com\/de\/nachhaltigkeit\/umwelt\/#breadcrumb","itemListElement":[{"@type":"ListItem","position":1,"name":"Home","item":"https:\/\/cabb-chemicals.com\/de\/"},{"@type":"ListItem","position":2,"name":"Nachhaltigkeit","item":"https:\/\/cabb-chemicals.com\/de\/nachhaltigkeit\/"},{"@type":"ListItem","position":3,"name":"Umwelt"}]},{"@type":"WebSite","@id":"https:\/\/cabb-chemicals.com\/#website","url":"https:\/\/cabb-chemicals.com\/","name":"CABB Chemicals","description":"Your Partner in Fine Chemistry","potentialAction":[{"@type":"SearchAction","target":{"@type":"EntryPoint","urlTemplate":"https:\/\/cabb-chemicals.com\/?s={search_term_string}"},"query-input":{"@type":"PropertyValueSpecification","valueRequired":true,"valueName":"search_term_string"}}],"inLanguage":"de-DE"}]}},"_links":{"self":[{"href":"https:\/\/cabb-chemicals.com\/de\/wp-json\/wp\/v2\/pages\/11752","targetHints":{"allow":["GET"]}}],"collection":[{"href":"https:\/\/cabb-chemicals.com\/de\/wp-json\/wp\/v2\/pages"}],"about":[{"href":"https:\/\/cabb-chemicals.com\/de\/wp-json\/wp\/v2\/types\/page"}],"author":[{"embeddable":true,"href":"https:\/\/cabb-chemicals.com\/de\/wp-json\/wp\/v2\/users\/3796"}],"replies":[{"embeddable":true,"href":"https:\/\/cabb-chemicals.com\/de\/wp-json\/wp\/v2\/comments?post=11752"}],"version-history":[{"count":0,"href":"https:\/\/cabb-chemicals.com\/de\/wp-json\/wp\/v2\/pages\/11752\/revisions"}],"up":[{"embeddable":true,"href":"https:\/\/cabb-chemicals.com\/de\/wp-json\/wp\/v2\/pages\/10539"}],"wp:attachment":[{"href":"https:\/\/cabb-chemicals.com\/de\/wp-json\/wp\/v2\/media?parent=11752"}],"curies":[{"name":"wp","href":"https:\/\/api.w.org\/{rel}","templated":true}]}}