{"id":9330,"date":"2021-02-26T00:22:39","date_gmt":"2021-02-26T00:22:39","guid":{"rendered":"https:\/\/cabb-chemicals.com\/services\/"},"modified":"2023-05-15T16:11:21","modified_gmt":"2023-05-15T16:11:21","slug":"services","status":"publish","type":"page","link":"https:\/\/cabb-chemicals.com\/de\/produkte-loesungen\/custom-manufacturing\/services\/","title":{"rendered":"Dienstleistungen"},"content":{"rendered":"<p><div class=\"fusion-fullwidth fullwidth-box fusion-builder-row-1 fusion-flex-container nonhundred-percent-fullwidth non-hundred-percent-height-scrolling\" style=\"background-color: #f9f9f9;background-position: center center;background-repeat: no-repeat;border-width: 0px 0px 0px 0px;border-color:#e2e2e2;border-style:solid;\" ><div class=\"fusion-builder-row fusion-row fusion-flex-align-items-flex-start\" style=\"max-width:1144px;margin-left: calc(-4% \/ 2 );margin-right: calc(-4% \/ 2 );\"><div class=\"fusion-layout-column fusion_builder_column fusion-builder-column-0 fusion_builder_column_1_1 1_1 fusion-flex-column\"><div class=\"fusion-column-wrapper fusion-flex-justify-content-flex-start fusion-content-layout-column\" style=\"background-position:left top;background-repeat:no-repeat;-webkit-background-size:cover;-moz-background-size:cover;-o-background-size:cover;background-size:cover;padding: 0px 0px 0px 0px;\"><style type=\"text\/css\">.fusion-breadcrumbs.fusion-breadcrumbs-1{font-size:14px;}.fusion-breadcrumbs.fusion-breadcrumbs-1 span a:hover{color:#d50b37 !important;}.fusion-breadcrumbs.fusion-breadcrumbs-1{color:#002860;}.fusion-breadcrumbs.fusion-breadcrumbs-1 a{color:#002860;}<\/style><div class=\"fusion-breadcrumbs fusion-breadcrumbs-1\"><span class=\"fusion-breadcrumb-item\"><a href=\"https:\/\/cabb-chemicals.com\/de\/\" class=\"fusion-breadcrumb-link\"><span >Home<\/span><\/a><\/span><span class=\"fusion-breadcrumb-sep\">&gt;<\/span><\/div><\/div><style type=\"text\/css\">.fusion-body .fusion-builder-column-0{width:100% !important;margin-top : 0px;margin-bottom : 0px;}.fusion-builder-column-0 > .fusion-column-wrapper {padding-top : 0px !important;padding-right : 0px !important;margin-right : 1.92%;padding-bottom : 0px !important;padding-left : 0px !important;margin-left : 1.92%;}@media only screen and (max-width:1024px) {.fusion-body .fusion-builder-column-0{width:100% !important;order : 0;}.fusion-builder-column-0 > .fusion-column-wrapper {margin-right : 1.92%;margin-left : 1.92%;}}@media only screen and (max-width:640px) {.fusion-body .fusion-builder-column-0{width:100% !important;order : 0;}.fusion-builder-column-0 > .fusion-column-wrapper {margin-right : 1.92%;margin-left : 1.92%;}}<\/style><\/div><\/div><style type=\"text\/css\">.fusion-body .fusion-flex-container.fusion-builder-row-1{ padding-top : 10px;margin-top : 0px;padding-right : 0px;padding-bottom : 10px;margin-bottom : 0px;padding-left : 0px;}<\/style><\/div>\n<div class=\"fusion-fullwidth fullwidth-box fusion-builder-row-2 fusion-flex-container nonhundred-percent-fullwidth non-hundred-percent-height-scrolling\" style=\"background-color: rgba(255,255,255,0);background-position: center center;background-repeat: no-repeat;border-width: 0px 0px 0px 0px;border-color:#e2e2e2;border-style:solid;\" ><div class=\"fusion-builder-row fusion-row fusion-flex-align-items-flex-start\" style=\"max-width:1144px;margin-left: calc(-4% \/ 2 );margin-right: calc(-4% \/ 2 );\"><div class=\"fusion-layout-column fusion_builder_column fusion-builder-column-1 fusion_builder_column_1_2 1_2 fusion-flex-column\"><div class=\"fusion-column-wrapper fusion-flex-justify-content-flex-start fusion-content-layout-column\" style=\"background-position:left top;background-repeat:no-repeat;-webkit-background-size:cover;-moz-background-size:cover;-o-background-size:cover;background-size:cover;padding: 0px 0px 0px 0px;\"><style type=\"text\/css\">@media only screen and (max-width:1024px) {.fusion-title.fusion-title-1{margin-top:10px!important; margin-right:0px!important;margin-bottom:15px!important;margin-left:0px!important;}}@media only screen and (max-width:640px) {.fusion-title.fusion-title-1{margin-top:10px!important; margin-right:0px!important;margin-bottom:10px!important; margin-left:0px!important;}}<\/style><div class=\"fusion-title title fusion-title-1 fusion-sep-none fusion-title-text fusion-title-size-two\" style=\"margin-top:10px;margin-right:0px;margin-bottom:15px;margin-left:0px;\"><h2 class=\"title-heading-left\" style=\"margin:0;\">Warum Sie sich bei Ihrem n\u00e4chsten Custom-Manufacturing-Projekt f\u00fcr Feinchemikalien von CABB entscheiden sollten<\/h2><\/div><\/div><style type=\"text\/css\">.fusion-body .fusion-builder-column-1{width:50% !important;margin-top : 0px;margin-bottom : 20px;}.fusion-builder-column-1 > .fusion-column-wrapper {padding-top : 0px !important;padding-right : 0px !important;margin-right : 3.84%;padding-bottom : 0px !important;padding-left : 0px !important;margin-left : 3.84%;}@media only screen and (max-width:1024px) {.fusion-body .fusion-builder-column-1{width:50% !important;}.fusion-builder-column-1 > .fusion-column-wrapper {margin-right : 3.84%;margin-left : 3.84%;}}@media only screen and (max-width:640px) {.fusion-body .fusion-builder-column-1{width:100% !important;}.fusion-builder-column-1 > .fusion-column-wrapper {margin-right : 1.92%;margin-left : 1.92%;}}<\/style><\/div><div class=\"fusion-layout-column fusion_builder_column fusion-builder-column-2 fusion_builder_column_1_2 1_2 fusion-flex-column\"><div class=\"fusion-column-wrapper fusion-flex-justify-content-flex-start fusion-content-layout-column\" style=\"background-position:left top;background-repeat:no-repeat;-webkit-background-size:cover;-moz-background-size:cover;-o-background-size:cover;background-size:cover;padding: 0px 0px 0px 0px;\"><div class=\"fusion-text fusion-text-1\"><p>CABB ist auf komplexe, mehrstufige chemische Synthesen spezialisiert. Die einzigartige Expertise f\u00fcr Feinchemie, die Umsetzungsst\u00e4rke bei der Implementierung von grossen Wachstumsprojekten, sowie die Einbindung von Spitzentechnologie bilden das Fundament f\u00fcr unseren Erfolg. Viel mehr z\u00e4hlt f\u00fcr uns jedoch der Erfolg unserer Kunden. Wir gehen auf Ihre individuellen Bed\u00fcrfnisse ein und setzen f\u00fcr Sie massgeschneiderte Produktionsprozesse auf. Hochqualifizierte Fachexperten stehen unseren Custom Manufacturing Kunden jederzeit zur Seite. Mit CABB als strategischem Partner gewinnen Kunden nicht nur an Flexibilit\u00e4t in der Produktion, sondern beschleunigen auch die Markteinf\u00fchrung von Innovationen. Traditionell pflegen wir langj\u00e4hrige Partnerschaften mit Kunden in den Sektoren Crop Sciences, Life Sciences und Performance Materials und nehmen dabei eine wichtige Rolle in deren Wertsch\u00f6pfungskette ein.<\/p>\n<p><a href=\"https:\/\/cabb-chemicals.com\/wp-content\/uploads\/2023\/05\/CABB-Unternehmensflyer.pdf\" target=\"_blank\" rel=\"noopener\">CABB Corporate Brosch\u00fcre<\/a><\/p>\n<\/div><\/div><style type=\"text\/css\">.fusion-body .fusion-builder-column-2{width:50% !important;margin-top : 0px;margin-bottom : 20px;}.fusion-builder-column-2 > .fusion-column-wrapper {padding-top : 0px !important;padding-right : 0px !important;margin-right : 3.84%;padding-bottom : 0px !important;padding-left : 0px !important;margin-left : 3.84%;}@media only screen and (max-width:1024px) {.fusion-body .fusion-builder-column-2{width:50% !important;}.fusion-builder-column-2 > .fusion-column-wrapper {margin-right : 3.84%;margin-left : 3.84%;}}@media only screen and (max-width:640px) {.fusion-body .fusion-builder-column-2{width:100% !important;}.fusion-builder-column-2 > .fusion-column-wrapper {margin-right : 1.92%;margin-left : 1.92%;}}<\/style><\/div><\/div><style type=\"text\/css\">.fusion-body .fusion-flex-container.fusion-builder-row-2{ padding-top : 40px;margin-top : 0px;padding-right : 0px;padding-bottom : 60px;margin-bottom : 0px;padding-left : 0px;}<\/style><\/div><div class=\"fusion-fullwidth fullwidth-box fusion-builder-row-3 fusion-flex-container nonhundred-percent-fullwidth non-hundred-percent-height-scrolling\" style=\"background-color: rgba(255,255,255,0);background-position: center center;background-repeat: no-repeat;border-width: 0px 0px 0px 0px;border-color:#e2e2e2;border-style:solid;\" ><div class=\"fusion-builder-row fusion-row fusion-flex-align-items-flex-start\" style=\"max-width:1144px;margin-left: calc(-4% \/ 2 );margin-right: calc(-4% \/ 2 );\"><div class=\"fusion-layout-column fusion_builder_column fusion-builder-column-3 fusion_builder_column_1_1 1_1 fusion-flex-column\"><div class=\"fusion-column-wrapper fusion-flex-justify-content-flex-start fusion-content-layout-column\" style=\"background-position:left top;background-repeat:no-repeat;-webkit-background-size:cover;-moz-background-size:cover;-o-background-size:cover;background-size:cover;padding: 0px 0px 0px 0px;\"><div class=\"fusion-text fusion-text-2\"><p>Unsere St\u00e4rken als Custom Manufacturer f\u00fcr Feinchemikalien sind in diesen Wettbewerbsvorteilen verankert. Unsere Kunden wissen dies zu sch\u00e4tzen und danken es uns mit kontinuierlichen Auftr\u00e4gen und Zugang zu neuen Pipeline-M\u00f6glichkeiten:<\/p>\n<\/div><div class=\"fusion-separator fusion-full-width-sep\" style=\"align-self: center;margin-left: auto;margin-right: auto;margin-bottom:15px;width:100%;\"><\/div>\n<div class=\"table-2\">\n<table width=\"100%\">\n<thead>\n<tr>\n<th align=\"left\"><span style=\"color: #ffffff;\">Serviceangebot<\/span><\/th>\n<th align=\"left\"><span style=\"color: #ffffff;\">Der Vorteil von CABB<\/span><\/th>\n<th align=\"left\"><span style=\"color: #ffffff;\">Vorteile f\u00fcr den Kunden<\/span><\/th>\n<\/tr>\n<\/thead>\n<tbody>\n<tr>\n<td align=\"left\">Exklusivit\u00e4t<\/td>\n<td align=\"left\">Individueller Ansatz bei der Herstellung exklusiver Molek\u00fcle<\/td>\n<td align=\"left\">Sinnvolle Vereinbarungen, IP-Sicherheit, langfristige Partnerschaften<\/td>\n<\/tr>\n<tr>\n<td align=\"left\">Praktische Projektbeurteilung<\/td>\n<td align=\"left\">Fr\u00fchzeitige Beurteilung der Eignung; Empfehlung von Alternativen, sofern m\u00f6glich<\/td>\n<td align=\"left\">Zeiteinsparung, Vorantreiben des Projekts<\/td>\n<\/tr>\n<tr>\n<td align=\"left\">Vollst\u00e4ndige Einf\u00fchrung m\u00f6glich<\/td>\n<td align=\"left\">Multidisziplin\u00e4re, integrierte Teams zur Unterst\u00fctzung aller Aspekte der Einf\u00fchrung neuer Produkte bzw. Projekte<\/td>\n<td align=\"left\">Kostspielige Einbettung von Kundenpersonal oder Beratern f\u00fcr Start-ups oder umfangreichere Kampagnen werden \u00fcberfl\u00fcssig<\/td>\n<\/tr>\n<tr>\n<td align=\"left\">Vor-Ort-Teams f\u00fcr Labor und Analysen<\/td>\n<td align=\"left\">Prozessentwicklungs- und Scale-up-Services mit umfassenden Analyseinstrumenten und methodischer Unterst\u00fctzung<\/td>\n<td align=\"left\">Direktes Feedback f\u00fcr rasche Entscheidungsfindung und fr\u00fchzeitige Ausrichtung des Anwenders<\/td>\n<\/tr>\n<tr>\n<td align=\"left\">Gr\u00fcne Chemie<\/td>\n<td align=\"left\">Optimierte Produktionskampagnen zur Verbesserung von Sicherheit, Abfallstr\u00f6men und Umweltschutz<\/td>\n<td align=\"left\">Sicherstellung nachhaltiger und mit den UN-Zielen f\u00fcr nachhaltige Entwicklung konformer Projekte<\/td>\n<\/tr>\n<tr>\n<td align=\"left\">Sicherheit der Lieferkette<\/td>\n<td align=\"left\">Umfassende Beschaffungsnetze f\u00fcr konventionelle und seltene Rohstoffe<\/td>\n<td align=\"left\">Vermeiden von Verknappung, Engp\u00e4ssen und teuren Leerlaufzeiten<\/td>\n<\/tr>\n<tr>\n<td align=\"left\">Kampagnenmanagement<\/td>\n<td align=\"left\">IoT- und ERP-Links vor Ort einschlie\u00dflich SAP<\/td>\n<td align=\"left\">Echtzeitanalysen zur Ermittlung weiterer Prozessverbesserungen<\/td>\n<\/tr>\n<tr>\n<td align=\"left\">Erfahrene Pr\u00fcfteams<\/td>\n<td align=\"left\">Regelm\u00e4\u00dfige Veranstaltungen f\u00fcr Kunden, weiterverarbeitende Kunden und Aufsichtsbeh\u00f6rden<\/td>\n<td align=\"left\">Zeiteinsparung, Sicherstellung von Compliance und Transparenz<\/td>\n<\/tr>\n<tr>\n<td align=\"left\">Finanzielle Optionen<\/td>\n<td align=\"left\">Kreative und flexible Optionen, die die Kundenbed\u00fcrfnisse erf\u00fcllen<\/td>\n<td align=\"left\">Anpassung des Investitionsumfangs an die Anforderungen und Unterst\u00fctzung bei k\u00fcnftiger Expansion<\/td>\n<\/tr>\n<tr>\n<td align=\"left\">Kosteneinsparungs- und Verbesserungsprogramme<\/td>\n<td align=\"left\">Abstimmungssitzungen vor Ort mit vollst\u00e4ndiger Transparenz<\/td>\n<td align=\"left\">Sicherstellung kontinuierlicher Verbesserungen, besserer langfristiger Ergebnisse und Einsparungen f\u00fcr alle Beteiligten<\/td>\n<\/tr>\n<tr>\n<td align=\"left\">Reinraumeinrichtungen<\/td>\n<td align=\"left\">Vorschriften f\u00fcr Verunreinigungen im PPT-Bereich<\/td>\n<td align=\"left\">Deckung der steigenden Nachfrage seitens der Elektronikindustrie<\/td>\n<\/tr>\n<tr>\n<td align=\"left\">Transatlantische Pr\u00e4senz<\/td>\n<td align=\"left\">Standorte in Finnland, der Schweiz und den USA<\/td>\n<td align=\"left\">Sichere Produktion von Chemikalien und optimales Produktionsmodell f\u00fcr jeden Kunden<\/td>\n<\/tr>\n<\/tbody>\n<\/table>\n<\/div>\n<\/div><style type=\"text\/css\">.fusion-body .fusion-builder-column-3{width:100% !important;margin-top : 0px;margin-bottom : 20px;}.fusion-builder-column-3 > .fusion-column-wrapper {padding-top : 0px !important;padding-right : 0px !important;margin-right : 1.92%;padding-bottom : 0px !important;padding-left : 0px !important;margin-left : 1.92%;}@media only screen and (max-width:1024px) {.fusion-body .fusion-builder-column-3{width:100% !important;order : 0;}.fusion-builder-column-3 > .fusion-column-wrapper {margin-right : 1.92%;margin-left : 1.92%;}}@media only screen and (max-width:640px) {.fusion-body .fusion-builder-column-3{width:100% !important;order : 0;}.fusion-builder-column-3 > .fusion-column-wrapper {margin-right : 1.92%;margin-left : 1.92%;}}<\/style><\/div><\/div><style type=\"text\/css\">.fusion-body .fusion-flex-container.fusion-builder-row-3{ padding-top : 0px;margin-top : 0px;padding-right : 0px;padding-bottom : 0px;margin-bottom : 40px;padding-left : 0px;}<\/style><\/div><div class=\"fusion-fullwidth fullwidth-box fusion-builder-row-4 fusion-flex-container nonhundred-percent-fullwidth non-hundred-percent-height-scrolling\" style=\"background-color: #f2f2f2;background-position: center center;background-repeat: no-repeat;border-width: 0px 0px 0px 0px;border-color:#e2e2e2;border-style:solid;\" ><div class=\"fusion-builder-row fusion-row fusion-flex-align-items-flex-start\" style=\"max-width:1144px;margin-left: calc(-4% \/ 2 );margin-right: calc(-4% \/ 2 );\"><div class=\"fusion-layout-column fusion_builder_column fusion-builder-column-4 fusion_builder_column_1_1 1_1 fusion-flex-column\"><div class=\"fusion-column-wrapper fusion-flex-justify-content-flex-start fusion-content-layout-column\" style=\"background-position:left top;background-repeat:no-repeat;-webkit-background-size:cover;-moz-background-size:cover;-o-background-size:cover;background-size:cover;padding: 0px 0px 0px 0px;\"><script type=\"text\/javascript\">\n    jQuery(document).ready(function () {\n        \/\/Disable cut copy paste\n        jQuery('body').bind('cut copy paste', function (e) {\n            e.preventDefault();\n        });\n        \/\/Disable mouse right click\n        jQuery(\"body\").on(\"contextmenu\",function(e){\n            return false;\n        });\n    });\n    <\/script><\/div><style type=\"text\/css\">.fusion-body .fusion-builder-column-4{width:100% !important;margin-top : 0px;margin-bottom : 0px;}.fusion-builder-column-4 > .fusion-column-wrapper {padding-top : 0px !important;padding-right : 0px !important;margin-right : 1.92%;padding-bottom : 0px !important;padding-left : 0px !important;margin-left : 1.92%;}@media only screen and (max-width:1024px) {.fusion-body .fusion-builder-column-4{width:100% !important;order : 0;}.fusion-builder-column-4 > .fusion-column-wrapper {margin-right : 1.92%;margin-left : 1.92%;}}@media only screen and (max-width:640px) {.fusion-body .fusion-builder-column-4{width:100% !important;order : 0;}.fusion-builder-column-4 > .fusion-column-wrapper {margin-right : 1.92%;margin-left : 1.92%;}}<\/style><\/div><\/div><style type=\"text\/css\">.fusion-body .fusion-flex-container.fusion-builder-row-4{ padding-top : 0px;margin-top : 0px;padding-right : 0px;padding-bottom : 0px;margin-bottom : 0px;padding-left : 0px;}<\/style><\/div>\n<\/p>\n","protected":false},"excerpt":{"rendered":"","protected":false},"author":3708,"featured_media":0,"parent":9456,"menu_order":0,"comment_status":"closed","ping_status":"closed","template":"100-width.php","meta":{"_acf_changed":false,"inline_featured_image":false,"footnotes":""},"class_list":["post-9330","page","type-page","status-publish","hentry"],"acf":[],"yoast_head":"<!-- This site is optimized with the Yoast SEO plugin v27.4 - https:\/\/yoast.com\/product\/yoast-seo-wordpress\/ -->\n<title>Custom Chemical Manufacturing | Chemical Production<\/title>\n<meta name=\"description\" content=\"Warum Sie sich bei Ihrem n\u00e4chsten Custom-Manufacturing-Projekt f\u00fcr Feinchemikalien von CABB entscheiden sollten.\" \/>\n<meta name=\"robots\" content=\"index, follow, max-snippet:-1, max-image-preview:large, max-video-preview:-1\" \/>\n<link rel=\"canonical\" href=\"https:\/\/cabb-chemicals.com\/de\/produkte-loesungen\/custom-manufacturing\/services\/\" \/>\n<meta property=\"og:locale\" content=\"de_DE\" \/>\n<meta property=\"og:type\" content=\"article\" \/>\n<meta property=\"og:title\" content=\"Custom Chemical Manufacturing | Chemical Production\" \/>\n<meta property=\"og:description\" content=\"Warum Sie sich bei Ihrem n\u00e4chsten Custom-Manufacturing-Projekt f\u00fcr Feinchemikalien von CABB entscheiden sollten.\" \/>\n<meta property=\"og:url\" content=\"https:\/\/cabb-chemicals.com\/de\/produkte-loesungen\/custom-manufacturing\/services\/\" \/>\n<meta property=\"og:site_name\" content=\"CABB Chemicals\" \/>\n<meta property=\"article:modified_time\" content=\"2023-05-15T16:11:21+00:00\" \/>\n<meta name=\"twitter:card\" content=\"summary_large_image\" \/>\n<meta name=\"twitter:label1\" content=\"Gesch\u00e4tzte Lesezeit\" \/>\n\t<meta name=\"twitter:data1\" content=\"5 Minuten\" \/>\n<script type=\"application\/ld+json\" class=\"yoast-schema-graph\">{\"@context\":\"https:\\\/\\\/schema.org\",\"@graph\":[{\"@type\":\"WebPage\",\"@id\":\"https:\\\/\\\/cabb-chemicals.com\\\/de\\\/produkte-loesungen\\\/custom-manufacturing\\\/services\\\/\",\"url\":\"https:\\\/\\\/cabb-chemicals.com\\\/de\\\/produkte-loesungen\\\/custom-manufacturing\\\/services\\\/\",\"name\":\"Custom Chemical Manufacturing | Chemical Production\",\"isPartOf\":{\"@id\":\"https:\\\/\\\/cabb-chemicals.com\\\/#website\"},\"datePublished\":\"2021-02-26T00:22:39+00:00\",\"dateModified\":\"2023-05-15T16:11:21+00:00\",\"description\":\"Warum Sie sich bei Ihrem n\u00e4chsten Custom-Manufacturing-Projekt f\u00fcr Feinchemikalien von CABB entscheiden sollten.\",\"breadcrumb\":{\"@id\":\"https:\\\/\\\/cabb-chemicals.com\\\/de\\\/produkte-loesungen\\\/custom-manufacturing\\\/services\\\/#breadcrumb\"},\"inLanguage\":\"de-DE\",\"potentialAction\":[{\"@type\":\"ReadAction\",\"target\":[\"https:\\\/\\\/cabb-chemicals.com\\\/de\\\/produkte-loesungen\\\/custom-manufacturing\\\/services\\\/\"]}]},{\"@type\":\"BreadcrumbList\",\"@id\":\"https:\\\/\\\/cabb-chemicals.com\\\/de\\\/produkte-loesungen\\\/custom-manufacturing\\\/services\\\/#breadcrumb\",\"itemListElement\":[{\"@type\":\"ListItem\",\"position\":1,\"name\":\"Home\",\"item\":\"https:\\\/\\\/cabb-chemicals.com\\\/de\\\/\"},{\"@type\":\"ListItem\",\"position\":2,\"name\":\"Produkte &#038; L\u00f6sungen\",\"item\":\"https:\\\/\\\/cabb-chemicals.com\\\/de\\\/produkte-loesungen\\\/\"},{\"@type\":\"ListItem\",\"position\":3,\"name\":\"Custom Manufacturing\",\"item\":\"https:\\\/\\\/cabb-chemicals.com\\\/de\\\/produkte-loesungen\\\/custom-manufacturing\\\/\"},{\"@type\":\"ListItem\",\"position\":4,\"name\":\"Dienstleistungen\"}]},{\"@type\":\"WebSite\",\"@id\":\"https:\\\/\\\/cabb-chemicals.com\\\/#website\",\"url\":\"https:\\\/\\\/cabb-chemicals.com\\\/\",\"name\":\"CABB Chemicals\",\"description\":\"Your Partner in Fine Chemistry\",\"potentialAction\":[{\"@type\":\"SearchAction\",\"target\":{\"@type\":\"EntryPoint\",\"urlTemplate\":\"https:\\\/\\\/cabb-chemicals.com\\\/?s={search_term_string}\"},\"query-input\":{\"@type\":\"PropertyValueSpecification\",\"valueRequired\":true,\"valueName\":\"search_term_string\"}}],\"inLanguage\":\"de-DE\"}]}<\/script>\n<!-- \/ Yoast SEO plugin. -->","yoast_head_json":{"title":"Custom Chemical Manufacturing | Chemical Production","description":"Warum Sie sich bei Ihrem n\u00e4chsten Custom-Manufacturing-Projekt f\u00fcr Feinchemikalien von CABB entscheiden sollten.","robots":{"index":"index","follow":"follow","max-snippet":"max-snippet:-1","max-image-preview":"max-image-preview:large","max-video-preview":"max-video-preview:-1"},"canonical":"https:\/\/cabb-chemicals.com\/de\/produkte-loesungen\/custom-manufacturing\/services\/","og_locale":"de_DE","og_type":"article","og_title":"Custom Chemical Manufacturing | Chemical Production","og_description":"Warum Sie sich bei Ihrem n\u00e4chsten Custom-Manufacturing-Projekt f\u00fcr Feinchemikalien von CABB entscheiden sollten.","og_url":"https:\/\/cabb-chemicals.com\/de\/produkte-loesungen\/custom-manufacturing\/services\/","og_site_name":"CABB Chemicals","article_modified_time":"2023-05-15T16:11:21+00:00","twitter_card":"summary_large_image","twitter_misc":{"Gesch\u00e4tzte Lesezeit":"5 Minuten"},"schema":{"@context":"https:\/\/schema.org","@graph":[{"@type":"WebPage","@id":"https:\/\/cabb-chemicals.com\/de\/produkte-loesungen\/custom-manufacturing\/services\/","url":"https:\/\/cabb-chemicals.com\/de\/produkte-loesungen\/custom-manufacturing\/services\/","name":"Custom Chemical Manufacturing | Chemical Production","isPartOf":{"@id":"https:\/\/cabb-chemicals.com\/#website"},"datePublished":"2021-02-26T00:22:39+00:00","dateModified":"2023-05-15T16:11:21+00:00","description":"Warum Sie sich bei Ihrem n\u00e4chsten Custom-Manufacturing-Projekt f\u00fcr Feinchemikalien von CABB entscheiden sollten.","breadcrumb":{"@id":"https:\/\/cabb-chemicals.com\/de\/produkte-loesungen\/custom-manufacturing\/services\/#breadcrumb"},"inLanguage":"de-DE","potentialAction":[{"@type":"ReadAction","target":["https:\/\/cabb-chemicals.com\/de\/produkte-loesungen\/custom-manufacturing\/services\/"]}]},{"@type":"BreadcrumbList","@id":"https:\/\/cabb-chemicals.com\/de\/produkte-loesungen\/custom-manufacturing\/services\/#breadcrumb","itemListElement":[{"@type":"ListItem","position":1,"name":"Home","item":"https:\/\/cabb-chemicals.com\/de\/"},{"@type":"ListItem","position":2,"name":"Produkte &#038; L\u00f6sungen","item":"https:\/\/cabb-chemicals.com\/de\/produkte-loesungen\/"},{"@type":"ListItem","position":3,"name":"Custom Manufacturing","item":"https:\/\/cabb-chemicals.com\/de\/produkte-loesungen\/custom-manufacturing\/"},{"@type":"ListItem","position":4,"name":"Dienstleistungen"}]},{"@type":"WebSite","@id":"https:\/\/cabb-chemicals.com\/#website","url":"https:\/\/cabb-chemicals.com\/","name":"CABB Chemicals","description":"Your Partner in Fine Chemistry","potentialAction":[{"@type":"SearchAction","target":{"@type":"EntryPoint","urlTemplate":"https:\/\/cabb-chemicals.com\/?s={search_term_string}"},"query-input":{"@type":"PropertyValueSpecification","valueRequired":true,"valueName":"search_term_string"}}],"inLanguage":"de-DE"}]}},"_links":{"self":[{"href":"https:\/\/cabb-chemicals.com\/de\/wp-json\/wp\/v2\/pages\/9330","targetHints":{"allow":["GET"]}}],"collection":[{"href":"https:\/\/cabb-chemicals.com\/de\/wp-json\/wp\/v2\/pages"}],"about":[{"href":"https:\/\/cabb-chemicals.com\/de\/wp-json\/wp\/v2\/types\/page"}],"author":[{"embeddable":true,"href":"https:\/\/cabb-chemicals.com\/de\/wp-json\/wp\/v2\/users\/3708"}],"replies":[{"embeddable":true,"href":"https:\/\/cabb-chemicals.com\/de\/wp-json\/wp\/v2\/comments?post=9330"}],"version-history":[{"count":0,"href":"https:\/\/cabb-chemicals.com\/de\/wp-json\/wp\/v2\/pages\/9330\/revisions"}],"up":[{"embeddable":true,"href":"https:\/\/cabb-chemicals.com\/de\/wp-json\/wp\/v2\/pages\/9456"}],"wp:attachment":[{"href":"https:\/\/cabb-chemicals.com\/de\/wp-json\/wp\/v2\/media?parent=9330"}],"curies":[{"name":"wp","href":"https:\/\/api.w.org\/{rel}","templated":true}]}}