{"id":9406,"date":"2021-02-26T00:23:05","date_gmt":"2021-02-26T00:23:05","guid":{"rendered":"https:\/\/cabb-chemicals.com\/disclaimer\/"},"modified":"2021-03-08T22:26:56","modified_gmt":"2021-03-08T22:26:56","slug":"disclaimer","status":"publish","type":"page","link":"https:\/\/cabb-chemicals.com\/de\/disclaimer\/","title":{"rendered":"Haftungsausschluss"},"content":{"rendered":"<p><div class=\"fusion-fullwidth fullwidth-box fusion-builder-row-1 fusion-flex-container nonhundred-percent-fullwidth non-hundred-percent-height-scrolling\" style=\"background-color: rgba(255,255,255,0);background-position: center center;background-repeat: no-repeat;border-width: 0px 0px 0px 0px;border-color:#e2e2e2;border-style:solid;\" ><div class=\"fusion-builder-row fusion-row fusion-flex-align-items-flex-start\" style=\"max-width:1144px;margin-left: calc(-4% \/ 2 );margin-right: calc(-4% \/ 2 );\"><div class=\"fusion-layout-column fusion_builder_column fusion-builder-column-0 fusion_builder_column_1_1 1_1 fusion-flex-column\"><div class=\"fusion-column-wrapper fusion-flex-justify-content-flex-start fusion-content-layout-column\" style=\"background-position:left top;background-repeat:no-repeat;-webkit-background-size:cover;-moz-background-size:cover;-o-background-size:cover;background-size:cover;padding: 0px 0px 0px 0px;\"><div class=\"fusion-text fusion-text-1\"><ol>\n<li>Inhalte<\/li>\n<\/ol>\n<p>Die Informationen auf dieser Website \u00fcber die CABB GmbH, die mit ihr verbundenen Unternehmen und Drittparteien wurden mit gr\u00f6\u00dfter Sorgfalt zusammengestellt. Die Website wird laufend angepasst und erg\u00e4nzt, um die bereitgestellten Informationen zu erweitern und zu aktualisieren.<\/p>\n<p>Es wird keine Garantie oder Gew\u00e4hrleistung \u00fcbernommen f\u00fcr die Vollst\u00e4ndigkeit, Richtigkeit und Aktualit\u00e4t der Informationen, die auf dieser Website bereitgestellt werden. Die CABB GmbH \u00fcbernimmt keine Haftung f\u00fcr Fehler, Auslassungen oder m\u00f6glicherweise veraltete Informationen.<\/p>\n<p>S\u00e4mtliche Aufforderungen oder Angebote, die auf dieser Website zug\u00e4nglich sind, bestehen vorbehaltlich einer Best\u00e4tigung und stellen keinerlei Verpflichtung dar.<\/p>\n<p>Die CABB GmbH beh\u00e4lt sich ausdr\u00fccklich das Recht vor, die Informationen auf dieser Website oder Teilen davon anzupassen, zu \u00e4ndern oder zu l\u00f6schen oder die gesamte Website ohne gesonderte Vorank\u00fcndigung endg\u00fcltig oder vor\u00fcbergehend einzustellen.<\/p>\n<ol start=\"2\">\n<li>Gew\u00e4hrleistung und Sch\u00e4den<\/li>\n<\/ol>\n<p>Die CABB GmbH haftet f\u00fcr Sch\u00e4den im Falle von Vorsatz oder grober Fahrl\u00e4ssigkeit nur im Rahmen der gesetzlichen Bestimmungen. Falls es sich beim Nutzer um einen H\u00e4ndler handelt, beschr\u00e4nkt sich die die Haftung der CABB GmbH auf diesbez\u00fcgliche Sch\u00e4den in einer vern\u00fcnftigerweise vorhersehbaren Gr\u00f6\u00dfenordnung. Diese Haftungs- und Verantwortungsbeschr\u00e4nkung gilt nicht, wenn die CABB GmbH eine wesentliche vertragliche Pflicht verletzt oder wenn ein Organ der CABB GmbH vors\u00e4tzlich handelt. In s\u00e4mtlichen anderen F\u00e4llen ist die Haftung der CABB GmbH, einschlie\u00dflich der Haftung aus unerlaubter Handlung, ausgeschlossen. Die gesetzliche Haftung der CABB GmbH nach dem Produkthaftungsgesetz sowie eine allf\u00e4llige Haftung f\u00fcr ausdr\u00fcckliche Qualit\u00e4tsgarantien sind davon nicht betroffen. Dies gilt auch, wenn es sich um Personensch\u00e4den handelt.<\/p>\n<ol start=\"3\">\n<li>Verweise<\/li>\n<\/ol>\n<p>S\u00e4mtliche Verweise (wie beispielsweise Links) auf dieser Website auf Websites, die nicht zur CABB GmbH geh\u00f6ren, werden nur als Dienstleistung zu Ihrem Nutzen und zur Unterhaltung angeboten. Die Inhalte solcher Websites, auf die verwiesen wird, k\u00f6nnen von der CABB GmbH weder kontrolliert noch beeinflusst werden.<\/p>\n<p>Die CABB GmbH bef\u00fcrwortet oder unterst\u00fctzt solche Websites nicht. Zudem ist die CABB GmbH in keinerlei Weise verantwortlich oder haftbar f\u00fcr die Erreichbarkeit und die Inhalte solcher Websites oder f\u00fcr die Folgen ihrer Nutzung. Die CABB GmbH ist nicht verantwortlich f\u00fcr Inhalte, auf die von diesen Websites per Link oder auf andere Weise verwiesen wird. Die Verbindung zu diesen Seiten \u00fcber die Nutzung eines Links erfolgt auf eigenes Risiko. Nur der Anbieter der jeweiligen Website haftet f\u00fcr illegale, falsche oder unvollst\u00e4ndige Inhalte sowie f\u00fcr Sch\u00e4den, die aus der Nutzung der dort bereitgestellten Informationen entstehen.<\/p>\n<ol start=\"4\">\n<li>Urheberrecht<\/li>\n<\/ol>\n<p>Diese Website und ihre Inhalte sind urheberrechtlich gesch\u00fctzt. Dies gilt uneingeschr\u00e4nkt f\u00fcr Abbildungen, Tonaufnahmen, Videoaufnahmen und Texte. Jegliche Verwendung oder Verwertung \u2013 auch von Teilen davon \u2013 einschlie\u00dflich der Vervielf\u00e4ltigung, der \u00dcbersetzung sowie der \u00dcbertragung und der Verwendung auf anderen elektronischen Medien ist ohne vorherige Zustimmung der CABB GmbH oder des jeweiligen Eigent\u00fcmers verboten.<\/p>\n<ol start=\"5\">\n<li>Marken<\/li>\n<\/ol>\n<p>Falls nicht anders vermerkt, sind s\u00e4mtliche Marken, Dienstleistungsmarken, Logos und Firmennamen, die auf dieser Website genannt werden, markenrechtlich und wettbewerbsrechtlich gesch\u00fctzt. Nichts auf dieser Website darf so gedeutet werden, dass ohne die ausdr\u00fcckliche schriftliche Genehmigung des Eigent\u00fcmers stillschweigend oder auf andere Weise Lizenzen f\u00fcr oder Rechte an Marken gew\u00e4hrt werden. Die Verwendung und Verwertung solcher Marken, Dienstleistungsmarken, Logos und Firmennamen ohne die ausdr\u00fcckliche Einwilligung des Eigent\u00fcmers ist verboten.<\/p>\n<ol start=\"6\">\n<li>Anzuwendendes Recht und G\u00fcltigkeit<\/li>\n<\/ol>\n<p>Die Nutzung dieser Website und s\u00e4mtlicher darin enthaltenen Informationen unterliegt dem materiellen Recht der Bundesrepublik Deutschland unter Ausschluss des \u00dcbereinkommens der Vereinten Nationen \u00fcber Vertr\u00e4ge \u00fcber den internationalen Warenkauf (UN-Kaufrecht). Gerichtsstand f\u00fcr alle Rechtsstreitigkeiten, Konflikte oder Anspr\u00fcche, die im Zusammenhang mit diesen Bestimmungen oder der Nutzung dieser Website entstehen, ist K\u00f6ln (Deutschland). Sollte eine Klausel dieser Vereinbarung ganz oder teilweise ung\u00fcltig sein oder werden, so bleibt die G\u00fcltigkeit der \u00fcbrigen Klauseln bzw. des verbleibenden Teils der betroffenen Klausel davon unber\u00fchrt.<\/p>\n<\/div><\/div><style type=\"text\/css\">.fusion-body .fusion-builder-column-0{width:100% !important;margin-top : 0px;margin-bottom : 20px;}.fusion-builder-column-0 > .fusion-column-wrapper {padding-top : 0px !important;padding-right : 0px !important;margin-right : 1.92%;padding-bottom : 0px !important;padding-left : 0px !important;margin-left : 1.92%;}@media only screen and (max-width:1024px) {.fusion-body .fusion-builder-column-0{width:100% !important;order : 0;}.fusion-builder-column-0 > .fusion-column-wrapper {margin-right : 1.92%;margin-left : 1.92%;}}@media only screen and (max-width:640px) {.fusion-body .fusion-builder-column-0{width:100% !important;order : 0;}.fusion-builder-column-0 > .fusion-column-wrapper {margin-right : 1.92%;margin-left : 1.92%;}}<\/style><\/div><\/div><style type=\"text\/css\">.fusion-body .fusion-flex-container.fusion-builder-row-1{ padding-top : 0px;margin-top : 0px;padding-right : 0px;padding-bottom : 0px;margin-bottom : 0px;padding-left : 0px;}<\/style><\/div><div class=\"fusion-fullwidth fullwidth-box fusion-builder-row-2 fusion-flex-container nonhundred-percent-fullwidth non-hundred-percent-height-scrolling\" style=\"background-color: rgba(255,255,255,0);background-position: center center;background-repeat: no-repeat;border-width: 0px 0px 0px 0px;border-color:#e2e2e2;border-style:solid;\" ><div class=\"fusion-builder-row fusion-row fusion-flex-align-items-flex-start\" style=\"max-width:1144px;margin-left: calc(-4% \/ 2 );margin-right: calc(-4% \/ 2 );\"><div class=\"fusion-layout-column fusion_builder_column fusion-builder-column-1 fusion_builder_column_1_1 1_1 fusion-flex-column\"><div class=\"fusion-column-wrapper fusion-flex-justify-content-flex-start fusion-content-layout-column\" style=\"background-position:left top;background-repeat:no-repeat;-webkit-background-size:cover;-moz-background-size:cover;-o-background-size:cover;background-size:cover;padding: 0px 0px 0px 0px;\"><div class=\"fusion-section-separator section-separator slant fusion-section-separator-1\"><div class=\"fusion-section-separator-svg\" style=\"padding:0;\"><svg class=\"fusion-slant-candy\" xmlns=\"http:\/\/www.w3.org\/2000\/svg\" version=\"1.1\" width=\"100%\" height=\"100\" viewBox=\"0 0 100 100\" preserveAspectRatio=\"none\" style=\"padding:0;margin-bottom:-3px;display:block;\" fill=\"rgba(0,40,96,1)\"><path d=\"M100 0 L0 100 L101 100 Z\"><\/path><\/svg><\/div><div class=\"fusion-section-separator-spacer\"><div class=\"fusion-section-separator-spacer-height\" style=\"height:99px;\"><\/div><\/div><style type=\"text\/css\">.fusion-section-separator-1 .fusion-section-separator-svg {margin-left:1.92%;margin-right:1.92%;}@media only screen and (max-width:1024px) {.fusion-section-separator-1 .fusion-section-separator-svg {margin-left:1.92%;margin-right:1.92%;}}@media only screen and (max-width:640px) {.fusion-section-separator-1 .fusion-section-separator-svg {margin-left:1.92%;margin-right:1.92%;}}<\/style><\/div><\/div><style type=\"text\/css\">.fusion-body .fusion-builder-column-1{width:100% !important;margin-top : 0px;margin-bottom : 0px;}.fusion-builder-column-1 > .fusion-column-wrapper {padding-top : 0px !important;padding-right : 0px !important;margin-right : 1.92%;padding-bottom : 0px !important;padding-left : 0px !important;margin-left : 1.92%;}@media only screen and (max-width:1024px) {.fusion-body .fusion-builder-column-1{width:100% !important;order : 0;}.fusion-builder-column-1 > .fusion-column-wrapper {margin-right : 1.92%;margin-left : 1.92%;}}@media only screen and (max-width:640px) {.fusion-body .fusion-builder-column-1{width:100% !important;order : 0;}.fusion-builder-column-1 > .fusion-column-wrapper {margin-right : 1.92%;margin-left : 1.92%;}}<\/style><\/div><\/div><style type=\"text\/css\">.fusion-body .fusion-flex-container.fusion-builder-row-2{ padding-top : 0px;margin-top : 0px;padding-right : 0px;padding-bottom : 0px;margin-bottom : 0px;padding-left : 0px;}<\/style><\/div><\/p>\n","protected":false},"excerpt":{"rendered":"","protected":false},"author":3708,"featured_media":0,"parent":0,"menu_order":0,"comment_status":"closed","ping_status":"closed","template":"100-width.php","meta":{"_acf_changed":false,"inline_featured_image":false,"footnotes":""},"class_list":["post-9406","page","type-page","status-publish","hentry"],"acf":[],"yoast_head":"<!-- This site is optimized with the Yoast SEO plugin v27.4 - https:\/\/yoast.com\/product\/yoast-seo-wordpress\/ -->\n<title>Haftungsausschluss - CABB Chemicals<\/title>\n<meta name=\"robots\" content=\"index, follow, max-snippet:-1, max-image-preview:large, max-video-preview:-1\" \/>\n<link rel=\"canonical\" href=\"https:\/\/cabb-chemicals.com\/de\/disclaimer\/\" \/>\n<meta property=\"og:locale\" content=\"de_DE\" \/>\n<meta property=\"og:type\" content=\"article\" \/>\n<meta property=\"og:title\" content=\"Haftungsausschluss - CABB Chemicals\" \/>\n<meta property=\"og:url\" content=\"https:\/\/cabb-chemicals.com\/de\/disclaimer\/\" \/>\n<meta property=\"og:site_name\" content=\"CABB Chemicals\" \/>\n<meta property=\"article:modified_time\" content=\"2021-03-08T22:26:56+00:00\" \/>\n<meta name=\"twitter:card\" content=\"summary_large_image\" \/>\n<meta name=\"twitter:label1\" content=\"Gesch\u00e4tzte Lesezeit\" \/>\n\t<meta name=\"twitter:data1\" content=\"9 Minuten\" \/>\n<script type=\"application\/ld+json\" class=\"yoast-schema-graph\">{\"@context\":\"https:\\\/\\\/schema.org\",\"@graph\":[{\"@type\":\"WebPage\",\"@id\":\"https:\\\/\\\/cabb-chemicals.com\\\/de\\\/disclaimer\\\/\",\"url\":\"https:\\\/\\\/cabb-chemicals.com\\\/de\\\/disclaimer\\\/\",\"name\":\"Haftungsausschluss - CABB Chemicals\",\"isPartOf\":{\"@id\":\"https:\\\/\\\/cabb-chemicals.com\\\/#website\"},\"datePublished\":\"2021-02-26T00:23:05+00:00\",\"dateModified\":\"2021-03-08T22:26:56+00:00\",\"breadcrumb\":{\"@id\":\"https:\\\/\\\/cabb-chemicals.com\\\/de\\\/disclaimer\\\/#breadcrumb\"},\"inLanguage\":\"de-DE\",\"potentialAction\":[{\"@type\":\"ReadAction\",\"target\":[\"https:\\\/\\\/cabb-chemicals.com\\\/de\\\/disclaimer\\\/\"]}]},{\"@type\":\"BreadcrumbList\",\"@id\":\"https:\\\/\\\/cabb-chemicals.com\\\/de\\\/disclaimer\\\/#breadcrumb\",\"itemListElement\":[{\"@type\":\"ListItem\",\"position\":1,\"name\":\"Home\",\"item\":\"https:\\\/\\\/cabb-chemicals.com\\\/de\\\/\"},{\"@type\":\"ListItem\",\"position\":2,\"name\":\"Haftungsausschluss\"}]},{\"@type\":\"WebSite\",\"@id\":\"https:\\\/\\\/cabb-chemicals.com\\\/#website\",\"url\":\"https:\\\/\\\/cabb-chemicals.com\\\/\",\"name\":\"CABB Chemicals\",\"description\":\"Your Partner in Fine Chemistry\",\"potentialAction\":[{\"@type\":\"SearchAction\",\"target\":{\"@type\":\"EntryPoint\",\"urlTemplate\":\"https:\\\/\\\/cabb-chemicals.com\\\/?s={search_term_string}\"},\"query-input\":{\"@type\":\"PropertyValueSpecification\",\"valueRequired\":true,\"valueName\":\"search_term_string\"}}],\"inLanguage\":\"de-DE\"}]}<\/script>\n<!-- \/ Yoast SEO plugin. -->","yoast_head_json":{"title":"Haftungsausschluss - CABB Chemicals","robots":{"index":"index","follow":"follow","max-snippet":"max-snippet:-1","max-image-preview":"max-image-preview:large","max-video-preview":"max-video-preview:-1"},"canonical":"https:\/\/cabb-chemicals.com\/de\/disclaimer\/","og_locale":"de_DE","og_type":"article","og_title":"Haftungsausschluss - CABB Chemicals","og_url":"https:\/\/cabb-chemicals.com\/de\/disclaimer\/","og_site_name":"CABB Chemicals","article_modified_time":"2021-03-08T22:26:56+00:00","twitter_card":"summary_large_image","twitter_misc":{"Gesch\u00e4tzte Lesezeit":"9 Minuten"},"schema":{"@context":"https:\/\/schema.org","@graph":[{"@type":"WebPage","@id":"https:\/\/cabb-chemicals.com\/de\/disclaimer\/","url":"https:\/\/cabb-chemicals.com\/de\/disclaimer\/","name":"Haftungsausschluss - CABB Chemicals","isPartOf":{"@id":"https:\/\/cabb-chemicals.com\/#website"},"datePublished":"2021-02-26T00:23:05+00:00","dateModified":"2021-03-08T22:26:56+00:00","breadcrumb":{"@id":"https:\/\/cabb-chemicals.com\/de\/disclaimer\/#breadcrumb"},"inLanguage":"de-DE","potentialAction":[{"@type":"ReadAction","target":["https:\/\/cabb-chemicals.com\/de\/disclaimer\/"]}]},{"@type":"BreadcrumbList","@id":"https:\/\/cabb-chemicals.com\/de\/disclaimer\/#breadcrumb","itemListElement":[{"@type":"ListItem","position":1,"name":"Home","item":"https:\/\/cabb-chemicals.com\/de\/"},{"@type":"ListItem","position":2,"name":"Haftungsausschluss"}]},{"@type":"WebSite","@id":"https:\/\/cabb-chemicals.com\/#website","url":"https:\/\/cabb-chemicals.com\/","name":"CABB Chemicals","description":"Your Partner in Fine Chemistry","potentialAction":[{"@type":"SearchAction","target":{"@type":"EntryPoint","urlTemplate":"https:\/\/cabb-chemicals.com\/?s={search_term_string}"},"query-input":{"@type":"PropertyValueSpecification","valueRequired":true,"valueName":"search_term_string"}}],"inLanguage":"de-DE"}]}},"_links":{"self":[{"href":"https:\/\/cabb-chemicals.com\/de\/wp-json\/wp\/v2\/pages\/9406","targetHints":{"allow":["GET"]}}],"collection":[{"href":"https:\/\/cabb-chemicals.com\/de\/wp-json\/wp\/v2\/pages"}],"about":[{"href":"https:\/\/cabb-chemicals.com\/de\/wp-json\/wp\/v2\/types\/page"}],"author":[{"embeddable":true,"href":"https:\/\/cabb-chemicals.com\/de\/wp-json\/wp\/v2\/users\/3708"}],"replies":[{"embeddable":true,"href":"https:\/\/cabb-chemicals.com\/de\/wp-json\/wp\/v2\/comments?post=9406"}],"version-history":[{"count":0,"href":"https:\/\/cabb-chemicals.com\/de\/wp-json\/wp\/v2\/pages\/9406\/revisions"}],"wp:attachment":[{"href":"https:\/\/cabb-chemicals.com\/de\/wp-json\/wp\/v2\/media?parent=9406"}],"curies":[{"name":"wp","href":"https:\/\/api.w.org\/{rel}","templated":true}]}}