{"id":9418,"date":"2021-02-26T00:23:24","date_gmt":"2021-02-26T00:23:24","guid":{"rendered":"https:\/\/cabb-chemicals.com\/unternehmensprofil\/"},"modified":"2026-03-12T13:11:52","modified_gmt":"2026-03-12T13:11:52","slug":"unternehmensprofil","status":"publish","type":"page","link":"https:\/\/cabb-chemicals.com\/de\/ueber-uns\/wer-wir-sind\/unternehmensprofil\/","title":{"rendered":"Unternehmensprofil"},"content":{"rendered":"<p><div class=\"fusion-fullwidth fullwidth-box fusion-builder-row-1 fusion-flex-container nonhundred-percent-fullwidth non-hundred-percent-height-scrolling\" style=\"background-color: #f9f9f9;background-position: center center;background-repeat: no-repeat;border-width: 0px 0px 0px 0px;border-color:#e2e2e2;border-style:solid;\" ><div class=\"fusion-builder-row fusion-row fusion-flex-align-items-flex-start\" style=\"max-width:1144px;margin-left: calc(-4% \/ 2 );margin-right: calc(-4% \/ 2 );\"><div class=\"fusion-layout-column fusion_builder_column fusion-builder-column-0 fusion_builder_column_1_1 1_1 fusion-flex-column\"><div class=\"fusion-column-wrapper fusion-flex-justify-content-flex-start fusion-content-layout-column\" style=\"background-position:left top;background-repeat:no-repeat;-webkit-background-size:cover;-moz-background-size:cover;-o-background-size:cover;background-size:cover;padding: 0px 0px 0px 0px;\"><style type=\"text\/css\">.fusion-breadcrumbs.fusion-breadcrumbs-1{font-size:14px;}.fusion-breadcrumbs.fusion-breadcrumbs-1 span a:hover{color:#d50b37 !important;}.fusion-breadcrumbs.fusion-breadcrumbs-1{color:#002860;}.fusion-breadcrumbs.fusion-breadcrumbs-1 a{color:#002860;}<\/style><div class=\"fusion-breadcrumbs fusion-breadcrumbs-1\"><span class=\"fusion-breadcrumb-item\"><a href=\"https:\/\/cabb-chemicals.com\/de\/\" class=\"fusion-breadcrumb-link\"><span >Home<\/span><\/a><\/span><span class=\"fusion-breadcrumb-sep\">&gt;<\/span><\/div><\/div><style type=\"text\/css\">.fusion-body .fusion-builder-column-0{width:100% !important;margin-top : 0px;margin-bottom : 0px;}.fusion-builder-column-0 > .fusion-column-wrapper {padding-top : 0px !important;padding-right : 0px !important;margin-right : 1.92%;padding-bottom : 0px !important;padding-left : 0px !important;margin-left : 1.92%;}@media only screen and (max-width:1024px) {.fusion-body .fusion-builder-column-0{width:100% !important;order : 0;}.fusion-builder-column-0 > .fusion-column-wrapper {margin-right : 1.92%;margin-left : 1.92%;}}@media only screen and (max-width:640px) {.fusion-body .fusion-builder-column-0{width:100% !important;order : 0;}.fusion-builder-column-0 > .fusion-column-wrapper {margin-right : 1.92%;margin-left : 1.92%;}}<\/style><\/div><\/div><style type=\"text\/css\">.fusion-body .fusion-flex-container.fusion-builder-row-1{ padding-top : 10px;margin-top : 0px;padding-right : 0px;padding-bottom : 10px;margin-bottom : 0px;padding-left : 0px;}<\/style><\/div>\n<div class=\"fusion-fullwidth fullwidth-box fusion-builder-row-2 fusion-flex-container nonhundred-percent-fullwidth non-hundred-percent-height-scrolling\" style=\"background-color: rgba(255,255,255,0);background-position: center center;background-repeat: no-repeat;border-width: 0px 0px 0px 0px;border-color:#e2e2e2;border-style:solid;\" ><div class=\"fusion-builder-row fusion-row fusion-flex-align-items-flex-start\" style=\"max-width:1144px;margin-left: calc(-4% \/ 2 );margin-right: calc(-4% \/ 2 );\"><div class=\"fusion-layout-column fusion_builder_column fusion-builder-column-1 fusion_builder_column_1_1 1_1 fusion-flex-column\"><div class=\"fusion-column-wrapper fusion-flex-justify-content-flex-start fusion-content-layout-column\" style=\"background-position:left top;background-repeat:no-repeat;-webkit-background-size:cover;-moz-background-size:cover;-o-background-size:cover;background-size:cover;padding: 0px 0px 0px 0px;\"><style type=\"text\/css\">@media only screen and (max-width:1024px) {.fusion-title.fusion-title-1{margin-top:10px!important; margin-right:0px!important;margin-bottom:15px!important;margin-left:0px!important;}}@media only screen and (max-width:640px) {.fusion-title.fusion-title-1{margin-top:10px!important; margin-right:0px!important;margin-bottom:10px!important; margin-left:0px!important;}}<\/style><div class=\"fusion-title title fusion-title-1 fusion-sep-none fusion-title-center fusion-title-text fusion-title-size-two\" style=\"margin-top:10px;margin-right:0px;margin-bottom:15px;margin-left:0px;\"><h2 class=\"title-heading-center\" style=\"margin:0;\"><h1>CABB \u2013 Your Partner in Fine Chemistry<\/h1><\/h2><\/div><div class=\"fusion-text fusion-text-1\"><p style=\"text-align: center;\">Die CABB Group ist eines der f\u00fchrenden Unternehmen in der Herstellung und Entwicklung (CDMO) von kundenspezifischen Wirkstoffen im Bereich Crop Science. CABB stellt au\u00dferdem hochspezialisierte Inhaltsstoffe f\u00fcr Kunden aus der Life-Science und Performance-Materials-Branche her.<\/p>\n<p style=\"text-align: center;\">Das Unternehmen betreibt sechs Produktionsst\u00e4tten in Gersthofen und Knapsack (Deutschland), Pratteln (Schweiz), Kokkola (Finnland) und Jining (China). Im Gesch\u00e4ftsjahr 2024 setzte die Gruppe mit rund 1.200 Mitarbeitern 604 Millionen Euro um.<\/p>\n<\/div><\/div><style type=\"text\/css\">.fusion-body .fusion-builder-column-1{width:100% !important;margin-top : 0px;margin-bottom : 20px;}.fusion-builder-column-1 > .fusion-column-wrapper {padding-top : 0px !important;padding-right : 0px !important;margin-right : 1.92%;padding-bottom : 0px !important;padding-left : 0px !important;margin-left : 1.92%;}@media only screen and (max-width:1024px) {.fusion-body .fusion-builder-column-1{width:100% !important;}.fusion-builder-column-1 > .fusion-column-wrapper {margin-right : 1.92%;margin-left : 1.92%;}}@media only screen and (max-width:640px) {.fusion-body .fusion-builder-column-1{width:100% !important;}.fusion-builder-column-1 > .fusion-column-wrapper {margin-right : 1.92%;margin-left : 1.92%;}}<\/style><\/div><\/div><style type=\"text\/css\">.fusion-body .fusion-flex-container.fusion-builder-row-2{ padding-top : 40px;margin-top : 0px;padding-right : 0px;padding-bottom : 60px;margin-bottom : 0px;padding-left : 0px;}<\/style><\/div><div class=\"fusion-fullwidth fullwidth-box fusion-builder-row-3 fusion-flex-container nonhundred-percent-fullwidth non-hundred-percent-height-scrolling\" style=\"background-color: #f2f2f2;background-position: left top;background-repeat: no-repeat;border-width: 0px 0px 0px 0px;border-color:#e2e2e2;border-style:solid;\" ><div class=\"fusion-builder-row fusion-row fusion-flex-align-items-center\" style=\"max-width:1144px;margin-left: calc(-4% \/ 2 );margin-right: calc(-4% \/ 2 );\"><div class=\"fusion-layout-column fusion_builder_column fusion-builder-column-2 fusion_builder_column_1_1 1_1 fusion-flex-column\"><div class=\"fusion-column-wrapper fusion-flex-justify-content-center fusion-content-layout-column\" style=\"background-position:left top;background-repeat:no-repeat;-webkit-background-size:cover;-moz-background-size:cover;-o-background-size:cover;background-size:cover;padding: 15px 5% 15px 5%;\"><style type=\"text\/css\">@media only screen and (max-width:1024px) {.fusion-title.fusion-title-2{margin-top:10px!important; margin-right:0px!important;margin-bottom:15px!important;margin-left:0px!important;}}@media only screen and (max-width:640px) {.fusion-title.fusion-title-2{margin-top:10px!important; margin-right:0px!important;margin-bottom:10px!important; margin-left:0px!important;}}<\/style><div class=\"fusion-title title fusion-title-2 fusion-sep-none fusion-title-text fusion-title-size-two\" style=\"margin-top:10px;margin-right:0px;margin-bottom:15px;margin-left:0px;\"><h2 class=\"title-heading-left\" style=\"margin:0;\"><p class=\"title-heading-center\" style=\"text-align: center;\">F\u00fchrender Spezialist f\u00fcr Custom Manufacturing und Feinchemikalien<\/p><\/h2><\/div><div class=\"fusion-text fusion-text-2\"><p style=\"text-align: center;\">Die CABB Group geh\u00f6rt zu den weltweit f\u00fchrenden Herstellern von Feinchemikalien mit einem starken Fokus auf hochreinen Produkten, die auf komplexen mehrstufigen Synthesen basieren. Bei unseren Dienstleistungen im Bereich Custom Manufacturing arbeiten wir eng mit unseren Kunden zusammen, um die einzelnen Schritte in ihrer Wertsch\u00f6pfungskette bei der Synthese von Agrochemikalien, Pharmazeutika und weiteren komplexen &#8211; in der Regel patentierten &#8211; Chemikalien weiterzuentwickeln und zu optimieren.<\/p>\n<p style=\"text-align: center;\">Dank unserer einzigartigen transatlantischen Produktionspr\u00e4senz mit modernsten Produktionsanlagen sind wir ein integraler Bestandteil der Wertsch\u00f6pfungskette unserer Kunden. Die Kunden wiederum profitieren von unserer nachgewiesenen Erfolgsbilanz bei der Umsetzung von wachstumsstarken Grossprojekten in den Bereichen Agrochemie und Life Sciences, was wiederum zu vertrauensvollen und langfristigen Partnerschaften f\u00fchrt.<\/p>\n<\/div><div class=\"fusion-separator fusion-full-width-sep\" style=\"align-self: center;margin-left: auto;margin-right: auto;margin-top:20px;width:100%;\"><\/div><style type=\"text\/css\">@media only screen and (max-width:1024px) {.fusion-title.fusion-title-3{margin-top:10px!important; margin-right:0px!important;margin-bottom:15px!important;margin-left:0px!important;}}@media only screen and (max-width:640px) {.fusion-title.fusion-title-3{margin-top:10px!important; margin-right:0px!important;margin-bottom:10px!important; margin-left:0px!important;}}<\/style><div class=\"fusion-title title fusion-title-3 fusion-sep-none fusion-title-text fusion-title-size-two\" style=\"margin-top:10px;margin-right:0px;margin-bottom:15px;margin-left:0px;\"><h2 class=\"title-heading-left\" style=\"margin:0;\"><p class=\"title-heading-center\" style=\"text-align: center;\">Kompetenz in den Bereichen Crop Sciences, Life Sciences und Performance Materials<\/p><\/h2><\/div><div class=\"fusion-text fusion-text-3\"><p style=\"text-align: center;\">Wir stellen seit Jahrzehnten Zwischenprodukte und Wirkstoffe f\u00fcr Herbizide, Pestizide und Fungizide f\u00fcr f\u00fchrende Anbieter in der Agrochemie her. Im Sektor Life Sciences spielen unsere Bausteine, Derivate und hochentwickelten Zwischenprodukte eine wesentliche Rolle bei innovativen Pharmawirkstoffen, in der K\u00f6rperpflege und bei Lebensmitteln. Im Segment der Performance Materials sind die Feinchemikalien von der CABB Group \u00e4usserst wichtig f\u00fcr High-Tech-Anwendungen im Elektronikbereich und unterst\u00fctzen so die Megatrends in der Mobilit\u00e4t und in der mobilen Kommunikation.<\/p>\n<\/div><div class=\"fusion-separator fusion-full-width-sep\" style=\"align-self: center;margin-left: auto;margin-right: auto;margin-top:20px;width:100%;\"><\/div><style type=\"text\/css\">@media only screen and (max-width:1024px) {.fusion-title.fusion-title-4{margin-top:10px!important; margin-right:0px!important;margin-bottom:15px!important;margin-left:0px!important;}}@media only screen and (max-width:640px) {.fusion-title.fusion-title-4{margin-top:10px!important; margin-right:0px!important;margin-bottom:10px!important; margin-left:0px!important;}}<\/style><div class=\"fusion-title title fusion-title-4 fusion-sep-none fusion-title-text fusion-title-size-two\" style=\"margin-top:10px;margin-right:0px;margin-bottom:15px;margin-left:0px;\"><h2 class=\"title-heading-left\" style=\"margin:0;\"><p style=\"text-align: center;\">Kontinuierlicher Verbesserung und h\u00f6chsten ESG-Standards verpflichtet<\/p><\/h2><\/div><div class=\"fusion-text fusion-text-4\"><p style=\"text-align: center;\">Die f\u00fchrende Produktionskompetenz von der CABB Group basiert auf dem eigenen Verbundsystem. Diese integrierten Produktionsst\u00e4tten bilden unsere Plattform, um spezialisierte Produkte in grossem Massstab bereitzustellen, die auf unserer hohen Prozesseffizienz basieren, einschliesslich des Recyclings von Nebenprodukten.<\/p>\n<p style=\"text-align: center;\">Unser Engagement f\u00fcr Nachhaltigkeit wird unterstrichen durch die Unterzeichnung des UN Global Compact und der Responsible Care-Initiative. Im Einklang mit unserem ganzheitlichen Verst\u00e4ndnis von Nachhaltigkeit wenden wir bei der CABB Group ein integriertes Managementsystem an. Unsere Betriebsst\u00e4tten sind nach folgenden relevanten Industriestandards zertifiziert und werden regelm\u00e4ssig auditiert: ISO 9001 (Qualit\u00e4t), ISO 14001 (Umwelt), ISO 45001 (Gesundheit und Sicherheit am Arbeitsplatz) und ISO 50001 (Energie).<\/p>\n<\/div><div class=\"fusion-separator fusion-full-width-sep\" style=\"align-self: center;margin-left: auto;margin-right: auto;margin-top:10px;width:100%;\"><\/div><\/div><style type=\"text\/css\">.fusion-body .fusion-builder-column-2{width:100% !important;margin-top : 0px;margin-bottom : 20px;}.fusion-builder-column-2 > .fusion-column-wrapper {padding-top : 15px !important;padding-right : 5% !important;margin-right : 1.92%;padding-bottom : 15px !important;padding-left : 5% !important;margin-left : 1.92%;}@media only screen and (max-width:1024px) {.fusion-body .fusion-builder-column-2{width:100% !important;}.fusion-builder-column-2 > .fusion-column-wrapper {margin-right : 1.92%;margin-left : 1.92%;}}@media only screen and (max-width:640px) {.fusion-body .fusion-builder-column-2{width:100% !important;}.fusion-builder-column-2 > .fusion-column-wrapper {margin-right : 1.92%;margin-left : 1.92%;}}<\/style><\/div><\/div><style type=\"text\/css\">.fusion-body .fusion-flex-container.fusion-builder-row-3{ padding-top : 90px;margin-top : 0px;padding-right : 0px;padding-bottom : 80px;margin-bottom : 0px;padding-left : 0px;}<\/style><\/div><div class=\"fusion-fullwidth fullwidth-box fusion-builder-row-4 fusion-flex-container nonhundred-percent-fullwidth non-hundred-percent-height-scrolling\" style=\"background-color: #f2f2f2;background-position: center center;background-repeat: no-repeat;border-width: 0px 0px 0px 0px;border-color:#e2e2e2;border-style:solid;\" ><div class=\"fusion-builder-row fusion-row fusion-flex-align-items-flex-start\" style=\"max-width:1144px;margin-left: calc(-4% \/ 2 );margin-right: calc(-4% \/ 2 );\"><div class=\"fusion-layout-column fusion_builder_column fusion-builder-column-3 fusion_builder_column_1_1 1_1 fusion-flex-column\"><div class=\"fusion-column-wrapper fusion-flex-justify-content-flex-start fusion-content-layout-column\" style=\"background-position:left top;background-repeat:no-repeat;-webkit-background-size:cover;-moz-background-size:cover;-o-background-size:cover;background-size:cover;padding: 0px 0px 0px 0px;\"><script type=\"text\/javascript\">\n    jQuery(document).ready(function () {\n        \/\/Disable cut copy paste\n        jQuery('body').bind('cut copy paste', function (e) {\n            e.preventDefault();\n        });\n        \/\/Disable mouse right click\n        jQuery(\"body\").on(\"contextmenu\",function(e){\n            return false;\n        });\n    });\n    <\/script><\/div><style type=\"text\/css\">.fusion-body .fusion-builder-column-3{width:100% !important;margin-top : 0px;margin-bottom : 0px;}.fusion-builder-column-3 > .fusion-column-wrapper {padding-top : 0px !important;padding-right : 0px !important;margin-right : 1.92%;padding-bottom : 0px !important;padding-left : 0px !important;margin-left : 1.92%;}@media only screen and (max-width:1024px) {.fusion-body .fusion-builder-column-3{width:100% !important;order : 0;}.fusion-builder-column-3 > .fusion-column-wrapper {margin-right : 1.92%;margin-left : 1.92%;}}@media only screen and (max-width:640px) {.fusion-body .fusion-builder-column-3{width:100% !important;order : 0;}.fusion-builder-column-3 > .fusion-column-wrapper {margin-right : 1.92%;margin-left : 1.92%;}}<\/style><\/div><\/div><style type=\"text\/css\">.fusion-body .fusion-flex-container.fusion-builder-row-4{ padding-top : 0px;margin-top : 0px;padding-right : 0px;padding-bottom : 0px;margin-bottom : 0px;padding-left : 0px;}<\/style><\/div>\n<\/p>\n","protected":false},"excerpt":{"rendered":"","protected":false},"author":3708,"featured_media":0,"parent":10656,"menu_order":0,"comment_status":"closed","ping_status":"closed","template":"100-width.php","meta":{"_acf_changed":false,"inline_featured_image":false,"footnotes":""},"class_list":["post-9418","page","type-page","status-publish","hentry"],"acf":[],"yoast_head":"<!-- This site is optimized with the Yoast SEO plugin v27.4 - https:\/\/yoast.com\/product\/yoast-seo-wordpress\/ -->\n<title>Spezialist f\u00fcr Feinchemikalien | Hersteller von Chemikalien<\/title>\n<meta name=\"description\" content=\"Die CABB Group ist ein Hersteller chemischer Zwischen- und Fertigprodukte. Wir sind einer der weltweit f\u00fchrenden Spezialisten f\u00fcr Feinchemikalien.\" \/>\n<meta name=\"robots\" content=\"index, follow, max-snippet:-1, max-image-preview:large, max-video-preview:-1\" \/>\n<link rel=\"canonical\" href=\"https:\/\/cabb-chemicals.com\/de\/ueber-uns\/wer-wir-sind\/unternehmensprofil\/\" \/>\n<meta property=\"og:locale\" content=\"de_DE\" \/>\n<meta property=\"og:type\" content=\"article\" \/>\n<meta property=\"og:title\" content=\"Spezialist f\u00fcr Feinchemikalien | Hersteller von Chemikalien\" \/>\n<meta property=\"og:description\" content=\"Die CABB Group ist ein Hersteller chemischer Zwischen- und Fertigprodukte. Wir sind einer der weltweit f\u00fchrenden Spezialisten f\u00fcr Feinchemikalien.\" \/>\n<meta property=\"og:url\" content=\"https:\/\/cabb-chemicals.com\/de\/ueber-uns\/wer-wir-sind\/unternehmensprofil\/\" \/>\n<meta property=\"og:site_name\" content=\"CABB Chemicals\" \/>\n<meta property=\"article:modified_time\" content=\"2026-03-12T13:11:52+00:00\" \/>\n<meta name=\"twitter:card\" content=\"summary_large_image\" \/>\n<meta name=\"twitter:label1\" content=\"Gesch\u00e4tzte Lesezeit\" \/>\n\t<meta name=\"twitter:data1\" content=\"6 Minuten\" \/>\n<script type=\"application\/ld+json\" class=\"yoast-schema-graph\">{\"@context\":\"https:\\\/\\\/schema.org\",\"@graph\":[{\"@type\":\"WebPage\",\"@id\":\"https:\\\/\\\/cabb-chemicals.com\\\/de\\\/ueber-uns\\\/wer-wir-sind\\\/unternehmensprofil\\\/\",\"url\":\"https:\\\/\\\/cabb-chemicals.com\\\/de\\\/ueber-uns\\\/wer-wir-sind\\\/unternehmensprofil\\\/\",\"name\":\"Spezialist f\u00fcr Feinchemikalien | Hersteller von Chemikalien\",\"isPartOf\":{\"@id\":\"https:\\\/\\\/cabb-chemicals.com\\\/#website\"},\"datePublished\":\"2021-02-26T00:23:24+00:00\",\"dateModified\":\"2026-03-12T13:11:52+00:00\",\"description\":\"Die CABB Group ist ein Hersteller chemischer Zwischen- und Fertigprodukte. Wir sind einer der weltweit f\u00fchrenden Spezialisten f\u00fcr Feinchemikalien.\",\"breadcrumb\":{\"@id\":\"https:\\\/\\\/cabb-chemicals.com\\\/de\\\/ueber-uns\\\/wer-wir-sind\\\/unternehmensprofil\\\/#breadcrumb\"},\"inLanguage\":\"de-DE\",\"potentialAction\":[{\"@type\":\"ReadAction\",\"target\":[\"https:\\\/\\\/cabb-chemicals.com\\\/de\\\/ueber-uns\\\/wer-wir-sind\\\/unternehmensprofil\\\/\"]}]},{\"@type\":\"BreadcrumbList\",\"@id\":\"https:\\\/\\\/cabb-chemicals.com\\\/de\\\/ueber-uns\\\/wer-wir-sind\\\/unternehmensprofil\\\/#breadcrumb\",\"itemListElement\":[{\"@type\":\"ListItem\",\"position\":1,\"name\":\"Home\",\"item\":\"https:\\\/\\\/cabb-chemicals.com\\\/de\\\/\"},{\"@type\":\"ListItem\",\"position\":2,\"name\":\"\u00dcber uns\",\"item\":\"https:\\\/\\\/cabb-chemicals.com\\\/de\\\/ueber-uns\\\/\"},{\"@type\":\"ListItem\",\"position\":3,\"name\":\"Wer wir sind\",\"item\":\"https:\\\/\\\/cabb-chemicals.com\\\/de\\\/ueber-uns\\\/wer-wir-sind\\\/\"},{\"@type\":\"ListItem\",\"position\":4,\"name\":\"Unternehmensprofil\"}]},{\"@type\":\"WebSite\",\"@id\":\"https:\\\/\\\/cabb-chemicals.com\\\/#website\",\"url\":\"https:\\\/\\\/cabb-chemicals.com\\\/\",\"name\":\"CABB Chemicals\",\"description\":\"Your Partner in Fine Chemistry\",\"potentialAction\":[{\"@type\":\"SearchAction\",\"target\":{\"@type\":\"EntryPoint\",\"urlTemplate\":\"https:\\\/\\\/cabb-chemicals.com\\\/?s={search_term_string}\"},\"query-input\":{\"@type\":\"PropertyValueSpecification\",\"valueRequired\":true,\"valueName\":\"search_term_string\"}}],\"inLanguage\":\"de-DE\"}]}<\/script>\n<!-- \/ Yoast SEO plugin. -->","yoast_head_json":{"title":"Spezialist f\u00fcr Feinchemikalien | Hersteller von Chemikalien","description":"Die CABB Group ist ein Hersteller chemischer Zwischen- und Fertigprodukte. Wir sind einer der weltweit f\u00fchrenden Spezialisten f\u00fcr Feinchemikalien.","robots":{"index":"index","follow":"follow","max-snippet":"max-snippet:-1","max-image-preview":"max-image-preview:large","max-video-preview":"max-video-preview:-1"},"canonical":"https:\/\/cabb-chemicals.com\/de\/ueber-uns\/wer-wir-sind\/unternehmensprofil\/","og_locale":"de_DE","og_type":"article","og_title":"Spezialist f\u00fcr Feinchemikalien | Hersteller von Chemikalien","og_description":"Die CABB Group ist ein Hersteller chemischer Zwischen- und Fertigprodukte. Wir sind einer der weltweit f\u00fchrenden Spezialisten f\u00fcr Feinchemikalien.","og_url":"https:\/\/cabb-chemicals.com\/de\/ueber-uns\/wer-wir-sind\/unternehmensprofil\/","og_site_name":"CABB Chemicals","article_modified_time":"2026-03-12T13:11:52+00:00","twitter_card":"summary_large_image","twitter_misc":{"Gesch\u00e4tzte Lesezeit":"6 Minuten"},"schema":{"@context":"https:\/\/schema.org","@graph":[{"@type":"WebPage","@id":"https:\/\/cabb-chemicals.com\/de\/ueber-uns\/wer-wir-sind\/unternehmensprofil\/","url":"https:\/\/cabb-chemicals.com\/de\/ueber-uns\/wer-wir-sind\/unternehmensprofil\/","name":"Spezialist f\u00fcr Feinchemikalien | Hersteller von Chemikalien","isPartOf":{"@id":"https:\/\/cabb-chemicals.com\/#website"},"datePublished":"2021-02-26T00:23:24+00:00","dateModified":"2026-03-12T13:11:52+00:00","description":"Die CABB Group ist ein Hersteller chemischer Zwischen- und Fertigprodukte. Wir sind einer der weltweit f\u00fchrenden Spezialisten f\u00fcr Feinchemikalien.","breadcrumb":{"@id":"https:\/\/cabb-chemicals.com\/de\/ueber-uns\/wer-wir-sind\/unternehmensprofil\/#breadcrumb"},"inLanguage":"de-DE","potentialAction":[{"@type":"ReadAction","target":["https:\/\/cabb-chemicals.com\/de\/ueber-uns\/wer-wir-sind\/unternehmensprofil\/"]}]},{"@type":"BreadcrumbList","@id":"https:\/\/cabb-chemicals.com\/de\/ueber-uns\/wer-wir-sind\/unternehmensprofil\/#breadcrumb","itemListElement":[{"@type":"ListItem","position":1,"name":"Home","item":"https:\/\/cabb-chemicals.com\/de\/"},{"@type":"ListItem","position":2,"name":"\u00dcber uns","item":"https:\/\/cabb-chemicals.com\/de\/ueber-uns\/"},{"@type":"ListItem","position":3,"name":"Wer wir sind","item":"https:\/\/cabb-chemicals.com\/de\/ueber-uns\/wer-wir-sind\/"},{"@type":"ListItem","position":4,"name":"Unternehmensprofil"}]},{"@type":"WebSite","@id":"https:\/\/cabb-chemicals.com\/#website","url":"https:\/\/cabb-chemicals.com\/","name":"CABB Chemicals","description":"Your Partner in Fine Chemistry","potentialAction":[{"@type":"SearchAction","target":{"@type":"EntryPoint","urlTemplate":"https:\/\/cabb-chemicals.com\/?s={search_term_string}"},"query-input":{"@type":"PropertyValueSpecification","valueRequired":true,"valueName":"search_term_string"}}],"inLanguage":"de-DE"}]}},"_links":{"self":[{"href":"https:\/\/cabb-chemicals.com\/de\/wp-json\/wp\/v2\/pages\/9418","targetHints":{"allow":["GET"]}}],"collection":[{"href":"https:\/\/cabb-chemicals.com\/de\/wp-json\/wp\/v2\/pages"}],"about":[{"href":"https:\/\/cabb-chemicals.com\/de\/wp-json\/wp\/v2\/types\/page"}],"author":[{"embeddable":true,"href":"https:\/\/cabb-chemicals.com\/de\/wp-json\/wp\/v2\/users\/3708"}],"replies":[{"embeddable":true,"href":"https:\/\/cabb-chemicals.com\/de\/wp-json\/wp\/v2\/comments?post=9418"}],"version-history":[{"count":0,"href":"https:\/\/cabb-chemicals.com\/de\/wp-json\/wp\/v2\/pages\/9418\/revisions"}],"up":[{"embeddable":true,"href":"https:\/\/cabb-chemicals.com\/de\/wp-json\/wp\/v2\/pages\/10656"}],"wp:attachment":[{"href":"https:\/\/cabb-chemicals.com\/de\/wp-json\/wp\/v2\/media?parent=9418"}],"curies":[{"name":"wp","href":"https:\/\/api.w.org\/{rel}","templated":true}]}}