{"id":9426,"date":"2021-02-26T00:23:33","date_gmt":"2021-02-26T00:23:33","guid":{"rendered":"https:\/\/cabb-chemicals.com\/alkylierung\/"},"modified":"2026-03-12T13:36:21","modified_gmt":"2026-03-12T13:36:21","slug":"alkylierung","status":"publish","type":"page","link":"https:\/\/cabb-chemicals.com\/de\/produkte-loesungen\/custom-manufacturing\/alkylierung\/","title":{"rendered":"Alkylierung"},"content":{"rendered":"<p><div class=\"fusion-fullwidth fullwidth-box fusion-builder-row-1 fusion-flex-container nonhundred-percent-fullwidth non-hundred-percent-height-scrolling\" style=\"background-color: #f9f9f9;background-position: center center;background-repeat: no-repeat;border-width: 0px 0px 0px 0px;border-color:#e2e2e2;border-style:solid;\" ><div class=\"fusion-builder-row fusion-row fusion-flex-align-items-flex-start\" style=\"max-width:1144px;margin-left: calc(-4% \/ 2 );margin-right: calc(-4% \/ 2 );\"><div class=\"fusion-layout-column fusion_builder_column fusion-builder-column-0 fusion_builder_column_1_1 1_1 fusion-flex-column\"><div class=\"fusion-column-wrapper fusion-flex-justify-content-flex-start fusion-content-layout-column\" style=\"background-position:left top;background-repeat:no-repeat;-webkit-background-size:cover;-moz-background-size:cover;-o-background-size:cover;background-size:cover;padding: 0px 0px 0px 0px;\"><style type=\"text\/css\">.fusion-breadcrumbs.fusion-breadcrumbs-1{font-size:14px;}.fusion-breadcrumbs.fusion-breadcrumbs-1 span a:hover{color:#d50b37 !important;}.fusion-breadcrumbs.fusion-breadcrumbs-1{color:#002860;}.fusion-breadcrumbs.fusion-breadcrumbs-1 a{color:#002860;}<\/style><div class=\"fusion-breadcrumbs fusion-breadcrumbs-1\"><span class=\"fusion-breadcrumb-item\"><a href=\"https:\/\/cabb-chemicals.com\/de\/\" class=\"fusion-breadcrumb-link\"><span >Home<\/span><\/a><\/span><span class=\"fusion-breadcrumb-sep\">&gt;<\/span><\/div><\/div><style type=\"text\/css\">.fusion-body .fusion-builder-column-0{width:100% !important;margin-top : 0px;margin-bottom : 0px;}.fusion-builder-column-0 > .fusion-column-wrapper {padding-top : 0px !important;padding-right : 0px !important;margin-right : 1.92%;padding-bottom : 0px !important;padding-left : 0px !important;margin-left : 1.92%;}@media only screen and (max-width:1024px) {.fusion-body .fusion-builder-column-0{width:100% !important;order : 0;}.fusion-builder-column-0 > .fusion-column-wrapper {margin-right : 1.92%;margin-left : 1.92%;}}@media only screen and (max-width:640px) {.fusion-body .fusion-builder-column-0{width:100% !important;order : 0;}.fusion-builder-column-0 > .fusion-column-wrapper {margin-right : 1.92%;margin-left : 1.92%;}}<\/style><\/div><\/div><style type=\"text\/css\">.fusion-body .fusion-flex-container.fusion-builder-row-1{ padding-top : 10px;margin-top : 0px;padding-right : 0px;padding-bottom : 10px;margin-bottom : 0px;padding-left : 0px;}<\/style><\/div>\n<div class=\"fusion-fullwidth fullwidth-box fusion-builder-row-2 fusion-flex-container nonhundred-percent-fullwidth non-hundred-percent-height-scrolling\" style=\"background-color: rgba(255,255,255,0);background-position: center center;background-repeat: no-repeat;border-width: 0px 0px 0px 0px;border-color:#e2e2e2;border-style:solid;\" ><div class=\"fusion-builder-row fusion-row fusion-flex-align-items-flex-start\" style=\"max-width:1144px;margin-left: calc(-4% \/ 2 );margin-right: calc(-4% \/ 2 );\"><div class=\"fusion-layout-column fusion_builder_column fusion-builder-column-1 fusion_builder_column_1_1 1_1 fusion-flex-column\"><div class=\"fusion-column-wrapper fusion-flex-justify-content-flex-start fusion-content-layout-column\" style=\"background-position:left top;background-repeat:no-repeat;-webkit-background-size:cover;-moz-background-size:cover;-o-background-size:cover;background-size:cover;padding: 0px 0px 0px 0px;\"><\/div><style type=\"text\/css\">.fusion-body .fusion-builder-column-1{width:100% !important;margin-top : 0px;margin-bottom : 0px;}.fusion-builder-column-1 > .fusion-column-wrapper {padding-top : 0px !important;padding-right : 0px !important;margin-right : 1.92%;padding-bottom : 0px !important;padding-left : 0px !important;margin-left : 1.92%;}@media only screen and (max-width:1024px) {.fusion-body .fusion-builder-column-1{width:100% !important;}.fusion-builder-column-1 > .fusion-column-wrapper {margin-right : 1.92%;margin-left : 1.92%;}}@media only screen and (max-width:640px) {.fusion-body .fusion-builder-column-1{width:100% !important;}.fusion-builder-column-1 > .fusion-column-wrapper {margin-right : 1.92%;margin-left : 1.92%;}}<\/style><\/div><\/div><div class=\"fusion-builder-row fusion-row fusion-flex-align-items-flex-start\" style=\"max-width:1144px;margin-left: calc(-4% \/ 2 );margin-right: calc(-4% \/ 2 );\"><\/div><style type=\"text\/css\">.fusion-body .fusion-flex-container.fusion-builder-row-2{ padding-top : 0px;margin-top : 0px;padding-right : 0px;padding-bottom : 0px;margin-bottom : 0px;padding-left : 0px;}<\/style><\/div><div class=\"fusion-fullwidth fullwidth-box fusion-builder-row-3 fusion-flex-container nonhundred-percent-fullwidth non-hundred-percent-height-scrolling\" style=\"background-color: rgba(255,255,255,0);background-position: center center;background-repeat: no-repeat;border-width: 0px 0px 0px 0px;border-color:#e2e2e2;border-style:solid;\" ><style type=\"text\/css\">.fusion-body .fusion-flex-container.fusion-builder-row-3{ padding-top : 0px;margin-top : 0px;padding-right : 0px;padding-bottom : 0px;margin-bottom : 0px;padding-left : 0px;}<\/style><\/div><div class=\"fusion-fullwidth fullwidth-box fusion-builder-row-4 fusion-flex-container nonhundred-percent-fullwidth non-hundred-percent-height-scrolling\" style=\"background-color: rgba(255,255,255,0);background-position: center center;background-repeat: no-repeat;border-width: 0px 0px 0px 0px;border-color:#e2e2e2;border-style:solid;\" ><div class=\"fusion-builder-row fusion-row fusion-flex-align-items-flex-start\" style=\"max-width:1144px;margin-left: calc(-4% \/ 2 );margin-right: calc(-4% \/ 2 );\"><div class=\"fusion-layout-column fusion_builder_column fusion-builder-column-2 fusion_builder_column_1_2 1_2 fusion-flex-column\"><div class=\"fusion-column-wrapper fusion-flex-justify-content-flex-start fusion-content-layout-column\" style=\"background-position:left top;background-repeat:no-repeat;-webkit-background-size:cover;-moz-background-size:cover;-o-background-size:cover;background-size:cover;padding: 0px 0px 0px 0px;\"><style type=\"text\/css\">@media only screen and (max-width:1024px) {.fusion-title.fusion-title-1{margin-top:10px!important; margin-right:0px!important;margin-bottom:15px!important;margin-left:0px!important;}}@media only screen and (max-width:640px) {.fusion-title.fusion-title-1{margin-top:10px!important; margin-right:0px!important;margin-bottom:10px!important; margin-left:0px!important;}}<\/style><div class=\"fusion-title title fusion-title-1 fusion-sep-none fusion-title-text fusion-title-size-two\" style=\"margin-top:10px;margin-right:0px;margin-bottom:15px;margin-left:0px;\"><h2 class=\"title-heading-left\" style=\"margin:0;\">Alkylierung: Ein klassisches Werkzeug f\u00fcr den Molek\u00fclaufbau<\/h2><\/div><\/div><style type=\"text\/css\">.fusion-body .fusion-builder-column-2{width:50% !important;margin-top : 0px;margin-bottom : 20px;}.fusion-builder-column-2 > .fusion-column-wrapper {padding-top : 0px !important;padding-right : 0px !important;margin-right : 3.84%;padding-bottom : 0px !important;padding-left : 0px !important;margin-left : 3.84%;}@media only screen and (max-width:1024px) {.fusion-body .fusion-builder-column-2{width:50% !important;}.fusion-builder-column-2 > .fusion-column-wrapper {margin-right : 3.84%;margin-left : 3.84%;}}@media only screen and (max-width:640px) {.fusion-body .fusion-builder-column-2{width:100% !important;}.fusion-builder-column-2 > .fusion-column-wrapper {margin-right : 1.92%;margin-left : 1.92%;}}<\/style><\/div><div class=\"fusion-layout-column fusion_builder_column fusion-builder-column-3 fusion_builder_column_1_2 1_2 fusion-flex-column\"><div class=\"fusion-column-wrapper fusion-flex-justify-content-flex-start fusion-content-layout-column\" style=\"background-position:left top;background-repeat:no-repeat;-webkit-background-size:cover;-moz-background-size:cover;-o-background-size:cover;background-size:cover;padding: 0px 0px 0px 0px;\"><div class=\"fusion-text fusion-text-1\"><p>Alkylierung bezeichnet die Addition eines ges\u00e4ttigten Kohlenwasserstoffs (Alkylgruppe) zu einem organischen Molek\u00fcl. Die Ausgangsverbindung der Alkylgruppe kann ein Alkylhalogenid, Alken, Dialkylsulfat oder eine beliebige Zahl anderer organischer Verbindungen sein. CABB f\u00fchrt zwei Syntheserouten durch: Alkylierung mittels Williamson-Ethersynthese und Thioalkylierung.<\/p>\n<\/div><\/div><style type=\"text\/css\">.fusion-body .fusion-builder-column-3{width:50% !important;margin-top : 0px;margin-bottom : 20px;}.fusion-builder-column-3 > .fusion-column-wrapper {padding-top : 0px !important;padding-right : 0px !important;margin-right : 3.84%;padding-bottom : 0px !important;padding-left : 0px !important;margin-left : 3.84%;}@media only screen and (max-width:1024px) {.fusion-body .fusion-builder-column-3{width:50% !important;}.fusion-builder-column-3 > .fusion-column-wrapper {margin-right : 3.84%;margin-left : 3.84%;}}@media only screen and (max-width:640px) {.fusion-body .fusion-builder-column-3{width:100% !important;}.fusion-builder-column-3 > .fusion-column-wrapper {margin-right : 1.92%;margin-left : 1.92%;}}<\/style><\/div><\/div><style type=\"text\/css\">.fusion-body .fusion-flex-container.fusion-builder-row-4{ padding-top : 40px;margin-top : 0px;padding-right : 0px;padding-bottom : 60px;margin-bottom : 0px;padding-left : 0px;}<\/style><\/div><div class=\"fusion-bg-parallax\" data-bg-align=\"center top\" data-direction=\"up\" data-mute=\"false\" data-opacity=\"100\" data-velocity=\"-0.5\" data-mobile-enabled=\"false\" data-break_parents=\"0\" data-bg-image=\"https:\/\/cabb-chemicals.com\/wp-content\/uploads\/2021\/01\/DK_EvonikCustomManufacturing_8.jpg\" data-bg-repeat=\"false\" ><\/div><div class=\"fusion-fullwidth fullwidth-box fusion-builder-row-5 fusion-flex-container fusion-parallax-up nonhundred-percent-fullwidth non-hundred-percent-height-scrolling\" style=\"background-color: rgba(255,255,255,0);background-image: url(&quot;https:\/\/cabb-chemicals.com\/wp-content\/uploads\/2021\/01\/DK_EvonikCustomManufacturing_8.jpg&quot;);background-position: center top;background-repeat: no-repeat;border-width: 0px 0px 0px 0px;border-color:#e2e2e2;border-style:solid;-webkit-background-size:cover;-moz-background-size:cover;-o-background-size:cover;background-size:cover;\" ><style type=\"text\/css\">.fusion-body .fusion-flex-container.fusion-builder-row-5{ padding-top : 0px;margin-top : 0px;padding-right : 0px;padding-bottom : 0px;margin-bottom : 0px;padding-left : 0px;}<\/style><\/div>\n<div class=\"fusion-fullwidth fullwidth-box fusion-builder-row-6 fusion-flex-container nonhundred-percent-fullwidth non-hundred-percent-height-scrolling\" style=\"background-color: rgba(255,255,255,0);background-position: center center;background-repeat: no-repeat;border-width: 0px 0px 0px 0px;border-color:#e2e2e2;border-style:solid;\" ><div class=\"fusion-builder-row fusion-row fusion-flex-align-items-flex-start\" style=\"max-width:1144px;margin-left: calc(-4% \/ 2 );margin-right: calc(-4% \/ 2 );\"><div class=\"fusion-layout-column fusion_builder_column fusion-builder-column-4 fusion_builder_column_1_2 1_2 fusion-flex-column\"><div class=\"fusion-column-wrapper fusion-flex-justify-content-flex-start fusion-content-layout-column\" style=\"background-position:left top;background-repeat:no-repeat;-webkit-background-size:cover;-moz-background-size:cover;-o-background-size:cover;background-size:cover;padding: 0px 0px 0px 0px;\"><div class=\"fusion-text fusion-text-2\"><h2>Alkylierung mittels Williamson-Ethersynthese<\/h2>\n<p>Bei der Williamson-Ethersynthese (WES) handelt es sich um eine S<sub>N<\/sub>2-Reaktion, bei der gleichzeitig die Bindung im Molek\u00fcl aufbricht, welches die Alkylgruppe liefert, und eine Bindung zwischen der Alkylgruppe und dem aufnehmenden Molek\u00fcl entsteht. Die Produktion von Anisol durch die Reaktion von Phenol und Methylchlorid ist ein gutes Beispiel f\u00fcr diese Chemie. WES kann mehrere Stunden in Anspruch nehmen und l\u00e4uft in der Regel bei 50-100\u00b0\u00a0C ab; es k\u00f6nnen jedoch auch h\u00f6here Temperaturen eingesetzt werden, damit weniger saure oder basische Verbindungen verwendet werden k\u00f6nnen.<\/p>\n<\/div><\/div><style type=\"text\/css\">.fusion-body .fusion-builder-column-4{width:50% !important;margin-top : 0px;margin-bottom : 20px;}.fusion-builder-column-4 > .fusion-column-wrapper {padding-top : 0px !important;padding-right : 0px !important;margin-right : 3.84%;padding-bottom : 0px !important;padding-left : 0px !important;margin-left : 3.84%;}@media only screen and (max-width:1024px) {.fusion-body .fusion-builder-column-4{width:50% !important;order : 0;}.fusion-builder-column-4 > .fusion-column-wrapper {margin-right : 3.84%;margin-left : 3.84%;}}@media only screen and (max-width:640px) {.fusion-body .fusion-builder-column-4{width:100% !important;order : 0;}.fusion-builder-column-4 > .fusion-column-wrapper {margin-right : 1.92%;margin-left : 1.92%;}}<\/style><\/div><div class=\"fusion-layout-column fusion_builder_column fusion-builder-column-5 fusion_builder_column_1_2 1_2 fusion-flex-column\"><div class=\"fusion-column-wrapper fusion-flex-justify-content-flex-start fusion-content-layout-column\" style=\"background-position:left top;background-repeat:no-repeat;-webkit-background-size:cover;-moz-background-size:cover;-o-background-size:cover;background-size:cover;padding: 0px 0px 0px 0px;\"><div class=\"fusion-text fusion-text-3\"><h2>Thioalkylierung<\/h2>\n<p>F\u00fcr die Thioalkylierung ist die Pr\u00e4paration von Thioethern aus Thiolen durch Addition einer Alkylgruppe zu einem Thiol erforderlich.<\/p>\n<h4>Zielmolek\u00fcl(e):<\/h4>\n<p>Benzol- und Cumolderivate<\/p>\n<h4>Vorteil von CABB:<\/h4>\n<p>Wir bieten Alkylierungskapazit\u00e4ten an allen Produktionsst\u00e4tten mit unterschiedlichen Spezialgebieten \u2013 Jayhawk und Kokkola bieten Methylierung, Pratteln wiederum hat den Schwerpunkt Chlormethylierung und Thioalkylierung. Jayhawk f\u00fchrt zudem Ethylierung, Allylierung und Benzylierung durch. Unsere Kunden profitieren von unseren bew\u00e4hrten Kompetenzen in der Verarbeitung sowie der Geruchsbeseitigung mittels thermischer Oxidierung<\/p>\n<\/div><\/div><style type=\"text\/css\">.fusion-body .fusion-builder-column-5{width:50% !important;margin-top : 0px;margin-bottom : 20px;}.fusion-builder-column-5 > .fusion-column-wrapper {padding-top : 0px !important;padding-right : 0px !important;margin-right : 3.84%;padding-bottom : 0px !important;padding-left : 0px !important;margin-left : 3.84%;}@media only screen and (max-width:1024px) {.fusion-body .fusion-builder-column-5{width:50% !important;order : 0;}.fusion-builder-column-5 > .fusion-column-wrapper {margin-right : 3.84%;margin-left : 3.84%;}}@media only screen and (max-width:640px) {.fusion-body .fusion-builder-column-5{width:100% !important;order : 0;}.fusion-builder-column-5 > .fusion-column-wrapper {margin-right : 1.92%;margin-left : 1.92%;}}<\/style><\/div><\/div><style type=\"text\/css\">.fusion-body .fusion-flex-container.fusion-builder-row-6{ padding-top : 0px;margin-top : 45px;padding-right : 0px;padding-bottom : 0px;margin-bottom : 45px;padding-left : 0px;}<\/style><\/div><div class=\"fusion-fullwidth fullwidth-box fusion-builder-row-7 fusion-flex-container nonhundred-percent-fullwidth non-hundred-percent-height-scrolling\" style=\"background-color: rgba(255,255,255,0);background-position: center center;background-repeat: no-repeat;border-width: 0px 0px 0px 0px;border-color:#e2e2e2;border-style:solid;\" ><div class=\"fusion-builder-row fusion-row fusion-flex-align-items-flex-start\" style=\"max-width:1144px;margin-left: calc(-4% \/ 2 );margin-right: calc(-4% \/ 2 );\"><div class=\"fusion-layout-column fusion_builder_column fusion-builder-column-6 fusion_builder_column_1_1 1_1 fusion-flex-column\"><div class=\"fusion-column-wrapper fusion-flex-justify-content-flex-start fusion-content-layout-column\" style=\"background-position:left top;background-repeat:no-repeat;-webkit-background-size:cover;-moz-background-size:cover;-o-background-size:cover;background-size:cover;padding: 0px 0px 0px 0px;\"><\/div><style type=\"text\/css\">.fusion-body .fusion-builder-column-6{width:100% !important;margin-top : 0px;margin-bottom : 0px;}.fusion-builder-column-6 > .fusion-column-wrapper {padding-top : 0px !important;padding-right : 0px !important;margin-right : 1.92%;padding-bottom : 0px !important;padding-left : 0px !important;margin-left : 1.92%;}@media only screen and (max-width:1024px) {.fusion-body .fusion-builder-column-6{width:100% !important;order : 0;}.fusion-builder-column-6 > .fusion-column-wrapper {margin-right : 1.92%;margin-left : 1.92%;}}@media only screen and (max-width:640px) {.fusion-body .fusion-builder-column-6{width:100% !important;order : 0;}.fusion-builder-column-6 > .fusion-column-wrapper {margin-right : 1.92%;margin-left : 1.92%;}}<\/style><\/div><\/div><style type=\"text\/css\">.fusion-body .fusion-flex-container.fusion-builder-row-7{ padding-top : 0px;margin-top : 0px;padding-right : 0px;padding-bottom : 0px;margin-bottom : 0px;padding-left : 0px;}<\/style><\/div><\/p>\n","protected":false},"excerpt":{"rendered":"","protected":false},"author":3708,"featured_media":0,"parent":9456,"menu_order":0,"comment_status":"closed","ping_status":"closed","template":"100-width.php","meta":{"_acf_changed":false,"inline_featured_image":false,"footnotes":""},"class_list":["post-9426","page","type-page","status-publish","hentry"],"acf":[],"yoast_head":"<!-- This site is optimized with the Yoast SEO plugin v27.3 - https:\/\/yoast.com\/product\/yoast-seo-wordpress\/ -->\n<title>Alkylierung | Services | L\u00f6sungen<\/title>\n<meta name=\"description\" content=\"Alkylierungsl\u00f6sungen von CABB: Unsere vielf\u00e4ltigen Services im Bereich Alkylierung sind \u00fcber unterschiedliche Standorte mit jeweils unterschiedlichen Spezialit\u00e4ten erh\u00e4ltlich.\" \/>\n<meta name=\"robots\" content=\"index, follow, max-snippet:-1, max-image-preview:large, max-video-preview:-1\" \/>\n<link rel=\"canonical\" href=\"https:\/\/cabb-chemicals.com\/de\/produkte-loesungen\/custom-manufacturing\/alkylierung\/\" \/>\n<meta property=\"og:locale\" content=\"de_DE\" \/>\n<meta property=\"og:type\" content=\"article\" \/>\n<meta property=\"og:title\" content=\"Alkylierung | Services | L\u00f6sungen\" \/>\n<meta property=\"og:description\" content=\"Alkylierungsl\u00f6sungen von CABB: Unsere vielf\u00e4ltigen Services im Bereich Alkylierung sind \u00fcber unterschiedliche Standorte mit jeweils unterschiedlichen Spezialit\u00e4ten erh\u00e4ltlich.\" \/>\n<meta property=\"og:url\" content=\"https:\/\/cabb-chemicals.com\/de\/produkte-loesungen\/custom-manufacturing\/alkylierung\/\" \/>\n<meta property=\"og:site_name\" content=\"CABB Chemicals\" \/>\n<meta property=\"article:modified_time\" content=\"2026-03-12T13:36:21+00:00\" \/>\n<meta name=\"twitter:card\" content=\"summary_large_image\" \/>\n<meta name=\"twitter:label1\" content=\"Gesch\u00e4tzte Lesezeit\" \/>\n\t<meta name=\"twitter:data1\" content=\"11 Minuten\" \/>\n<script type=\"application\/ld+json\" class=\"yoast-schema-graph\">{\"@context\":\"https:\\\/\\\/schema.org\",\"@graph\":[{\"@type\":\"WebPage\",\"@id\":\"https:\\\/\\\/cabb-chemicals.com\\\/de\\\/produkte-loesungen\\\/custom-manufacturing\\\/alkylierung\\\/\",\"url\":\"https:\\\/\\\/cabb-chemicals.com\\\/de\\\/produkte-loesungen\\\/custom-manufacturing\\\/alkylierung\\\/\",\"name\":\"Alkylierung | Services | L\u00f6sungen\",\"isPartOf\":{\"@id\":\"https:\\\/\\\/cabb-chemicals.com\\\/#website\"},\"datePublished\":\"2021-02-26T00:23:33+00:00\",\"dateModified\":\"2026-03-12T13:36:21+00:00\",\"description\":\"Alkylierungsl\u00f6sungen von CABB: Unsere vielf\u00e4ltigen Services im Bereich Alkylierung sind \u00fcber unterschiedliche Standorte mit jeweils unterschiedlichen Spezialit\u00e4ten erh\u00e4ltlich.\",\"breadcrumb\":{\"@id\":\"https:\\\/\\\/cabb-chemicals.com\\\/de\\\/produkte-loesungen\\\/custom-manufacturing\\\/alkylierung\\\/#breadcrumb\"},\"inLanguage\":\"de-DE\",\"potentialAction\":[{\"@type\":\"ReadAction\",\"target\":[\"https:\\\/\\\/cabb-chemicals.com\\\/de\\\/produkte-loesungen\\\/custom-manufacturing\\\/alkylierung\\\/\"]}]},{\"@type\":\"BreadcrumbList\",\"@id\":\"https:\\\/\\\/cabb-chemicals.com\\\/de\\\/produkte-loesungen\\\/custom-manufacturing\\\/alkylierung\\\/#breadcrumb\",\"itemListElement\":[{\"@type\":\"ListItem\",\"position\":1,\"name\":\"Home\",\"item\":\"https:\\\/\\\/cabb-chemicals.com\\\/de\\\/\"},{\"@type\":\"ListItem\",\"position\":2,\"name\":\"Produkte &#038; L\u00f6sungen\",\"item\":\"https:\\\/\\\/cabb-chemicals.com\\\/de\\\/produkte-loesungen\\\/\"},{\"@type\":\"ListItem\",\"position\":3,\"name\":\"Custom Manufacturing\",\"item\":\"https:\\\/\\\/cabb-chemicals.com\\\/de\\\/produkte-loesungen\\\/custom-manufacturing\\\/\"},{\"@type\":\"ListItem\",\"position\":4,\"name\":\"Alkylierung\"}]},{\"@type\":\"WebSite\",\"@id\":\"https:\\\/\\\/cabb-chemicals.com\\\/#website\",\"url\":\"https:\\\/\\\/cabb-chemicals.com\\\/\",\"name\":\"CABB Chemicals\",\"description\":\"Your Partner in Fine Chemistry\",\"potentialAction\":[{\"@type\":\"SearchAction\",\"target\":{\"@type\":\"EntryPoint\",\"urlTemplate\":\"https:\\\/\\\/cabb-chemicals.com\\\/?s={search_term_string}\"},\"query-input\":{\"@type\":\"PropertyValueSpecification\",\"valueRequired\":true,\"valueName\":\"search_term_string\"}}],\"inLanguage\":\"de-DE\"}]}<\/script>\n<!-- \/ Yoast SEO plugin. -->","yoast_head_json":{"title":"Alkylierung | Services | L\u00f6sungen","description":"Alkylierungsl\u00f6sungen von CABB: Unsere vielf\u00e4ltigen Services im Bereich Alkylierung sind \u00fcber unterschiedliche Standorte mit jeweils unterschiedlichen Spezialit\u00e4ten erh\u00e4ltlich.","robots":{"index":"index","follow":"follow","max-snippet":"max-snippet:-1","max-image-preview":"max-image-preview:large","max-video-preview":"max-video-preview:-1"},"canonical":"https:\/\/cabb-chemicals.com\/de\/produkte-loesungen\/custom-manufacturing\/alkylierung\/","og_locale":"de_DE","og_type":"article","og_title":"Alkylierung | Services | L\u00f6sungen","og_description":"Alkylierungsl\u00f6sungen von CABB: Unsere vielf\u00e4ltigen Services im Bereich Alkylierung sind \u00fcber unterschiedliche Standorte mit jeweils unterschiedlichen Spezialit\u00e4ten erh\u00e4ltlich.","og_url":"https:\/\/cabb-chemicals.com\/de\/produkte-loesungen\/custom-manufacturing\/alkylierung\/","og_site_name":"CABB Chemicals","article_modified_time":"2026-03-12T13:36:21+00:00","twitter_card":"summary_large_image","twitter_misc":{"Gesch\u00e4tzte Lesezeit":"11 Minuten"},"schema":{"@context":"https:\/\/schema.org","@graph":[{"@type":"WebPage","@id":"https:\/\/cabb-chemicals.com\/de\/produkte-loesungen\/custom-manufacturing\/alkylierung\/","url":"https:\/\/cabb-chemicals.com\/de\/produkte-loesungen\/custom-manufacturing\/alkylierung\/","name":"Alkylierung | Services | L\u00f6sungen","isPartOf":{"@id":"https:\/\/cabb-chemicals.com\/#website"},"datePublished":"2021-02-26T00:23:33+00:00","dateModified":"2026-03-12T13:36:21+00:00","description":"Alkylierungsl\u00f6sungen von CABB: Unsere vielf\u00e4ltigen Services im Bereich Alkylierung sind \u00fcber unterschiedliche Standorte mit jeweils unterschiedlichen Spezialit\u00e4ten erh\u00e4ltlich.","breadcrumb":{"@id":"https:\/\/cabb-chemicals.com\/de\/produkte-loesungen\/custom-manufacturing\/alkylierung\/#breadcrumb"},"inLanguage":"de-DE","potentialAction":[{"@type":"ReadAction","target":["https:\/\/cabb-chemicals.com\/de\/produkte-loesungen\/custom-manufacturing\/alkylierung\/"]}]},{"@type":"BreadcrumbList","@id":"https:\/\/cabb-chemicals.com\/de\/produkte-loesungen\/custom-manufacturing\/alkylierung\/#breadcrumb","itemListElement":[{"@type":"ListItem","position":1,"name":"Home","item":"https:\/\/cabb-chemicals.com\/de\/"},{"@type":"ListItem","position":2,"name":"Produkte &#038; L\u00f6sungen","item":"https:\/\/cabb-chemicals.com\/de\/produkte-loesungen\/"},{"@type":"ListItem","position":3,"name":"Custom Manufacturing","item":"https:\/\/cabb-chemicals.com\/de\/produkte-loesungen\/custom-manufacturing\/"},{"@type":"ListItem","position":4,"name":"Alkylierung"}]},{"@type":"WebSite","@id":"https:\/\/cabb-chemicals.com\/#website","url":"https:\/\/cabb-chemicals.com\/","name":"CABB Chemicals","description":"Your Partner in Fine Chemistry","potentialAction":[{"@type":"SearchAction","target":{"@type":"EntryPoint","urlTemplate":"https:\/\/cabb-chemicals.com\/?s={search_term_string}"},"query-input":{"@type":"PropertyValueSpecification","valueRequired":true,"valueName":"search_term_string"}}],"inLanguage":"de-DE"}]}},"_links":{"self":[{"href":"https:\/\/cabb-chemicals.com\/de\/wp-json\/wp\/v2\/pages\/9426","targetHints":{"allow":["GET"]}}],"collection":[{"href":"https:\/\/cabb-chemicals.com\/de\/wp-json\/wp\/v2\/pages"}],"about":[{"href":"https:\/\/cabb-chemicals.com\/de\/wp-json\/wp\/v2\/types\/page"}],"author":[{"embeddable":true,"href":"https:\/\/cabb-chemicals.com\/de\/wp-json\/wp\/v2\/users\/3708"}],"replies":[{"embeddable":true,"href":"https:\/\/cabb-chemicals.com\/de\/wp-json\/wp\/v2\/comments?post=9426"}],"version-history":[{"count":0,"href":"https:\/\/cabb-chemicals.com\/de\/wp-json\/wp\/v2\/pages\/9426\/revisions"}],"up":[{"embeddable":true,"href":"https:\/\/cabb-chemicals.com\/de\/wp-json\/wp\/v2\/pages\/9456"}],"wp:attachment":[{"href":"https:\/\/cabb-chemicals.com\/de\/wp-json\/wp\/v2\/media?parent=9426"}],"curies":[{"name":"wp","href":"https:\/\/api.w.org\/{rel}","templated":true}]}}