{"id":9440,"date":"2021-02-26T00:29:01","date_gmt":"2021-02-26T00:29:01","guid":{"rendered":"https:\/\/cabb-chemicals.com\/ueber-uns\/standorte\/"},"modified":"2026-03-19T10:00:03","modified_gmt":"2026-03-19T10:00:03","slug":"standorte","status":"publish","type":"page","link":"https:\/\/cabb-chemicals.com\/de\/ueber-uns\/wer-wir-sind\/standorte\/","title":{"rendered":"Standorte"},"content":{"rendered":"<p><div class=\"fusion-fullwidth fullwidth-box fusion-builder-row-1 fusion-flex-container nonhundred-percent-fullwidth non-hundred-percent-height-scrolling\" style=\"background-color: #f9f9f9;background-position: center center;background-repeat: no-repeat;border-width: 0px 0px 0px 0px;border-color:#e2e2e2;border-style:solid;\" ><div class=\"fusion-builder-row fusion-row fusion-flex-align-items-flex-start\" style=\"max-width:1144px;margin-left: calc(-4% \/ 2 );margin-right: calc(-4% \/ 2 );\"><div class=\"fusion-layout-column fusion_builder_column fusion-builder-column-0 fusion_builder_column_1_1 1_1 fusion-flex-column\"><div class=\"fusion-column-wrapper fusion-flex-justify-content-flex-start fusion-content-layout-column\" style=\"background-position:left top;background-repeat:no-repeat;-webkit-background-size:cover;-moz-background-size:cover;-o-background-size:cover;background-size:cover;padding: 0px 0px 0px 0px;\"><style type=\"text\/css\">.fusion-breadcrumbs.fusion-breadcrumbs-1{font-size:14px;}.fusion-breadcrumbs.fusion-breadcrumbs-1 span a:hover{color:#d50b37 !important;}.fusion-breadcrumbs.fusion-breadcrumbs-1{color:#002860;}.fusion-breadcrumbs.fusion-breadcrumbs-1 a{color:#002860;}<\/style><div class=\"fusion-breadcrumbs fusion-breadcrumbs-1\"><span class=\"fusion-breadcrumb-item\"><a href=\"https:\/\/cabb-chemicals.com\/de\/\" class=\"fusion-breadcrumb-link\"><span >Home<\/span><\/a><\/span><span class=\"fusion-breadcrumb-sep\">&gt;<\/span><\/div><\/div><style type=\"text\/css\">.fusion-body .fusion-builder-column-0{width:100% !important;margin-top : 0px;margin-bottom : 0px;}.fusion-builder-column-0 > .fusion-column-wrapper {padding-top : 0px !important;padding-right : 0px !important;margin-right : 1.92%;padding-bottom : 0px !important;padding-left : 0px !important;margin-left : 1.92%;}@media only screen and (max-width:1024px) {.fusion-body .fusion-builder-column-0{width:100% !important;order : 0;}.fusion-builder-column-0 > .fusion-column-wrapper {margin-right : 1.92%;margin-left : 1.92%;}}@media only screen and (max-width:640px) {.fusion-body .fusion-builder-column-0{width:100% !important;order : 0;}.fusion-builder-column-0 > .fusion-column-wrapper {margin-right : 1.92%;margin-left : 1.92%;}}<\/style><\/div><\/div><style type=\"text\/css\">.fusion-body .fusion-flex-container.fusion-builder-row-1{ padding-top : 10px;margin-top : 0px;padding-right : 0px;padding-bottom : 10px;margin-bottom : 0px;padding-left : 0px;}<\/style><\/div>\n<div class=\"fusion-fullwidth fullwidth-box fusion-builder-row-2 fusion-flex-container nonhundred-percent-fullwidth non-hundred-percent-height-scrolling fusion-custom-z-index\" style=\"background-color: rgba(255,255,255,0);background-position: center center;background-repeat: no-repeat;border-width: 0px 0px 0px 0px;border-color:#e2e2e2;border-style:solid;\" ><div class=\"fusion-builder-row fusion-row fusion-flex-align-items-flex-start\" style=\"max-width:1144px;margin-left: calc(-4% \/ 2 );margin-right: calc(-4% \/ 2 );\"><div class=\"fusion-layout-column fusion_builder_column fusion-builder-column-1 fusion_builder_column_1_1 1_1 fusion-flex-column\"><div class=\"fusion-column-wrapper fusion-flex-justify-content-flex-start fusion-content-layout-column\" style=\"background-position:left top;background-repeat:no-repeat;-webkit-background-size:cover;-moz-background-size:cover;-o-background-size:cover;background-size:cover;padding: 0px 0px 0px 0px;\"><div class=\"fusion-text fusion-text-1\" style=\"text-align:center;\"><h1 id=\"tw-target-text\" class=\"tw-data-text tw-text-large XcVN5d tw-ta\" dir=\"ltr\" data-placeholder=\"Translation\"><span lang=\"de\">Transatlantische Pr\u00e4senz f\u00fcr lokale Services und Unterst\u00fctzung<\/span><\/h1>\n<\/div><div class=\"fusion-text fusion-text-2\" style=\"text-align:center;\"><p id=\"tw-target-text\" class=\"tw-data-text tw-text-large XcVN5d tw-ta\" dir=\"ltr\" data-placeholder=\"Translation\"><span lang=\"de\">Die CABB Group betreibt f\u00fcnf Produktionsst\u00e4tten in Europa und Asien.<\/span><\/p>\n<p class=\"tw-data-text tw-text-large XcVN5d tw-ta\" dir=\"ltr\" data-placeholder=\"Translation\"><span lang=\"de\">Die Standorte in Pratteln (Schweiz) und Kokkola (Finnland) unterst\u00fctzen unsere Custom-Manufacturing-Kunden im Rahmen exklusiver langfristiger Vertr\u00e4ge. In unseren Produktionsst\u00e4tten in Gersthofen und Knapsack (Deutschland) sowie Jining (China) werden hochreine Monochloressigs\u00e4ure und ihre Derivate f\u00fcr ma\u00dfgeschneiderte Lieferkettenl\u00f6sungen produziert. <\/span><span style=\"background-color: rgba(255, 255, 255, 0); color: var(--body_typography-color); font-family: var(--body_typography-font-family); font-size: var(--body_typography-font-size); font-style: var(--body_typography-font-style,normal); font-weight: var(--body_typography-font-weight); letter-spacing: var(--body_typography-letter-spacing);\">Daneben gew\u00e4hrleistet ein Netz aus globalen Vertriebspartnern einen p\u00fcnktlichen und pers\u00f6nlichen Service.<\/span><\/p>\n<\/div><div class=\"fusion-separator fusion-full-width-sep\" style=\"align-self: center;margin-left: auto;margin-right: auto;margin-bottom:20px;width:100%;\"><\/div>\t\t<div class=\"cabb-locations-map-block\">\r\n\t\t\t<!-- generated by cabb-chemicals.com functionality extension plugin -->\r\n\t\t\t<svg class=\"cab-map-svg\" version=\"1.1\" xmlns=\"http:\/\/www.w3.org\/2000\/svg\" xmlns:xlink=\"http:\/\/www.w3.org\/1999\/xlink\" viewBox=\"0 0 1200 808\">\r\n\t\t\t\t<image width=\"1200\" height=\"611\" xlink:href=\"\/wp-content\/uploads\/2026\/03\/CABB-Global-Presence-2026.png\">\r\n\t\t\t\t<\/image>\r\n\t\t\t\t<rect class=\"cab-map-svg-range cab-map-gersthofen-germany\" data-loc-data-id=\"ld_gersthofen_germany\" fill=\"#fff\" opacity=\"0\" height=\"18\" y=\"219\" x=\"443\" width=\"145\"><\/rect>\r\n\t\t\t\t<rect class=\"cab-map-svg-range cab-map-knapsack-germany\" data-loc-data-id=\"ld_knapsack_germany\" fill=\"#fff\" opacity=\"0\" height=\"18\" x=\"304\" width=\"139\" y=\"206\"><\/rect>\r\n\t\t\t\t<rect class=\"cab-map-svg-range cab-map-pratteln-switzerland\" data-loc-data-id=\"ld_pratteln_switzerland\" fill=\"#fff\" opacity=\"0\" height=\"18\" width=\"139\" x=\"304\" y=\"228\"><\/rect>\r\n\t\t\t\t\t\t\t\t<rect class=\"cab-map-svg-range cab-map-kokkola-finland\" data-loc-data-id=\"ld_kokkola_finland\" fill=\"#fff\" opacity=\"0\" height=\"18\" y=\"170\" x=\"473\" width=\"120\"><\/rect>\r\n\t\t\t\t<rect class=\"cab-map-svg-range cab-map-jining-china\" data-loc-data-id=\"ld_jining_china\" fill=\"#fff\" opacity=\"0\" height=\"18\" y=\"260\" x=\"663\" width=\"100\"><\/rect>\r\n\t\t\t<\/svg>\r\n\t\t\t\t\t\t\t<div class=\"cab-map-loc-content\" id=\"ld_gersthofen_germany\">\r\n\t\t\t\t\t<div class=\"cab-map-loc-close-btn\">&#10006;<\/div>\r\n\t\t\t\t\t<div class=\"cab-map-loc-content-description\">\r\n\t\t\t\t\t\t\r\n\t\t\t\t\t\tUnser deutscher Standort ist ein integrierter Produktionsbetrieb auf der Grundlage einer Chlormembranelektrolyse. In der N\u00e4he von Augsburg in Bayern gelegen, bietet er eine der technologisch fortschrittlichsten MCA-Anlagen der Welt und ist ein Produzent von hochreinen Spezialit\u00e4ten wie DCA, DCAC, Glykols\u00e4ure, etc. <br \/>\r\nEingebunden in einen gro\u00dfen Industriepark, besch\u00e4ftigt der Standort Gersthofen rund 210 Mitarbeitende.\t\t\t\t\t<\/div>\r\n\t\t\t\t\t<div class=\"cab-map-loc-content-technologies\">\r\n\t\t\t\t\t\t<h3>Schl\u00fcsseltechnologien<\/h3>\r\n\t\t\t\t\t\tChlorierung, Hydrierung, Veresterung und Oxidation\t\t\t\t\t<\/div>\r\n\t\t\t\t\t<div class=\"cab-map-loc-content-adress\">\r\n\t\t\t\t\t\t<h3>Adresse<\/h3>\r\n\t\t\t\t\t\tCABB GMBH<br \/>\r\nLudwig-Hermann-Stra\u00dfe 100<br \/>\r\n86368 Gersthofen<br \/>\r\nDEUTSCHLAND\t\t\t\t\t<\/div>\r\n\t\t\t\t<\/div>\r\n\t\t\t\t\t\t\t<div class=\"cab-map-loc-content\" id=\"ld_knapsack_germany\">\r\n\t\t\t\t\t<div class=\"cab-map-loc-close-btn\">&#10006;<\/div>\r\n\t\t\t\t\t<div class=\"cab-map-loc-content-description\">\r\n\t\t\t\t\t\t\r\n\t\t\t\t\t\tIm Zentrum der europ\u00e4ischen Chemieindustrie bei K\u00f6ln und in der N\u00e4he wichtiger logistischer Knotenpunkte, besch\u00e4ftigt der Standort Knapsack rund 90 Mitarbeitende. <br \/>\r\nDieser Standort hat eine der weltweit gr\u00f6\u00dften und effizientesten Anlagen f\u00fcr MCA und SMCA.\t\t\t\t\t<\/div>\r\n\t\t\t\t\t<div class=\"cab-map-loc-content-technologies\">\r\n\t\t\t\t\t\t<h3>Schl\u00fcsseltechnologien<\/h3>\r\n\t\t\t\t\t\tChlorierung und Hydrierung\t\t\t\t\t<\/div>\r\n\t\t\t\t\t<div class=\"cab-map-loc-content-adress\">\r\n\t\t\t\t\t\t<h3>Adresse<\/h3>\r\n\t\t\t\t\t\tCABB GMBH<br \/>\r\nChemiepark Knapsack<br \/>\r\nIndustriestra\u00dfe 300<br \/>\r\n50351 H\u00fcrth<br \/>\r\nDEUTSCHLAND\t\t\t\t\t<\/div>\r\n\t\t\t\t<\/div>\r\n\t\t\t\t\t\t\t<div class=\"cab-map-loc-content\" id=\"ld_pratteln_switzerland\">\r\n\t\t\t\t\t<div class=\"cab-map-loc-close-btn\">&#10006;<\/div>\r\n\t\t\t\t\t<div class=\"cab-map-loc-content-description\">\r\n\t\t\t\t\t\t\r\n\t\t\t\t\t\tUnser Schweizer Standort ist ein \u00abVerbund\u00bb und spezialisiert auf komplexe Feinchemie auf Chlorbasis. Er bietet Exklusivsynthese, Spezialit\u00e4ten, Zwischenprodukte und Basis-chemikalien f\u00fcr Crop Sciences, Life Sciences und Performance Materials an. Der gr\u00f6\u00dfte Produktionsstandort von CABB ist r\u00fcckw\u00e4rtsintegriert in Reagenzien und Zwischenprodukte. <br \/>\r\nDer Standort Pratteln ist seit 1972 in der Auftragsfertigung t\u00e4tig und besch\u00e4ftigt derzeit rund 400 Mitarbeitende.\t\t\t\t\t<\/div>\r\n\t\t\t\t\t<div class=\"cab-map-loc-content-technologies\">\r\n\t\t\t\t\t\t<h3>Schl\u00fcsseltechnologien<\/h3>\r\n\t\t\t\t\t\tChlorierung (Chlor und Thionylchlorid), Oxidation (Cl2 und H2O2), Sulfochlorierung (Chlorsulfons\u00e4ure), Alkylierung (Methylierung, Thioalkylierung und Chlormethylierung)\t\t\t\t\t<\/div>\r\n\t\t\t\t\t<div class=\"cab-map-loc-content-adress\">\r\n\t\t\t\t\t\t<h3>Adresse<\/h3>\r\n\t\t\t\t\t\tCABB AG<br \/>\r\nD\u00fcngerstrasse 81<br \/>\r\nPost Box 1964<br \/>\r\n4133 Pratteln<br \/>\r\nSCHWEIZ\t\t\t\t\t<\/div>\r\n\t\t\t\t<\/div>\r\n\t\t\t\t\t\t\t<div class=\"cab-map-loc-content\" id=\"ld_galena_usa\">\r\n\t\t\t\t\t<div class=\"cab-map-loc-close-btn\">&#10006;<\/div>\r\n\t\t\t\t\t<div class=\"cab-map-loc-content-description\">\r\n\t\t\t\t\t\t\r\n\t\t\t\t\t\tAn unserem US-Standort werden komplexe mehrstufige Batch-Prozesse vom Laborma\u00dfstab \u00fcber die Pilotanlage bis hin zum kommerziellen Ma\u00dfstab durchgef\u00fchrt. Dieser Produktions-betrieb konzentriert sich auf die Synthese von fortschrittlichen Zwischenprodukten und Wirkstoffen f\u00fcr die M\u00e4rkte Crop Sciences, Spezialit\u00e4ten und Life Science gem\u00e4\u00df cGMP-Standards, FIFRA und FDA-Zulassungen unter Verwendung hochautomatisierter Anlagen. Am US-Standort werden auch spezielle Anhydride mit dem Flaggschiffprodukt BTDA hergestellt. <br \/>\r\nAm Standort Galena sind rund 125 Mitarbeitende besch\u00e4ftigt.\t\t\t\t\t<\/div>\r\n\t\t\t\t\t<div class=\"cab-map-loc-content-technologies\">\r\n\t\t\t\t\t\t<h3>Schl\u00fcsseltechnologien<\/h3>\r\n\t\t\t\t\t\tAlkylierung, Azo- und Grignard-Chemie, heterocyclische Synthese, Hydrierung und Oxidation, Suzuki-Kupplung, Phosphorchemie und Formylierung\t\t\t\t\t<\/div>\r\n\t\t\t\t\t<div class=\"cab-map-loc-content-adress\">\r\n\t\t\t\t\t\t<h3>Adresse<\/h3>\r\n\t\t\t\t\t\tJAYHAWK FINE CHEMICALS CORPORATION<br \/>\r\n8545 SE Jayhawk Drive<br \/>\r\nGalena, Kansas 66739<br \/>\r\nUSA\t\t\t\t\t<\/div>\r\n\t\t\t\t<\/div>\r\n\t\t\t\t\t\t\t<div class=\"cab-map-loc-content\" id=\"ld_kokkola_finland\">\r\n\t\t\t\t\t<div class=\"cab-map-loc-close-btn\">&#10006;<\/div>\r\n\t\t\t\t\t<div class=\"cab-map-loc-content-description\">\r\n\t\t\t\t\t\t\r\n\t\t\t\t\t\tUnser finnischer Standort konzentriert sich auf die gro\u00dfvolumige Synthese von anspruchsvollen Zwischenprodukten und Wirkstoffen f\u00fcr den Bereich Crop Sciences. In dieser hochautomatisierten Custom Manufacturing Produktionsst\u00e4tte werden in sechs Produktionsstrassen mehrstufige Batch-Prozesse durchgef\u00fchrt. <br \/>\r\nDieses Powerhouse f\u00fcr die Herstellung von Agrochemikalien wurde 1984 in Betrieb genommen und besch\u00e4ftigt derzeit rund 250 Mitarbeitende.\t\t\t\t\t<\/div>\r\n\t\t\t\t\t<div class=\"cab-map-loc-content-technologies\">\r\n\t\t\t\t\t\t<h3>Schl\u00fcsseltechnologien<\/h3>\r\n\t\t\t\t\t\tChlorierung (Cl2), Bromierung (Br2), Friedel-Crafts-Acylierung, Lithiierung (BuLi), Grignard, Suzuki, Oxidation (Cl2 und H2O2), Hydrierung (H2) und \u00fcbelriechende Chemie (Mercaptane)\t\t\t\t\t<\/div>\r\n\t\t\t\t\t<div class=\"cab-map-loc-content-adress\">\r\n\t\t\t\t\t\t<h3>Adresse<\/h3>\r\n\t\t\t\t\t\tCABB OY<br \/>\r\nKemirantie 1<br \/>\r\nFI-67900 Kokkola<br \/>\r\nFINLAND\t\t\t\t\t<\/div>\r\n\t\t\t\t<\/div>\r\n\t\t\t\t\t\t\t<div class=\"cab-map-loc-content\" id=\"ld_jining_china\">\r\n\t\t\t\t\t<div class=\"cab-map-loc-close-btn\">&#10006;<\/div>\r\n\t\t\t\t\t<div class=\"cab-map-loc-content-description\">\r\n\t\t\t\t\t\t\r\n\t\t\t\t\t\tUnsere chinesische Produktionsst\u00e4tte f\u00fcr MCA & SMCA.\t\t\t\t\t<\/div>\r\n\t\t\t\t\t<div class=\"cab-map-loc-content-technologies\">\r\n\t\t\t\t\t\t<h3>Schl\u00fcsseltechnologien<\/h3>\r\n\t\t\t\t\t\tHydrierung und Kristallisation\t\t\t\t\t<\/div>\r\n\t\t\t\t\t<div class=\"cab-map-loc-content-adress\">\r\n\t\t\t\t\t\t<h3>Adresse<\/h3>\r\n\t\t\t\t\t\tCABB JINWEI SPECIALTY CHEMICALS (JINING) CO. LTD.<br \/>\r\nLuwa Industrial Park, Zhanghuang town,<br \/>\r\nYutai county, Shandong Province<br \/>\r\nJining City \u2013 272 300<br \/>\r\nCHINA\t\t\t\t\t<\/div>\r\n\t\t\t\t<\/div>\r\n\t\t\t\t\t<\/div>\r\n\t\t<\/div><style type=\"text\/css\">.fusion-body .fusion-builder-column-1{width:100% !important;margin-top : 0px;margin-bottom : 0px;}.fusion-builder-column-1 > .fusion-column-wrapper {padding-top : 0px !important;padding-right : 0px !important;margin-right : 1.92%;padding-bottom : 0px !important;padding-left : 0px !important;margin-left : 1.92%;}@media only screen and (max-width:1024px) {.fusion-body .fusion-builder-column-1{width:100% !important;order : 0;}.fusion-builder-column-1 > .fusion-column-wrapper {margin-right : 1.92%;margin-left : 1.92%;}}@media only screen and (max-width:640px) {.fusion-body .fusion-builder-column-1{width:100% !important;order : 0;}.fusion-builder-column-1 > .fusion-column-wrapper {margin-right : 1.92%;margin-left : 1.92%;}}<\/style><\/div><\/div><style type=\"text\/css\">.fusion-fullwidth.fusion-builder-row-2 { z-index:100 !important; }.fusion-body .fusion-flex-container.fusion-builder-row-2{ padding-top : 0px;margin-top : 40px;padding-right : 0px;padding-bottom : 0px;margin-bottom : 0px;padding-left : 0px;}<\/style><\/div><\/p>\n","protected":false},"excerpt":{"rendered":"","protected":false},"author":3708,"featured_media":0,"parent":10656,"menu_order":0,"comment_status":"closed","ping_status":"closed","template":"100-width.php","meta":{"_acf_changed":false,"inline_featured_image":false,"footnotes":""},"class_list":["post-9440","page","type-page","status-publish","hentry"],"acf":[],"yoast_head":"<!-- This site is optimized with the Yoast SEO plugin v27.3 - https:\/\/yoast.com\/product\/yoast-seo-wordpress\/ -->\n<title>Standorte - CABB Chemicals<\/title>\n<meta name=\"robots\" content=\"index, follow, max-snippet:-1, max-image-preview:large, max-video-preview:-1\" \/>\n<link rel=\"canonical\" href=\"https:\/\/cabb-chemicals.com\/de\/ueber-uns\/wer-wir-sind\/standorte\/\" \/>\n<meta property=\"og:locale\" content=\"de_DE\" \/>\n<meta property=\"og:type\" content=\"article\" \/>\n<meta property=\"og:title\" content=\"Standorte - CABB Chemicals\" \/>\n<meta property=\"og:url\" content=\"https:\/\/cabb-chemicals.com\/de\/ueber-uns\/wer-wir-sind\/standorte\/\" \/>\n<meta property=\"og:site_name\" content=\"CABB Chemicals\" \/>\n<meta property=\"article:modified_time\" content=\"2026-03-19T10:00:03+00:00\" \/>\n<meta name=\"twitter:card\" content=\"summary_large_image\" \/>\n<meta name=\"twitter:label1\" content=\"Gesch\u00e4tzte Lesezeit\" \/>\n\t<meta name=\"twitter:data1\" content=\"3 Minuten\" \/>\n<script type=\"application\/ld+json\" class=\"yoast-schema-graph\">{\"@context\":\"https:\\\/\\\/schema.org\",\"@graph\":[{\"@type\":\"WebPage\",\"@id\":\"https:\\\/\\\/cabb-chemicals.com\\\/de\\\/ueber-uns\\\/wer-wir-sind\\\/standorte\\\/\",\"url\":\"https:\\\/\\\/cabb-chemicals.com\\\/de\\\/ueber-uns\\\/wer-wir-sind\\\/standorte\\\/\",\"name\":\"Standorte - CABB Chemicals\",\"isPartOf\":{\"@id\":\"https:\\\/\\\/cabb-chemicals.com\\\/#website\"},\"datePublished\":\"2021-02-26T00:29:01+00:00\",\"dateModified\":\"2026-03-19T10:00:03+00:00\",\"breadcrumb\":{\"@id\":\"https:\\\/\\\/cabb-chemicals.com\\\/de\\\/ueber-uns\\\/wer-wir-sind\\\/standorte\\\/#breadcrumb\"},\"inLanguage\":\"de-DE\",\"potentialAction\":[{\"@type\":\"ReadAction\",\"target\":[\"https:\\\/\\\/cabb-chemicals.com\\\/de\\\/ueber-uns\\\/wer-wir-sind\\\/standorte\\\/\"]}]},{\"@type\":\"BreadcrumbList\",\"@id\":\"https:\\\/\\\/cabb-chemicals.com\\\/de\\\/ueber-uns\\\/wer-wir-sind\\\/standorte\\\/#breadcrumb\",\"itemListElement\":[{\"@type\":\"ListItem\",\"position\":1,\"name\":\"Home\",\"item\":\"https:\\\/\\\/cabb-chemicals.com\\\/de\\\/\"},{\"@type\":\"ListItem\",\"position\":2,\"name\":\"\u00dcber uns\",\"item\":\"https:\\\/\\\/cabb-chemicals.com\\\/de\\\/ueber-uns\\\/\"},{\"@type\":\"ListItem\",\"position\":3,\"name\":\"Wer wir sind\",\"item\":\"https:\\\/\\\/cabb-chemicals.com\\\/de\\\/ueber-uns\\\/wer-wir-sind\\\/\"},{\"@type\":\"ListItem\",\"position\":4,\"name\":\"Standorte\"}]},{\"@type\":\"WebSite\",\"@id\":\"https:\\\/\\\/cabb-chemicals.com\\\/#website\",\"url\":\"https:\\\/\\\/cabb-chemicals.com\\\/\",\"name\":\"CABB Chemicals\",\"description\":\"Your Partner in Fine Chemistry\",\"potentialAction\":[{\"@type\":\"SearchAction\",\"target\":{\"@type\":\"EntryPoint\",\"urlTemplate\":\"https:\\\/\\\/cabb-chemicals.com\\\/?s={search_term_string}\"},\"query-input\":{\"@type\":\"PropertyValueSpecification\",\"valueRequired\":true,\"valueName\":\"search_term_string\"}}],\"inLanguage\":\"de-DE\"}]}<\/script>\n<!-- \/ Yoast SEO plugin. -->","yoast_head_json":{"title":"Standorte - CABB Chemicals","robots":{"index":"index","follow":"follow","max-snippet":"max-snippet:-1","max-image-preview":"max-image-preview:large","max-video-preview":"max-video-preview:-1"},"canonical":"https:\/\/cabb-chemicals.com\/de\/ueber-uns\/wer-wir-sind\/standorte\/","og_locale":"de_DE","og_type":"article","og_title":"Standorte - CABB Chemicals","og_url":"https:\/\/cabb-chemicals.com\/de\/ueber-uns\/wer-wir-sind\/standorte\/","og_site_name":"CABB Chemicals","article_modified_time":"2026-03-19T10:00:03+00:00","twitter_card":"summary_large_image","twitter_misc":{"Gesch\u00e4tzte Lesezeit":"3 Minuten"},"schema":{"@context":"https:\/\/schema.org","@graph":[{"@type":"WebPage","@id":"https:\/\/cabb-chemicals.com\/de\/ueber-uns\/wer-wir-sind\/standorte\/","url":"https:\/\/cabb-chemicals.com\/de\/ueber-uns\/wer-wir-sind\/standorte\/","name":"Standorte - CABB Chemicals","isPartOf":{"@id":"https:\/\/cabb-chemicals.com\/#website"},"datePublished":"2021-02-26T00:29:01+00:00","dateModified":"2026-03-19T10:00:03+00:00","breadcrumb":{"@id":"https:\/\/cabb-chemicals.com\/de\/ueber-uns\/wer-wir-sind\/standorte\/#breadcrumb"},"inLanguage":"de-DE","potentialAction":[{"@type":"ReadAction","target":["https:\/\/cabb-chemicals.com\/de\/ueber-uns\/wer-wir-sind\/standorte\/"]}]},{"@type":"BreadcrumbList","@id":"https:\/\/cabb-chemicals.com\/de\/ueber-uns\/wer-wir-sind\/standorte\/#breadcrumb","itemListElement":[{"@type":"ListItem","position":1,"name":"Home","item":"https:\/\/cabb-chemicals.com\/de\/"},{"@type":"ListItem","position":2,"name":"\u00dcber uns","item":"https:\/\/cabb-chemicals.com\/de\/ueber-uns\/"},{"@type":"ListItem","position":3,"name":"Wer wir sind","item":"https:\/\/cabb-chemicals.com\/de\/ueber-uns\/wer-wir-sind\/"},{"@type":"ListItem","position":4,"name":"Standorte"}]},{"@type":"WebSite","@id":"https:\/\/cabb-chemicals.com\/#website","url":"https:\/\/cabb-chemicals.com\/","name":"CABB Chemicals","description":"Your Partner in Fine Chemistry","potentialAction":[{"@type":"SearchAction","target":{"@type":"EntryPoint","urlTemplate":"https:\/\/cabb-chemicals.com\/?s={search_term_string}"},"query-input":{"@type":"PropertyValueSpecification","valueRequired":true,"valueName":"search_term_string"}}],"inLanguage":"de-DE"}]}},"_links":{"self":[{"href":"https:\/\/cabb-chemicals.com\/de\/wp-json\/wp\/v2\/pages\/9440","targetHints":{"allow":["GET"]}}],"collection":[{"href":"https:\/\/cabb-chemicals.com\/de\/wp-json\/wp\/v2\/pages"}],"about":[{"href":"https:\/\/cabb-chemicals.com\/de\/wp-json\/wp\/v2\/types\/page"}],"author":[{"embeddable":true,"href":"https:\/\/cabb-chemicals.com\/de\/wp-json\/wp\/v2\/users\/3708"}],"replies":[{"embeddable":true,"href":"https:\/\/cabb-chemicals.com\/de\/wp-json\/wp\/v2\/comments?post=9440"}],"version-history":[{"count":0,"href":"https:\/\/cabb-chemicals.com\/de\/wp-json\/wp\/v2\/pages\/9440\/revisions"}],"up":[{"embeddable":true,"href":"https:\/\/cabb-chemicals.com\/de\/wp-json\/wp\/v2\/pages\/10656"}],"wp:attachment":[{"href":"https:\/\/cabb-chemicals.com\/de\/wp-json\/wp\/v2\/media?parent=9440"}],"curies":[{"name":"wp","href":"https:\/\/api.w.org\/{rel}","templated":true}]}}